{"id":7049,"date":"2025-06-28T18:13:19","date_gmt":"2025-06-28T16:13:19","guid":{"rendered":"https:\/\/uj.adatbank.ro\/lexikon\/termek\/dosa-mihaly-makfalvi-3\/"},"modified":"2025-06-28T18:13:19","modified_gmt":"2025-06-28T16:13:19","slug":"dosa-mihaly-makfalvi-3","status":"publish","type":"product","link":"https:\/\/uj.adatbank.ro\/lexikon\/termek\/dosa-mihaly-makfalvi-3\/","title":{"rendered":"D\u00d3SA Mih\u00e1ly, makfalvi"},"content":{"rendered":"<p>? \u2020\u00a0? : Marossz\u00e9k alkir\u00e1lybir\u00f3ja \u00e9s k\u00f6vete. \u2013 Ezen a n\u00e9ven a negyedik, Mih\u00e1ly \u00e9s somogyomi Tordai Borb\u00e1la fia. \u2013 R\u00e9szt vett a mv.-i gen. congregation (1718. m\u00e1j. 23.), Marossz\u00e9k alkir\u00e1lyb\u00edr\u00f3ja (1743) \u00e9s k\u00f6vete lett (1744). K\u00f6lts\u00e9g\u00e9n \u00e9p\u00fclt a ny\u00e1rdselyei r. k. templom (1722). \u00c1ldozatos lelkesed\u00e9ssel j\u00e1rult a mv.-i Ref. Koll. \u00e9p\u00edttet\u00e9s\u00e9hez, valamint Marossz\u00e9k h\u00e1z\u00e1nak \u00fajj\u00e1\u00e9p\u00edt\u00e9s\u00e9hez (1746. \u00e1pr. 13-\u00e1n k\u00e9sz\u00fclt el); \u00e1tk\u00f6lt\u00f6ztette az \u00e9p\u00fcletbe Ny\u00e1r\u00e1dszered\u00e1b\u00f3l a sz\u00e9k k\u00f6zpontj\u00e1t. <br \/><strong>Irod.:<\/strong> Id\u0151t\u00e1r 1; Kr\u00f3n. F\u00fcz. (1940. 4\/10.); P\u00e1l-Antal 2002; P\u00e1lmay; Sepsisz\u00e9ki<\/br><\/p>\n","protected":false},"excerpt":{"rendered":"<p>? \u2020\u00a0? : Marossz\u00e9k alkir\u00e1lybir\u00f3ja \u00e9s k\u00f6vete. \u2013 Ezen a n\u00e9ven a negyedik, Mih\u00e1ly \u00e9s somogyomi Tordai Borb\u00e1la fia. \u2013 R\u00e9szt vett a mv.-i gen. congregation (1718. m\u00e1j. 23.), Marossz\u00e9k alkir\u00e1lyb\u00edr\u00f3ja (1743) \u00e9s k\u00f6vete lett (1744). K\u00f6lts\u00e9g\u00e9n \u00e9p\u00fclt a ny\u00e1rdselyei r. k. templom (1722). \u00c1ldozatos lelkesed\u00e9ssel j\u00e1rult a mv.-i Ref. Koll. \u00e9p\u00edttet\u00e9s\u00e9hez, valamint Marossz\u00e9k h\u00e1z\u00e1nak [&hellip;]<\/p>\n","protected":false},"featured_media":0,"comment_status":"open","ping_status":"closed","template":"","meta":[],"product_brand":[],"product_cat":[137],"product_tag":[],"class_list":{"0":"post-7049","1":"product","2":"type-product","3":"status-publish","5":"product_cat-maros-megyei-eletrajzi-lexikon","7":"first","8":"instock","9":"shipping-taxable","10":"product-type-simple"},"_links":{"self":[{"href":"https:\/\/uj.adatbank.ro\/lexikon\/wp-json\/wp\/v2\/product\/7049","targetHints":{"allow":["GET"]}}],"collection":[{"href":"https:\/\/uj.adatbank.ro\/lexikon\/wp-json\/wp\/v2\/product"}],"about":[{"href":"https:\/\/uj.adatbank.ro\/lexikon\/wp-json\/wp\/v2\/types\/product"}],"replies":[{"embeddable":true,"href":"https:\/\/uj.adatbank.ro\/lexikon\/wp-json\/wp\/v2\/comments?post=7049"}],"wp:attachment":[{"href":"https:\/\/uj.adatbank.ro\/lexikon\/wp-json\/wp\/v2\/media?parent=7049"}],"wp:term":[{"taxonomy":"product_brand","embeddable":true,"href":"https:\/\/uj.adatbank.ro\/lexikon\/wp-json\/wp\/v2\/product_brand?post=7049"},{"taxonomy":"product_cat","embeddable":true,"href":"https:\/\/uj.adatbank.ro\/lexikon\/wp-json\/wp\/v2\/product_cat?post=7049"},{"taxonomy":"product_tag","embeddable":true,"href":"https:\/\/uj.adatbank.ro\/lexikon\/wp-json\/wp\/v2\/product_tag?post=7049"}],"curies":[{"name":"wp","href":"https:\/\/api.w.org\/{rel}","templated":true}]}}