{"id":7050,"date":"2025-06-28T18:13:20","date_gmt":"2025-06-28T16:13:20","guid":{"rendered":"https:\/\/uj.adatbank.ro\/lexikon\/termek\/dosa-mihaly-makfalvi-4\/"},"modified":"2025-06-28T18:13:20","modified_gmt":"2025-06-28T16:13:20","slug":"dosa-mihaly-makfalvi-4","status":"publish","type":"product","link":"https:\/\/uj.adatbank.ro\/lexikon\/termek\/dosa-mihaly-makfalvi-4\/","title":{"rendered":"D\u00d3SA Mih\u00e1ly, makfalvi"},"content":{"rendered":"<p>? \u2020 ? : f\u00f6ldbirtokos. \u2013 Feles\u00e9ge: Gr. Bethlen Julianna. Le\u00e1nya: \u00c1gnes \u00e9s Anna. \u00c1gnesTelekin\u00e9 paszmosi Teleki Ferencnek a k\u00f6lt\u0151nek, Anna G\u00e1l J\u00e1nosn\u00e9 pedig a t\u00f6rt\u00e9nelmi buv\u00e1r G\u00e1l L\u00e1szl\u00f3, f\u0151korm. tan\u00e1csosnak volt az anyja. Ez ut\u00f3bbi egyszersmind az erd\u00e9lyi szin\u00e9szet egyik f\u0151-p\u00e1rtfog\u00f3ja. <br \/><strong>Irod.:<\/strong> Nagy Iv\u00e1n<\/br><\/p>\n","protected":false},"excerpt":{"rendered":"<p>? \u2020 ? : f\u00f6ldbirtokos. \u2013 Feles\u00e9ge: Gr. Bethlen Julianna. Le\u00e1nya: \u00c1gnes \u00e9s Anna. \u00c1gnesTelekin\u00e9 paszmosi Teleki Ferencnek a k\u00f6lt\u0151nek, Anna G\u00e1l J\u00e1nosn\u00e9 pedig a t\u00f6rt\u00e9nelmi buv\u00e1r G\u00e1l L\u00e1szl\u00f3, f\u0151korm. tan\u00e1csosnak volt az anyja. Ez ut\u00f3bbi egyszersmind az erd\u00e9lyi szin\u00e9szet egyik f\u0151-p\u00e1rtfog\u00f3ja. Irod.: Nagy Iv\u00e1n<\/p>\n","protected":false},"featured_media":0,"comment_status":"open","ping_status":"closed","template":"","meta":[],"product_brand":[],"product_cat":[137],"product_tag":[],"class_list":{"0":"post-7050","1":"product","2":"type-product","3":"status-publish","5":"product_cat-maros-megyei-eletrajzi-lexikon","7":"first","8":"instock","9":"shipping-taxable","10":"product-type-simple"},"_links":{"self":[{"href":"https:\/\/uj.adatbank.ro\/lexikon\/wp-json\/wp\/v2\/product\/7050","targetHints":{"allow":["GET"]}}],"collection":[{"href":"https:\/\/uj.adatbank.ro\/lexikon\/wp-json\/wp\/v2\/product"}],"about":[{"href":"https:\/\/uj.adatbank.ro\/lexikon\/wp-json\/wp\/v2\/types\/product"}],"replies":[{"embeddable":true,"href":"https:\/\/uj.adatbank.ro\/lexikon\/wp-json\/wp\/v2\/comments?post=7050"}],"wp:attachment":[{"href":"https:\/\/uj.adatbank.ro\/lexikon\/wp-json\/wp\/v2\/media?parent=7050"}],"wp:term":[{"taxonomy":"product_brand","embeddable":true,"href":"https:\/\/uj.adatbank.ro\/lexikon\/wp-json\/wp\/v2\/product_brand?post=7050"},{"taxonomy":"product_cat","embeddable":true,"href":"https:\/\/uj.adatbank.ro\/lexikon\/wp-json\/wp\/v2\/product_cat?post=7050"},{"taxonomy":"product_tag","embeddable":true,"href":"https:\/\/uj.adatbank.ro\/lexikon\/wp-json\/wp\/v2\/product_tag?post=7050"}],"curies":[{"name":"wp","href":"https:\/\/api.w.org\/{rel}","templated":true}]}}