{"id":7053,"date":"2025-06-28T18:13:26","date_gmt":"2025-06-28T16:13:26","guid":{"rendered":"https:\/\/uj.adatbank.ro\/lexikon\/termek\/dosa-peter-makfalvi\/"},"modified":"2025-06-28T18:13:26","modified_gmt":"2025-06-28T16:13:26","slug":"dosa-peter-makfalvi","status":"publish","type":"product","link":"https:\/\/uj.adatbank.ro\/lexikon\/termek\/dosa-peter-makfalvi\/","title":{"rendered":"D\u00d3SA P\u00e9ter, makfalvi"},"content":{"rendered":"<p>? \u2020\u00a0? : alkir\u00e1lybir\u00f3, kir\u00e1lybir\u00f3. \u2013 Gergely \u00e9s Trauzner Bora fia. Fi\u00fak: Mih\u00e1ly. \u2013 A kuruc mozgalmak h\u00edve. Mv.-en ellen\u00e1ll\u00e1st szervezett a szebeni uralom ellen, ami\u00e9rt majdnem elfogt\u00e1k. K\u00e9s\u0151bb Marossz\u00e9k alkir\u00e1lyb\u00edr\u00f3ja lett (1710), majd kir\u00e1lyb\u00edr\u00e1ja. Az it\u00e9lete alapj\u00e1n temett\u00e9k el elevenen a gyermekgyilkos Ol\u00e1h Juditot Egerszegen (Remeteszeg) Marosszentkir\u00e1lyon (1713. nov. 6. -\u00e1n kelt okm\u00e1ny szerint), boszork\u00e1nynak v\u00e1dolva. R\u00e9szt vett a mv.-i gen. Congregatio-n (1718. m\u00e1j. 23.); 16 illetve 25 v\u00e9ka b\u00faz\u00e1t adom\u00e1nyozott a mv.-i Schol\u00e1nak (1708, 1709). Fia, mint alkir\u00e1lyb\u00edr\u00f3, a mv.-i ref. tanoda \u00e9p\u00edt\u00e9s\u00e9n\u00e9l sokat seg\u00edtett. <br \/><strong>Irod.:<\/strong> Benk\u0151; K\u0151v\u00e1ry; Kr\u00f3n F\u00fcz. (1940. 4\/10); Nagy Iv\u00e1n; P\u00e1lmay<\/br><\/p>\n","protected":false},"excerpt":{"rendered":"<p>? \u2020\u00a0? : alkir\u00e1lybir\u00f3, kir\u00e1lybir\u00f3. \u2013 Gergely \u00e9s Trauzner Bora fia. Fi\u00fak: Mih\u00e1ly. \u2013 A kuruc mozgalmak h\u00edve. Mv.-en ellen\u00e1ll\u00e1st szervezett a szebeni uralom ellen, ami\u00e9rt majdnem elfogt\u00e1k. K\u00e9s\u0151bb Marossz\u00e9k alkir\u00e1lyb\u00edr\u00f3ja lett (1710), majd kir\u00e1lyb\u00edr\u00e1ja. Az it\u00e9lete alapj\u00e1n temett\u00e9k el elevenen a gyermekgyilkos Ol\u00e1h Juditot Egerszegen (Remeteszeg) Marosszentkir\u00e1lyon (1713. nov. 6. -\u00e1n kelt okm\u00e1ny szerint), [&hellip;]<\/p>\n","protected":false},"featured_media":0,"comment_status":"open","ping_status":"closed","template":"","meta":[],"product_brand":[],"product_cat":[137],"product_tag":[],"class_list":{"0":"post-7053","1":"product","2":"type-product","3":"status-publish","5":"product_cat-maros-megyei-eletrajzi-lexikon","7":"first","8":"instock","9":"shipping-taxable","10":"product-type-simple"},"_links":{"self":[{"href":"https:\/\/uj.adatbank.ro\/lexikon\/wp-json\/wp\/v2\/product\/7053","targetHints":{"allow":["GET"]}}],"collection":[{"href":"https:\/\/uj.adatbank.ro\/lexikon\/wp-json\/wp\/v2\/product"}],"about":[{"href":"https:\/\/uj.adatbank.ro\/lexikon\/wp-json\/wp\/v2\/types\/product"}],"replies":[{"embeddable":true,"href":"https:\/\/uj.adatbank.ro\/lexikon\/wp-json\/wp\/v2\/comments?post=7053"}],"wp:attachment":[{"href":"https:\/\/uj.adatbank.ro\/lexikon\/wp-json\/wp\/v2\/media?parent=7053"}],"wp:term":[{"taxonomy":"product_brand","embeddable":true,"href":"https:\/\/uj.adatbank.ro\/lexikon\/wp-json\/wp\/v2\/product_brand?post=7053"},{"taxonomy":"product_cat","embeddable":true,"href":"https:\/\/uj.adatbank.ro\/lexikon\/wp-json\/wp\/v2\/product_cat?post=7053"},{"taxonomy":"product_tag","embeddable":true,"href":"https:\/\/uj.adatbank.ro\/lexikon\/wp-json\/wp\/v2\/product_tag?post=7053"}],"curies":[{"name":"wp","href":"https:\/\/api.w.org\/{rel}","templated":true}]}}