{"id":7054,"date":"2025-06-28T18:13:27","date_gmt":"2025-06-28T16:13:27","guid":{"rendered":"https:\/\/uj.adatbank.ro\/lexikon\/termek\/dosa-samuel-makfalvi\/"},"modified":"2025-06-28T18:13:27","modified_gmt":"2025-06-28T16:13:27","slug":"dosa-samuel-makfalvi","status":"publish","type":"product","link":"https:\/\/uj.adatbank.ro\/lexikon\/termek\/dosa-samuel-makfalvi\/","title":{"rendered":"D\u00d3SA S\u00e1muel, makfalvi"},"content":{"rendered":"<p>? \u2020 Mv., 1866.: ?. \u2013 Feles\u00e9ge: marosj\u00e1rai Rosnyai Anna (1811-Mv., 1885. szept. 20.) Gyermekeik: Anna L\u00e1szl\u00f3 Endr\u00e9n\u00e9; K\u00e1roly, kir. alj\u00e1r\u00e1sb\u00edr\u00f3, feles\u00e9ge Balogh Emilia; Lajos \u00fcgyv\u00e9d; J\u00e1nos m. kir. honv\u00e9df\u0151hadnagy. <br \/><strong>Irod.:<\/strong> Gy\u00e1szjelent\u0151<\/br><\/p>\n","protected":false},"excerpt":{"rendered":"<p>? \u2020 Mv., 1866.: ?. \u2013 Feles\u00e9ge: marosj\u00e1rai Rosnyai Anna (1811-Mv., 1885. szept. 20.) Gyermekeik: Anna L\u00e1szl\u00f3 Endr\u00e9n\u00e9; K\u00e1roly, kir. alj\u00e1r\u00e1sb\u00edr\u00f3, feles\u00e9ge Balogh Emilia; Lajos \u00fcgyv\u00e9d; J\u00e1nos m. kir. honv\u00e9df\u0151hadnagy. Irod.: Gy\u00e1szjelent\u0151<\/p>\n","protected":false},"featured_media":0,"comment_status":"open","ping_status":"closed","template":"","meta":[],"product_brand":[],"product_cat":[137],"product_tag":[],"class_list":{"0":"post-7054","1":"product","2":"type-product","3":"status-publish","5":"product_cat-maros-megyei-eletrajzi-lexikon","7":"first","8":"instock","9":"shipping-taxable","10":"product-type-simple"},"_links":{"self":[{"href":"https:\/\/uj.adatbank.ro\/lexikon\/wp-json\/wp\/v2\/product\/7054","targetHints":{"allow":["GET"]}}],"collection":[{"href":"https:\/\/uj.adatbank.ro\/lexikon\/wp-json\/wp\/v2\/product"}],"about":[{"href":"https:\/\/uj.adatbank.ro\/lexikon\/wp-json\/wp\/v2\/types\/product"}],"replies":[{"embeddable":true,"href":"https:\/\/uj.adatbank.ro\/lexikon\/wp-json\/wp\/v2\/comments?post=7054"}],"wp:attachment":[{"href":"https:\/\/uj.adatbank.ro\/lexikon\/wp-json\/wp\/v2\/media?parent=7054"}],"wp:term":[{"taxonomy":"product_brand","embeddable":true,"href":"https:\/\/uj.adatbank.ro\/lexikon\/wp-json\/wp\/v2\/product_brand?post=7054"},{"taxonomy":"product_cat","embeddable":true,"href":"https:\/\/uj.adatbank.ro\/lexikon\/wp-json\/wp\/v2\/product_cat?post=7054"},{"taxonomy":"product_tag","embeddable":true,"href":"https:\/\/uj.adatbank.ro\/lexikon\/wp-json\/wp\/v2\/product_tag?post=7054"}],"curies":[{"name":"wp","href":"https:\/\/api.w.org\/{rel}","templated":true}]}}