{"id":7055,"date":"2025-06-28T18:13:29","date_gmt":"2025-06-28T16:13:29","guid":{"rendered":"https:\/\/uj.adatbank.ro\/lexikon\/termek\/dosa-samuel-makfalvi-2\/"},"modified":"2025-06-28T18:13:29","modified_gmt":"2025-06-28T16:13:29","slug":"dosa-samuel-makfalvi-2","status":"publish","type":"product","link":"https:\/\/uj.adatbank.ro\/lexikon\/termek\/dosa-samuel-makfalvi-2\/","title":{"rendered":"D\u00d3SA S\u00e1muel, makfalvi"},"content":{"rendered":"<p>Ilencfalva, 1868. nov. 28., \u2020\u00a0L\u0151rincfalva, 1942. jan. 31.: ref. lelk\u00e9sz. \u2013 A mv.-i Ref. Koll.-ban \u00e9retts\u00e9gizett (1889), a nagyenyedi ref. Theologiai Akad\u00e9mi\u00e1n szezett lelkip\u00e1sztori oklevelet (1891). Kaj\u00e1nt\u00f3n (1891\u20131902), majd L\u0151rincfalv\u00e1n szolg\u00e1lt (1902\u20131935), iskol\u00e1t \u00e9p\u00edttetett. L\u0151rincfalv\u00e1n h\u00e1zat \u00e9p\u00edttetett (1910), amit kisaj\u00e1t\u00edtottak (1950) \u00e9s \u00f3voda, m\u0171hely, lak\u00e1s, MTSZ gazdas\u00e1gi k\u00f6zpont stb. volt benne, jogos tulajdonosai per \u00fatj\u00e1n visszaszerezt\u00e9k. <br \/><strong>Irod.:<\/strong> D\u00f3sa Csal\u00e1d; EM; Sepsisz\u00e9ki<\/br><\/p>\n","protected":false},"excerpt":{"rendered":"<p>Ilencfalva, 1868. nov. 28., \u2020\u00a0L\u0151rincfalva, 1942. jan. 31.: ref. lelk\u00e9sz. \u2013 A mv.-i Ref. Koll.-ban \u00e9retts\u00e9gizett (1889), a nagyenyedi ref. Theologiai Akad\u00e9mi\u00e1n szezett lelkip\u00e1sztori oklevelet (1891). Kaj\u00e1nt\u00f3n (1891\u20131902), majd L\u0151rincfalv\u00e1n szolg\u00e1lt (1902\u20131935), iskol\u00e1t \u00e9p\u00edttetett. L\u0151rincfalv\u00e1n h\u00e1zat \u00e9p\u00edttetett (1910), amit kisaj\u00e1t\u00edtottak (1950) \u00e9s \u00f3voda, m\u0171hely, lak\u00e1s, MTSZ gazdas\u00e1gi k\u00f6zpont stb. volt benne, jogos tulajdonosai per \u00fatj\u00e1n [&hellip;]<\/p>\n","protected":false},"featured_media":0,"comment_status":"open","ping_status":"closed","template":"","meta":[],"product_brand":[],"product_cat":[137],"product_tag":[],"class_list":{"0":"post-7055","1":"product","2":"type-product","3":"status-publish","5":"product_cat-maros-megyei-eletrajzi-lexikon","7":"first","8":"instock","9":"shipping-taxable","10":"product-type-simple"},"_links":{"self":[{"href":"https:\/\/uj.adatbank.ro\/lexikon\/wp-json\/wp\/v2\/product\/7055","targetHints":{"allow":["GET"]}}],"collection":[{"href":"https:\/\/uj.adatbank.ro\/lexikon\/wp-json\/wp\/v2\/product"}],"about":[{"href":"https:\/\/uj.adatbank.ro\/lexikon\/wp-json\/wp\/v2\/types\/product"}],"replies":[{"embeddable":true,"href":"https:\/\/uj.adatbank.ro\/lexikon\/wp-json\/wp\/v2\/comments?post=7055"}],"wp:attachment":[{"href":"https:\/\/uj.adatbank.ro\/lexikon\/wp-json\/wp\/v2\/media?parent=7055"}],"wp:term":[{"taxonomy":"product_brand","embeddable":true,"href":"https:\/\/uj.adatbank.ro\/lexikon\/wp-json\/wp\/v2\/product_brand?post=7055"},{"taxonomy":"product_cat","embeddable":true,"href":"https:\/\/uj.adatbank.ro\/lexikon\/wp-json\/wp\/v2\/product_cat?post=7055"},{"taxonomy":"product_tag","embeddable":true,"href":"https:\/\/uj.adatbank.ro\/lexikon\/wp-json\/wp\/v2\/product_tag?post=7055"}],"curies":[{"name":"wp","href":"https:\/\/api.w.org\/{rel}","templated":true}]}}