{"id":7057,"date":"2025-06-28T18:13:32","date_gmt":"2025-06-28T16:13:32","guid":{"rendered":"https:\/\/uj.adatbank.ro\/lexikon\/termek\/dosa-sandor-makfalvi\/"},"modified":"2025-06-28T18:13:32","modified_gmt":"2025-06-28T16:13:32","slug":"dosa-sandor-makfalvi","status":"publish","type":"product","link":"https:\/\/uj.adatbank.ro\/lexikon\/termek\/dosa-sandor-makfalvi\/","title":{"rendered":"D\u00d3SA S\u00e1ndor, makfalvi"},"content":{"rendered":"<p>1850., \u2020\u00a0Mv. 1935.: okl. gazda. \u2013 Feles\u00e9ge: jobb\u00e1gytelki Tolvaly Katinka (1867-\u00a0Mv. 1942. jan. 22., \u00f6zv. 7 \u00e9ve). A Marostorda- v\u00e1rmegyei K\u00f6lcs\u00f6n\u00f6s T\u0171zk\u00e1r Biztos\u00edt\u00f3 Int\u00e9zet vez\u00e9r\u00fcgyn\u00f6ke, titk\u00e1ra majd eln\u00f6ke a Marostordamegyei Gazdas\u00e1gi Egyletnek (1894\u2013). \u2013 <strong>F. m.:<\/strong> Marostordav\u00e1rmegyei Gazas\u00e1gi. Egylet monogr\u00e1phi\u00e1ja. 1879\u201395. (Mv., 1896). <br \/><strong>Irod.:<\/strong> Guly\u00e1s; Gy\u00e1szjelent\u0151; P\u00e1lmay<\/br><\/p>\n","protected":false},"excerpt":{"rendered":"<p>1850., \u2020\u00a0Mv. 1935.: okl. gazda. \u2013 Feles\u00e9ge: jobb\u00e1gytelki Tolvaly Katinka (1867-\u00a0Mv. 1942. jan. 22., \u00f6zv. 7 \u00e9ve). A Marostorda- v\u00e1rmegyei K\u00f6lcs\u00f6n\u00f6s T\u0171zk\u00e1r Biztos\u00edt\u00f3 Int\u00e9zet vez\u00e9r\u00fcgyn\u00f6ke, titk\u00e1ra majd eln\u00f6ke a Marostordamegyei Gazdas\u00e1gi Egyletnek (1894\u2013). \u2013 F. m.: Marostordav\u00e1rmegyei Gazas\u00e1gi. Egylet monogr\u00e1phi\u00e1ja. 1879\u201395. (Mv., 1896). Irod.: Guly\u00e1s; Gy\u00e1szjelent\u0151; P\u00e1lmay<\/p>\n","protected":false},"featured_media":0,"comment_status":"open","ping_status":"closed","template":"","meta":[],"product_brand":[],"product_cat":[137],"product_tag":[],"class_list":{"0":"post-7057","1":"product","2":"type-product","3":"status-publish","5":"product_cat-maros-megyei-eletrajzi-lexikon","7":"first","8":"instock","9":"shipping-taxable","10":"product-type-simple"},"_links":{"self":[{"href":"https:\/\/uj.adatbank.ro\/lexikon\/wp-json\/wp\/v2\/product\/7057","targetHints":{"allow":["GET"]}}],"collection":[{"href":"https:\/\/uj.adatbank.ro\/lexikon\/wp-json\/wp\/v2\/product"}],"about":[{"href":"https:\/\/uj.adatbank.ro\/lexikon\/wp-json\/wp\/v2\/types\/product"}],"replies":[{"embeddable":true,"href":"https:\/\/uj.adatbank.ro\/lexikon\/wp-json\/wp\/v2\/comments?post=7057"}],"wp:attachment":[{"href":"https:\/\/uj.adatbank.ro\/lexikon\/wp-json\/wp\/v2\/media?parent=7057"}],"wp:term":[{"taxonomy":"product_brand","embeddable":true,"href":"https:\/\/uj.adatbank.ro\/lexikon\/wp-json\/wp\/v2\/product_brand?post=7057"},{"taxonomy":"product_cat","embeddable":true,"href":"https:\/\/uj.adatbank.ro\/lexikon\/wp-json\/wp\/v2\/product_cat?post=7057"},{"taxonomy":"product_tag","embeddable":true,"href":"https:\/\/uj.adatbank.ro\/lexikon\/wp-json\/wp\/v2\/product_tag?post=7057"}],"curies":[{"name":"wp","href":"https:\/\/api.w.org\/{rel}","templated":true}]}}