{"id":7058,"date":"2025-06-28T18:13:34","date_gmt":"2025-06-28T16:13:34","guid":{"rendered":"https:\/\/uj.adatbank.ro\/lexikon\/termek\/dosa-tamas\/"},"modified":"2025-06-28T18:13:34","modified_gmt":"2025-06-28T16:13:34","slug":"dosa-tamas","status":"publish","type":"product","link":"https:\/\/uj.adatbank.ro\/lexikon\/termek\/dosa-tamas\/","title":{"rendered":"D\u00d3SA Tam\u00e1s"},"content":{"rendered":"<p>? \u2020 ?: erd\u00e9lyi vajda (1330-ban). A csal\u00e1d sz\u00e9khelye Makfalv\u00e1n volt, de Kib\u00e9den, Havadon \u00e9s m\u00e1s marossz\u00e9ki k\u00f6zs\u00e9gekben is \u00e9ltek. <br \/><strong>Irod.:<\/strong> Kempelen; Nagy Iv\u00e1n; P\u00e1lmay<\/br><\/p>\n","protected":false},"excerpt":{"rendered":"<p>? \u2020 ?: erd\u00e9lyi vajda (1330-ban). A csal\u00e1d sz\u00e9khelye Makfalv\u00e1n volt, de Kib\u00e9den, Havadon \u00e9s m\u00e1s marossz\u00e9ki k\u00f6zs\u00e9gekben is \u00e9ltek. Irod.: Kempelen; Nagy Iv\u00e1n; P\u00e1lmay<\/p>\n","protected":false},"featured_media":0,"comment_status":"open","ping_status":"closed","template":"","meta":[],"product_brand":[],"product_cat":[137],"product_tag":[],"class_list":{"0":"post-7058","1":"product","2":"type-product","3":"status-publish","5":"product_cat-maros-megyei-eletrajzi-lexikon","7":"first","8":"instock","9":"shipping-taxable","10":"product-type-simple"},"_links":{"self":[{"href":"https:\/\/uj.adatbank.ro\/lexikon\/wp-json\/wp\/v2\/product\/7058","targetHints":{"allow":["GET"]}}],"collection":[{"href":"https:\/\/uj.adatbank.ro\/lexikon\/wp-json\/wp\/v2\/product"}],"about":[{"href":"https:\/\/uj.adatbank.ro\/lexikon\/wp-json\/wp\/v2\/types\/product"}],"replies":[{"embeddable":true,"href":"https:\/\/uj.adatbank.ro\/lexikon\/wp-json\/wp\/v2\/comments?post=7058"}],"wp:attachment":[{"href":"https:\/\/uj.adatbank.ro\/lexikon\/wp-json\/wp\/v2\/media?parent=7058"}],"wp:term":[{"taxonomy":"product_brand","embeddable":true,"href":"https:\/\/uj.adatbank.ro\/lexikon\/wp-json\/wp\/v2\/product_brand?post=7058"},{"taxonomy":"product_cat","embeddable":true,"href":"https:\/\/uj.adatbank.ro\/lexikon\/wp-json\/wp\/v2\/product_cat?post=7058"},{"taxonomy":"product_tag","embeddable":true,"href":"https:\/\/uj.adatbank.ro\/lexikon\/wp-json\/wp\/v2\/product_tag?post=7058"}],"curies":[{"name":"wp","href":"https:\/\/api.w.org\/{rel}","templated":true}]}}