{"id":7061,"date":"2025-06-28T18:13:41","date_gmt":"2025-06-28T16:13:41","guid":{"rendered":"https:\/\/uj.adatbank.ro\/lexikon\/termek\/dozsa-alexander\/"},"modified":"2025-06-28T18:13:41","modified_gmt":"2025-06-28T16:13:41","slug":"dozsa-alexander","status":"publish","type":"product","link":"https:\/\/uj.adatbank.ro\/lexikon\/termek\/dozsa-alexander\/","title":{"rendered":"D\u00d3ZSA Alexander"},"content":{"rendered":"<p>Kib\u00e9d, 1820., \u2020\u00a0?: egyetemi hallgat\u00f3. \u2013 Apja: D. Andreas kib\u00e9di nemes. \u2013 Mv.-en logik\u00e1t tanult. Keszthelyen 25 \u00e9ves kor\u00e1ban mezei gazd\u00e1szatot tanult (1845\u201346). \u2013 Irod: Szab\u00f3 Mikl\u00f3s 2005<\/br><\/p>\n","protected":false},"excerpt":{"rendered":"<p>Kib\u00e9d, 1820., \u2020\u00a0?: egyetemi hallgat\u00f3. \u2013 Apja: D. Andreas kib\u00e9di nemes. \u2013 Mv.-en logik\u00e1t tanult. Keszthelyen 25 \u00e9ves kor\u00e1ban mezei gazd\u00e1szatot tanult (1845\u201346). \u2013 Irod: Szab\u00f3 Mikl\u00f3s 2005<\/p>\n","protected":false},"featured_media":0,"comment_status":"open","ping_status":"closed","template":"","meta":[],"product_brand":[],"product_cat":[137],"product_tag":[],"class_list":{"0":"post-7061","1":"product","2":"type-product","3":"status-publish","5":"product_cat-maros-megyei-eletrajzi-lexikon","7":"first","8":"instock","9":"shipping-taxable","10":"product-type-simple"},"_links":{"self":[{"href":"https:\/\/uj.adatbank.ro\/lexikon\/wp-json\/wp\/v2\/product\/7061","targetHints":{"allow":["GET"]}}],"collection":[{"href":"https:\/\/uj.adatbank.ro\/lexikon\/wp-json\/wp\/v2\/product"}],"about":[{"href":"https:\/\/uj.adatbank.ro\/lexikon\/wp-json\/wp\/v2\/types\/product"}],"replies":[{"embeddable":true,"href":"https:\/\/uj.adatbank.ro\/lexikon\/wp-json\/wp\/v2\/comments?post=7061"}],"wp:attachment":[{"href":"https:\/\/uj.adatbank.ro\/lexikon\/wp-json\/wp\/v2\/media?parent=7061"}],"wp:term":[{"taxonomy":"product_brand","embeddable":true,"href":"https:\/\/uj.adatbank.ro\/lexikon\/wp-json\/wp\/v2\/product_brand?post=7061"},{"taxonomy":"product_cat","embeddable":true,"href":"https:\/\/uj.adatbank.ro\/lexikon\/wp-json\/wp\/v2\/product_cat?post=7061"},{"taxonomy":"product_tag","embeddable":true,"href":"https:\/\/uj.adatbank.ro\/lexikon\/wp-json\/wp\/v2\/product_tag?post=7061"}],"curies":[{"name":"wp","href":"https:\/\/api.w.org\/{rel}","templated":true}]}}