{"id":7062,"date":"2025-06-28T18:13:42","date_gmt":"2025-06-28T16:13:42","guid":{"rendered":"https:\/\/uj.adatbank.ro\/lexikon\/termek\/dozsa-arpad-havadi\/"},"modified":"2025-06-28T18:13:42","modified_gmt":"2025-06-28T16:13:42","slug":"dozsa-arpad-havadi","status":"publish","type":"product","link":"https:\/\/uj.adatbank.ro\/lexikon\/termek\/dozsa-arpad-havadi\/","title":{"rendered":"D\u00d3ZSA \u00c1rp\u00e1d, havadi"},"content":{"rendered":"<p>Mv., 1853., \u2020\u00a0?\u00a0: gy\u00f3gyszer\u00e9sz. \u2013 D. P\u00e1l (1813 \u2013 Mv., 1876. nov. 17.) \u00e9s Cseh Krisztina fia. Testv\u00e9rei: P\u00e1l, bp.-i orvos; G\u00e9za, orvos. \u2013 Gy\u00f3gyszer\u00e9sz oklevelet kapott a pesti egyetemen (1874). <br \/><strong>Irod.:<\/strong> Gy\u00e1szjelent\u0151; P\u00e9ter H. M.; P\u00e9ter H. M. 2013<\/br><\/p>\n","protected":false},"excerpt":{"rendered":"<p>Mv., 1853., \u2020\u00a0?\u00a0: gy\u00f3gyszer\u00e9sz. \u2013 D. P\u00e1l (1813 \u2013 Mv., 1876. nov. 17.) \u00e9s Cseh Krisztina fia. Testv\u00e9rei: P\u00e1l, bp.-i orvos; G\u00e9za, orvos. \u2013 Gy\u00f3gyszer\u00e9sz oklevelet kapott a pesti egyetemen (1874). Irod.: Gy\u00e1szjelent\u0151; P\u00e9ter H. M.; P\u00e9ter H. M. 2013<\/p>\n","protected":false},"featured_media":0,"comment_status":"open","ping_status":"closed","template":"","meta":[],"product_brand":[],"product_cat":[137],"product_tag":[],"class_list":{"0":"post-7062","1":"product","2":"type-product","3":"status-publish","5":"product_cat-maros-megyei-eletrajzi-lexikon","7":"first","8":"instock","9":"shipping-taxable","10":"product-type-simple"},"_links":{"self":[{"href":"https:\/\/uj.adatbank.ro\/lexikon\/wp-json\/wp\/v2\/product\/7062","targetHints":{"allow":["GET"]}}],"collection":[{"href":"https:\/\/uj.adatbank.ro\/lexikon\/wp-json\/wp\/v2\/product"}],"about":[{"href":"https:\/\/uj.adatbank.ro\/lexikon\/wp-json\/wp\/v2\/types\/product"}],"replies":[{"embeddable":true,"href":"https:\/\/uj.adatbank.ro\/lexikon\/wp-json\/wp\/v2\/comments?post=7062"}],"wp:attachment":[{"href":"https:\/\/uj.adatbank.ro\/lexikon\/wp-json\/wp\/v2\/media?parent=7062"}],"wp:term":[{"taxonomy":"product_brand","embeddable":true,"href":"https:\/\/uj.adatbank.ro\/lexikon\/wp-json\/wp\/v2\/product_brand?post=7062"},{"taxonomy":"product_cat","embeddable":true,"href":"https:\/\/uj.adatbank.ro\/lexikon\/wp-json\/wp\/v2\/product_cat?post=7062"},{"taxonomy":"product_tag","embeddable":true,"href":"https:\/\/uj.adatbank.ro\/lexikon\/wp-json\/wp\/v2\/product_tag?post=7062"}],"curies":[{"name":"wp","href":"https:\/\/api.w.org\/{rel}","templated":true}]}}