{"id":7063,"date":"2025-06-28T18:13:44","date_gmt":"2025-06-28T16:13:44","guid":{"rendered":"https:\/\/uj.adatbank.ro\/lexikon\/termek\/dozsa-daniel\/"},"modified":"2025-06-28T18:13:44","modified_gmt":"2025-06-28T16:13:44","slug":"dozsa-daniel","status":"publish","type":"product","link":"https:\/\/uj.adatbank.ro\/lexikon\/termek\/dozsa-daniel\/","title":{"rendered":"D\u00d3ZSA D\u00e1niel"},"content":{"rendered":"<p>1895., \u2020\u00a0? : \u00edr\u00f3. \u2013 Makfalva egyik jeles szem\u00e9lyis\u00e9ge. \u2013 <strong>F. m.:<\/strong> \u00c1ldozatok (Bp., 1924); Mim\u00f3za asszony k\u00f6nyve (Bp., 1928). <br \/><strong>Irod.:<\/strong> G\u00e1lfalvi Art\u00far B\u00e9la: Makfalva<\/br><\/p>\n","protected":false},"excerpt":{"rendered":"<p>1895., \u2020\u00a0? : \u00edr\u00f3. \u2013 Makfalva egyik jeles szem\u00e9lyis\u00e9ge. \u2013 F. m.: \u00c1ldozatok (Bp., 1924); Mim\u00f3za asszony k\u00f6nyve (Bp., 1928). Irod.: G\u00e1lfalvi Art\u00far B\u00e9la: Makfalva<\/p>\n","protected":false},"featured_media":0,"comment_status":"open","ping_status":"closed","template":"","meta":[],"product_brand":[],"product_cat":[137],"product_tag":[],"class_list":{"0":"post-7063","1":"product","2":"type-product","3":"status-publish","5":"product_cat-maros-megyei-eletrajzi-lexikon","7":"first","8":"instock","9":"shipping-taxable","10":"product-type-simple"},"_links":{"self":[{"href":"https:\/\/uj.adatbank.ro\/lexikon\/wp-json\/wp\/v2\/product\/7063","targetHints":{"allow":["GET"]}}],"collection":[{"href":"https:\/\/uj.adatbank.ro\/lexikon\/wp-json\/wp\/v2\/product"}],"about":[{"href":"https:\/\/uj.adatbank.ro\/lexikon\/wp-json\/wp\/v2\/types\/product"}],"replies":[{"embeddable":true,"href":"https:\/\/uj.adatbank.ro\/lexikon\/wp-json\/wp\/v2\/comments?post=7063"}],"wp:attachment":[{"href":"https:\/\/uj.adatbank.ro\/lexikon\/wp-json\/wp\/v2\/media?parent=7063"}],"wp:term":[{"taxonomy":"product_brand","embeddable":true,"href":"https:\/\/uj.adatbank.ro\/lexikon\/wp-json\/wp\/v2\/product_brand?post=7063"},{"taxonomy":"product_cat","embeddable":true,"href":"https:\/\/uj.adatbank.ro\/lexikon\/wp-json\/wp\/v2\/product_cat?post=7063"},{"taxonomy":"product_tag","embeddable":true,"href":"https:\/\/uj.adatbank.ro\/lexikon\/wp-json\/wp\/v2\/product_tag?post=7063"}],"curies":[{"name":"wp","href":"https:\/\/api.w.org\/{rel}","templated":true}]}}