{"id":7064,"date":"2025-06-28T18:13:46","date_gmt":"2025-06-28T16:13:46","guid":{"rendered":"https:\/\/uj.adatbank.ro\/lexikon\/termek\/dozsa-daniel-makfalvi-es-uzapaniti-dosa-daniel\/"},"modified":"2025-06-28T18:13:46","modified_gmt":"2025-06-28T16:13:46","slug":"dozsa-daniel-makfalvi-es-uzapaniti-dosa-daniel","status":"publish","type":"product","link":"https:\/\/uj.adatbank.ro\/lexikon\/termek\/dozsa-daniel-makfalvi-es-uzapaniti-dosa-daniel\/","title":{"rendered":"D\u00d3ZSA D\u00e1niel, makfalvi \u00e9s uzapaniti, D\u00f3sa D\u00e1niel"},"content":{"rendered":"<p>Makfalva, 1821. jan. 21. 30., \u2020 B\u00faz\u00e1sbeseny\u0151, 1889. szept. 25. Makfalv\u00e1n a csal\u00e1di s\u00edrboltba temett\u00e9k: k\u00fariai b\u00edr\u00f3, \u00edr\u00f3, k\u00f6lt\u0151, \u00fajs\u00e1g\u00edr\u00f3, ogy.-i k\u00e9pvisel\u0151. \u2013 D. D\u00e1niel, f\u00f6ldbirtokos fia. Feles\u00e9ge: P\u00e1kay Egyed Eszter (esk\u00fcv\u0151: 1855). Fiaik: Endre, feles\u00e9ge Cs\u00edky Jol\u00e1n; D\u00e1niel. \u2013 Tanulm\u00e1nyait a mv.-i Ev. Ref. F\u0151iskol\u00e1n v\u00e9gezte. A Kir. T\u00e1bla \u00edrnoka (1839\u2013); \u00fcgyv\u00e9di oklevelet szerzett (1844). Hivatali p\u00e1ly\u00e1ra l\u00e9pett\u00a0s mint marossz\u00e9ki tiszteletbeli jegyz\u0151, s t\u00e1blab\u00edr\u00f3k\u00e9nt m\u0171k\u00f6d\u00f6tt, k\u00e9s\u0151bb Marossz\u00e9k aljegyz\u0151je majd f\u0151jegyz\u0151je. A szabads\u00e1gharc alatt a sz\u00e9k korm\u00e1nyzat\u00e1t kezel\u0151 rend\u0151rs\u00e9gi t\u00f6rv\u00e9nysz\u00e9k eln\u00f6ke lett, a m. bel\u00fcgyminiszteriumban titk\u00e1r (1849). Nyilv\u00e1nosan felk\u00e9rte Bolyai J\u00e1nost, hogy vegyen r\u00e9szt a m. szabads\u00e1gharcban. A szov\u00e1tai f\u00fcrd\u0151\u00e9let szervez\u0151je Bereczki S\u00e1ndorral, kezdem\u00e9nyez\u00e9s\u00fckre \u00e9p\u00fcltek Szov\u00e1taf\u00fcrd\u0151 els\u0151 mag\u00e1nvill\u00e1i. A Szegedi Hirlapban k\u00f6z\u00f6lt cikkei nagy figyelmet keltettek. A vil\u00e1gosi fegyverlet\u00e9tel ut\u00e1n b\u00fajdosott, majd makfalvi birtok\u00e1n gazd\u00e1lkodott \u00e9s irodalommal foglalkozott (1850\u2013). Szerk. -tette a kv.-i Ellen\u0151rt (1848. j\u00fal. -nov.), a M. H\u00edrlap \u00e9s a Pesti Napl\u00f3 rendes munkat\u00e1rsa (1850-es \u00e9vekben); jogi cikkeit a Jogtud, \u00e9s T\u00f6rv\u00e9ny\u00adkez\u00e9si T\u00e1r (1855\u201356), a M. Jog\u00e1szegylet \u00c9vk. \u00e9s a B\u00fcntet\u0151 Jog T\u00e1ra, Kv.-i K\u00f6zl\u00f6ny (1859) k\u00f6z\u00f6lte. Marossz\u00e9k alkir\u00e1lyb\u00edr\u00f3ja (1860\u2013), de a proviz\u00f3rium bevezet\u00e9sekor (1861) tiszts\u00e9g\u00e9\u00adr\u0151l lemondott \u00e9s \u00fajra a Kv.-i K\u00f6zl\u00f6nyt szerk. -tette 1868). Kriza J\u00e1nos felk\u00e9r\u00e9s\u00e9re marossz\u00e9ki n\u00e9pdalokat k\u00fcld\u00f6tt a Vadr\u00f3zs\u00e1k sz\u00e1m\u00e1ra, feles\u00e9ge is a gy\u0171jt\u0151k k\u00f6z\u00e9 tartozott. A kv.-i (1866), a pesti (1867) ogy.-en mint Mv. k\u00e9pvisel\u0151je a de\u00e1ki politika elk\u00f6telezettje volt. A mv.-i kir. it\u00e9l\u0151t\u00e1bla els\u0151 oszt\u00e1ly\u00fa b\u00edr\u00e1ja (1868\u201372), valamint m. kir. k\u00faria rendes b\u00edr\u00e1ja (1872\u2013). K\u00f6z\u00e9leti tev\u00e9kenys\u00e9ge ut\u00e1n B\u00faz\u00e1sbeseny\u0151ben telepedett le, birtokot \u00e9s egy r\u00e9gi nemesi k\u00fari\u00e1t v\u00e1s\u00e1rolt ott, amelyet hal\u00e1la ut\u00e1n a csal\u00e1d a ref. egyh\u00e1znak adom\u00e1nyozott. A sz\u00e1zad v\u00e9g\u00e9n abba k\u00f6lt\u00f6z\u00f6tt a ref. iskola. Az \u00e9p\u00fclet napjainkig iskola, m\u00e9g k\u00e9t sz\u00e1rnyat \u00e9p\u00edtettek hozz\u00e1. T\u00f6rt\u00e9nelmi reg\u00e9nyeket \u00edrt, Zandirh\u00e1m c. h\u0151sk\u00f6ltem\u00e9ny\u00e9ben feldolgozta a Cs\u00edki Sz\u00e9kely Kr\u00f3nik\u00e1t, \u00e1t\u00fcltette hexameterbe. Versei elbesz\u00e9l\u00e9sei, politikai cikkei, jogtudom\u00e1nyi cikkei az erd\u00e9lyi \u00e9s mo. &#8211; i lapokban jelentek meg (1840\u2013): Rem\u00e9ny, 1840; Reg\u00e9l\u0151, Reg\u00e9l\u0151 Pesti Divatlap, Kv.-i Vas\u00e1rnapi \u00dajs\u00e1g, Athenaeum, Honder\u0171, \u00c9letk\u00e9pek, H\u00f6lgyfut\u00e1r, D\u00e9lib\u00e1b, Vas\u00e1rnapi \u00dajs\u00e1g, Napkelet, Nefelejts, Kalauz, Erd\u00e9lyi H\u00edrad\u00f3, Pesti Napl\u00f3 stb. A buz\u00e1sbeseny\u0151i m. elemi iskola, ma a nev\u00e9t viseli (2004 vagy 5-t\u0151l). \u2013 <strong>F. m.:<\/strong> Sz\u00e9kely harci dal (Makfalva, 1848); Zandirh\u00e1m: Sz\u00e9kely h\u0151sk\u00f6ltem\u00e9ny a IX. sz\u00e1\u00adzadb\u00f3l: A Csiki Sz\u00e9kely kr\u00f3nika verses feldolgoz\u00e1sa (Kv., 1858); D. D. versei (Kv., 1858); Kornis Ilona\u00a0(t\u00f6rt. reg\u00e9ny; 1\u20134., Pest, 1859; 1868); Boronkay Margit (t\u00f6rt. reg\u00e9ny; Kv., 1860); A kis\u00e9rt\u0151 (ford., Kv., 1860); Ol\u00e1h Judit\u00a0(t\u00f6rt. reg\u00e9ny; Kv., 1863); Az \u00e9jszaki f\u00e9ny (reg\u00e9ny; Kv., 1863); Csat\u00e1roz\u00e1s a daco-rom\u00e1n t\u00f6rekv\u00e9sek ellen (Kv., 1863); Egy n\u00e9zet a megyegy\u0171l\u00e9s \u00fajabb szerkezet\u00e9r\u0151l (Kv., 1866); <strong>antol\u00f3g.:<\/strong> Arany furulya: A forradalom k\u00f6lt\u00e9szete az 1848\u201349 szabads\u00e1gharc idej\u00e9b\u0151l (Bp., s. a.); Besz\u00e9lyt\u00e1r: Erd\u00e9lyi sz\u00e9pirodalom (Kv., 1843\u201345); De\u00e1k Farkas: Eml\u00e9kk\u00f6nyv a m. irodalomb\u00f3l (Bp., 1862); A m. k\u00f6lt\u00e9szet kincsesh\u00e1za (Bp., 1895); Rem\u00e9ny: Zsebk\u00f6nyv (Kv., 1840, 1841); Sz\u00e9kelyek a k\u00f6lt\u0151k dalaiban (Bp., 1908); Sz\u00ednes k\u00f6nyv (Kv., 1861); Torou\u0163iu: Studii si documente literare (Buc., 1931\u201346); Unio: Zsebk\u00f6nyv 1848 (Kv., 1848). <br \/><strong>Irod.:<\/strong> 1848\u20131849 Marossz\u00e9k; Bisztray Gyula: \u00cdr\u00f3 \u00e9s nemzet (Bp., 1943); D\u00f3sa csal\u00e1d; EME t\u00f6rt.; Eml\u00e9kk\u00f6nyv az EME f\u00e9lsz\u00e1zados \u00fcnnep\u00e9re (Kv., 1902\u20131942); Ferenczi Zolt\u00e1n: A kv.-i sz\u00edn\u00e9szet \u00e9s sz\u00ednh\u00e1z t\u00f6rt\u00e9nete (Kv., 1897); F\u00fcl\u00f6p\u2013Ferencz; G\u00e1ldi L\u00e1szl\u00f3: Siebenb\u00fcrgen im Aufbau der ungarischen Kultur (Bp. -Leipzig-Milano, s. a.); G\u00e1lfalvi Art\u00far B\u00e9la: Makfalva; Gy\u00e1szjelent\u0151; Id\u0151t\u00e1r 2; J\u00f3zsa Andr\u00e1s: Szov\u00e1taf\u00fcrd\u0151 (Korunk, 8. sz., 2009); Keresztes Gyula: \u00d6r\u00f6ks\u00e9g\u00fcnk 49.: A makfalvi udvarh\u00e1z (N\u00fa., 1994. jan. 28.); Krist\u00f3f Gy\u00f6rgy: Istoria limbii \u015fi lit. maghiare (Cluj, 1934); Krist\u00f3f Gy\u00f6rgy: D. D. elbesz\u00e9l\u0151 k\u00f6lt\u00e9szete (Bp., 1938); Kriza levelez\u00e9s; Maros megye; M\u00e1ln\u00e1si; M\u00c9L; MIL, MNL; Molter 2.; P\u00e1l-Antal \u2013 Szab\u00f3 2.; P\u00e1l-Antal; P\u00e1l-Antal 2009; P\u00e1lffy; Papp Mikl\u00f3s K.: Itt is ott is (Bp., s. a); Pint\u00e9r; RNL; Rugonfalvi Kiss; Sipos; Sz\u00e1deczky Kardos Lajos: A Cs\u00edki sz\u00e9kely kr\u00f3nika (Bp., 1905); Szinnyei; Szinnyei Ferenc: Novella- \u00e9s reg\u00e9nyirodalmunk a Bach-korszakban (Bp., 1939\u201341); Szinnyei Ferenc: Novella- \u00e9s reg\u00e9nyirodalmunk az abszolutizmus kor\u00e1nak elej\u00e9n (Bp., 1929\u20131933); Szinnyei J\u00f3zsef; Szov\u00e1ta; Transilvania; \u00daIL; \u00daM\u00c9L; \u00daMIL, \u00dcrm\u00f6ss\u00ed Lajos: Erd\u00e9ly ir\u00e1nyad\u00f3 lapjai 1830\u201340 es \u00e9vekben (Kv., 1907); Veress<\/br><\/p>\n","protected":false},"excerpt":{"rendered":"<p>Makfalva, 1821. jan. 21. 30., \u2020 B\u00faz\u00e1sbeseny\u0151, 1889. szept. 25. Makfalv\u00e1n a csal\u00e1di s\u00edrboltba temett\u00e9k: k\u00fariai b\u00edr\u00f3, \u00edr\u00f3, k\u00f6lt\u0151, \u00fajs\u00e1g\u00edr\u00f3, ogy.-i k\u00e9pvisel\u0151. \u2013 D. D\u00e1niel, f\u00f6ldbirtokos fia. Feles\u00e9ge: P\u00e1kay Egyed Eszter (esk\u00fcv\u0151: 1855). Fiaik: Endre, feles\u00e9ge Cs\u00edky Jol\u00e1n; D\u00e1niel. \u2013 Tanulm\u00e1nyait a mv.-i Ev. Ref. F\u0151iskol\u00e1n v\u00e9gezte. A Kir. T\u00e1bla \u00edrnoka (1839\u2013); \u00fcgyv\u00e9di oklevelet szerzett [&hellip;]<\/p>\n","protected":false},"featured_media":0,"comment_status":"open","ping_status":"closed","template":"","meta":[],"product_brand":[],"product_cat":[137],"product_tag":[],"class_list":{"0":"post-7064","1":"product","2":"type-product","3":"status-publish","5":"product_cat-maros-megyei-eletrajzi-lexikon","7":"first","8":"instock","9":"shipping-taxable","10":"product-type-simple"},"_links":{"self":[{"href":"https:\/\/uj.adatbank.ro\/lexikon\/wp-json\/wp\/v2\/product\/7064","targetHints":{"allow":["GET"]}}],"collection":[{"href":"https:\/\/uj.adatbank.ro\/lexikon\/wp-json\/wp\/v2\/product"}],"about":[{"href":"https:\/\/uj.adatbank.ro\/lexikon\/wp-json\/wp\/v2\/types\/product"}],"replies":[{"embeddable":true,"href":"https:\/\/uj.adatbank.ro\/lexikon\/wp-json\/wp\/v2\/comments?post=7064"}],"wp:attachment":[{"href":"https:\/\/uj.adatbank.ro\/lexikon\/wp-json\/wp\/v2\/media?parent=7064"}],"wp:term":[{"taxonomy":"product_brand","embeddable":true,"href":"https:\/\/uj.adatbank.ro\/lexikon\/wp-json\/wp\/v2\/product_brand?post=7064"},{"taxonomy":"product_cat","embeddable":true,"href":"https:\/\/uj.adatbank.ro\/lexikon\/wp-json\/wp\/v2\/product_cat?post=7064"},{"taxonomy":"product_tag","embeddable":true,"href":"https:\/\/uj.adatbank.ro\/lexikon\/wp-json\/wp\/v2\/product_tag?post=7064"}],"curies":[{"name":"wp","href":"https:\/\/api.w.org\/{rel}","templated":true}]}}