{"id":7066,"date":"2025-06-28T18:13:50","date_gmt":"2025-06-28T16:13:50","guid":{"rendered":"https:\/\/uj.adatbank.ro\/lexikon\/termek\/dozsa-gyorgy-dosa-gyorgy-szekely-gyorgy\/"},"modified":"2025-06-28T18:13:50","modified_gmt":"2025-06-28T16:13:50","slug":"dozsa-gyorgy-dosa-gyorgy-szekely-gyorgy","status":"publish","type":"product","link":"https:\/\/uj.adatbank.ro\/lexikon\/termek\/dozsa-gyorgy-dosa-gyorgy-szekely-gyorgy\/","title":{"rendered":"D\u00d3ZSA Gy\u00f6rgy; D\u00f3sa Gy\u00f6rgy, Sz\u00e9kely Gy\u00f6rgy"},"content":{"rendered":"<p>D\u00e1lnok, 1474., \u2020\u00a0Temesv\u00e1r mellett, 1514. j\u00fal. 20. k.: paraszt vez\u00e9re. \u2013 \u00d6ccse: Gergely, a paraszth\u00e1bor\u00faban alvez\u00e9r (b\u00e1tyja kiv\u00e9gz\u00e9se el\u0151tt lefejezt\u00e9k). \u2013 A t\u00f6r\u00f6kkel szemben v\u00e9grehajtott h\u0151si tettei\u00e9rt a kir\u00e1ly aranysarkanyt\u00fas vit\u00e9zz\u00e9 \u00fcttette. \u00cdr\u00e1sos dokumentum szerint Makfalv\u00e1n lakott (1507). Egy latin nyelv\u0171 lev\u00e9lben (1507) D\u00f3sa Gy\u00f6rgy makfalvi lakos elfogat\u00e1s\u00e1t k\u00e9ri az akkori erd\u00e9lyi vajda. H\u00e9derf\u00e1ji Barlab\u00e1si L\u00e9n\u00e1rt erd. alvajda \u00e9s sz\u00e9kely alisp\u00e1n \u00e9rtesiti Szebenv\u00e1ros tan\u00e1cs\u00e1t, hogy a k\u00f6zelebbi medgyesi v\u00e1s\u00e1r alkalm\u00e1val n\u00e9mely szebeni keresked\u0151k kirabl\u00e1s\u00e1t \u00e9s meggyilkol\u00e1s\u00e1t Medgyes mellett nem m\u00e1s mint az orsz\u00e1gos rabl\u00f3 Makfalvi D\u00f3zsa Gy\u00f6rgy k\u00f6vette el (1507. j\u00fal. 19). A v\u00e1dak ellene: az agyagfalvi nagygy\u0171l\u00e9sen val\u00f3 r\u00e9szv\u00e9tel, a kir.-i ad\u00f3szed\u0151k elkerget\u00e9se a telep\u00fcl\u00e9sr\u0151l, konfliktusa a sz\u00e1szv\u00e1rosi b\u00edr\u00f3val. Elfogat\u00e1sa el\u0151l elmenek\u00fclt\u00a0\u00e9s v\u00e9gv\u00e1ri vit\u00e9znek \u00e1llt be, majd a keresztes hadak vez\u00e9r\u00e9v\u00e9 nevezt\u00e9k ki. Makfalv\u00e1r\u00f3l indult, a parasztfelkel\u00e9s vez\u00e9rek\u00e9nt v\u00e1lt ismertt\u00e9 (1514), \u00fatja a temesv\u00e1ri csatat\u00e9ren elhelyezett t\u00fczestr\u00f3nig vezetett. Makfalv\u00e1n eml\u00e9k\u00e9re szobr\u00e1t, Suba L\u00e1szl\u00f3 alkot\u00e1s\u00e1t, a m\u0171vel\u0151d\u00e9si h\u00e1z el\u00e9 \u00e1ll\u00edtott\u00e1k (1999). Mv.-en utca viseli a nev\u00e9t. <br \/><strong>Irod.:<\/strong> Aranka; B\u00f6z\u00f6di Gy\u00f6rgy: A D\u00f3zs\u00e1k faluja (Erd\u00e9lyi Figyel\u0151, 3. sz., 1993; D. Gy. hazat\u00e9r = Farkas \u00c1rp\u00e1d: Nem ilyen lovat akartam; D\u00f3zsa Gy\u00f6rgy \u2013 a sz\u00e9kely Robin Hood; F\u00fcl\u00f6p Ir\u00e9n\u201e\u00a0. Georgius Dosa Siculus de Makfalwa in sede Maros existente.\u201d (N\u00fa., 1997. \u00e1pr. 26.); A makfalvi D\u00f3sa = Makfalva; Kempelen; M\u00e1rki S\u00e1ndor: D. Gy. (Bp., 1883, 1913); M\u00e1th\u00e9 Levente; Ol\u00e1h-G\u00e1l R\u00f3bert: D\u00f3zsa-geneal\u00f3gia \u00e9s Bolyai J\u00e1nos feljegyz\u00e9se D. Gy.-r\u0151l (Sz\u00e9kelyf\u00f6ld, 11. sz., 2014. nov.); Paget; Pascu, \u015etefan: R\u0103zboiul \u0163\u0103r\u0103nesc din anul 1514 de sub conducerea lui Gheorghe Doja (Buc., 1959); Sz\u00e9kely J\u00e1nos: D\u00f3zsa (po\u00e9ma; Buk., 1968); K\u00f6zPont, 2007. j\u00fal. 16\u201322, 28. sz.; SzOkl, 3; Sz\u00fccs Gy\u00f6rgy: \u201eKeress\u00fck D\u00f3zs\u00e1t\u201d: D. Gy. alakja a m. k\u00e9pz\u0151m\u0171v\u00e9szetben (Sz\u00e9kelyf\u00f6ld, 11. sz., 2014. nov.); Sz\u00e9kelys\u00e9g t\u00f6rt.<\/br><\/p>\n","protected":false},"excerpt":{"rendered":"<p>D\u00e1lnok, 1474., \u2020\u00a0Temesv\u00e1r mellett, 1514. j\u00fal. 20. k.: paraszt vez\u00e9re. \u2013 \u00d6ccse: Gergely, a paraszth\u00e1bor\u00faban alvez\u00e9r (b\u00e1tyja kiv\u00e9gz\u00e9se el\u0151tt lefejezt\u00e9k). \u2013 A t\u00f6r\u00f6kkel szemben v\u00e9grehajtott h\u0151si tettei\u00e9rt a kir\u00e1ly aranysarkanyt\u00fas vit\u00e9zz\u00e9 \u00fcttette. \u00cdr\u00e1sos dokumentum szerint Makfalv\u00e1n lakott (1507). Egy latin nyelv\u0171 lev\u00e9lben (1507) D\u00f3sa Gy\u00f6rgy makfalvi lakos elfogat\u00e1s\u00e1t k\u00e9ri az akkori erd\u00e9lyi vajda. H\u00e9derf\u00e1ji Barlab\u00e1si [&hellip;]<\/p>\n","protected":false},"featured_media":0,"comment_status":"open","ping_status":"closed","template":"","meta":[],"product_brand":[],"product_cat":[137],"product_tag":[],"class_list":{"0":"post-7066","1":"product","2":"type-product","3":"status-publish","5":"product_cat-maros-megyei-eletrajzi-lexikon","7":"first","8":"instock","9":"shipping-taxable","10":"product-type-simple"},"_links":{"self":[{"href":"https:\/\/uj.adatbank.ro\/lexikon\/wp-json\/wp\/v2\/product\/7066","targetHints":{"allow":["GET"]}}],"collection":[{"href":"https:\/\/uj.adatbank.ro\/lexikon\/wp-json\/wp\/v2\/product"}],"about":[{"href":"https:\/\/uj.adatbank.ro\/lexikon\/wp-json\/wp\/v2\/types\/product"}],"replies":[{"embeddable":true,"href":"https:\/\/uj.adatbank.ro\/lexikon\/wp-json\/wp\/v2\/comments?post=7066"}],"wp:attachment":[{"href":"https:\/\/uj.adatbank.ro\/lexikon\/wp-json\/wp\/v2\/media?parent=7066"}],"wp:term":[{"taxonomy":"product_brand","embeddable":true,"href":"https:\/\/uj.adatbank.ro\/lexikon\/wp-json\/wp\/v2\/product_brand?post=7066"},{"taxonomy":"product_cat","embeddable":true,"href":"https:\/\/uj.adatbank.ro\/lexikon\/wp-json\/wp\/v2\/product_cat?post=7066"},{"taxonomy":"product_tag","embeddable":true,"href":"https:\/\/uj.adatbank.ro\/lexikon\/wp-json\/wp\/v2\/product_tag?post=7066"}],"curies":[{"name":"wp","href":"https:\/\/api.w.org\/{rel}","templated":true}]}}