{"id":7073,"date":"2025-06-28T18:14:03","date_gmt":"2025-06-28T16:14:03","guid":{"rendered":"https:\/\/uj.adatbank.ro\/lexikon\/termek\/dragan-teodor\/"},"modified":"2025-06-28T18:14:03","modified_gmt":"2025-06-28T16:14:03","slug":"dragan-teodor","status":"publish","type":"product","link":"https:\/\/uj.adatbank.ro\/lexikon\/termek\/dragan-teodor\/","title":{"rendered":"DR\u0102GAN Teodor"},"content":{"rendered":"<p>? \u2020 ? : n\u00e9ptan\u00e1cseln\u00f6k. \u2013 A II. vh. ut\u00e1ni els\u0151 n\u00e9ptan\u00e1cseln\u00f6k Uzdiszentp\u00e9terben, akinek az idej\u00e9ben, fels\u0151 utas\u00edt\u00e1sra, megalak\u00edtott\u00e1k a faluban a Steaua Libert\u0103\u0163ii Kollektiv Gazdas\u00e1got, ahova sok embert k\u00e9nyszerrel \u00edrtak be (1950\u2013). <br \/><strong>Irod.:<\/strong> S\u00e2npetru de C\u00e2mpie<\/br><\/p>\n","protected":false},"excerpt":{"rendered":"<p>? \u2020 ? : n\u00e9ptan\u00e1cseln\u00f6k. \u2013 A II. vh. ut\u00e1ni els\u0151 n\u00e9ptan\u00e1cseln\u00f6k Uzdiszentp\u00e9terben, akinek az idej\u00e9ben, fels\u0151 utas\u00edt\u00e1sra, megalak\u00edtott\u00e1k a faluban a Steaua Libert\u0103\u0163ii Kollektiv Gazdas\u00e1got, ahova sok embert k\u00e9nyszerrel \u00edrtak be (1950\u2013). Irod.: S\u00e2npetru de C\u00e2mpie<\/p>\n","protected":false},"featured_media":0,"comment_status":"open","ping_status":"closed","template":"","meta":[],"product_brand":[],"product_cat":[137],"product_tag":[],"class_list":{"0":"post-7073","1":"product","2":"type-product","3":"status-publish","5":"product_cat-maros-megyei-eletrajzi-lexikon","7":"first","8":"instock","9":"shipping-taxable","10":"product-type-simple"},"_links":{"self":[{"href":"https:\/\/uj.adatbank.ro\/lexikon\/wp-json\/wp\/v2\/product\/7073","targetHints":{"allow":["GET"]}}],"collection":[{"href":"https:\/\/uj.adatbank.ro\/lexikon\/wp-json\/wp\/v2\/product"}],"about":[{"href":"https:\/\/uj.adatbank.ro\/lexikon\/wp-json\/wp\/v2\/types\/product"}],"replies":[{"embeddable":true,"href":"https:\/\/uj.adatbank.ro\/lexikon\/wp-json\/wp\/v2\/comments?post=7073"}],"wp:attachment":[{"href":"https:\/\/uj.adatbank.ro\/lexikon\/wp-json\/wp\/v2\/media?parent=7073"}],"wp:term":[{"taxonomy":"product_brand","embeddable":true,"href":"https:\/\/uj.adatbank.ro\/lexikon\/wp-json\/wp\/v2\/product_brand?post=7073"},{"taxonomy":"product_cat","embeddable":true,"href":"https:\/\/uj.adatbank.ro\/lexikon\/wp-json\/wp\/v2\/product_cat?post=7073"},{"taxonomy":"product_tag","embeddable":true,"href":"https:\/\/uj.adatbank.ro\/lexikon\/wp-json\/wp\/v2\/product_tag?post=7073"}],"curies":[{"name":"wp","href":"https:\/\/api.w.org\/{rel}","templated":true}]}}