{"id":7074,"date":"2025-06-28T18:14:04","date_gmt":"2025-06-28T16:14:04","guid":{"rendered":"https:\/\/uj.adatbank.ro\/lexikon\/termek\/dragi-balazs-paniti\/"},"modified":"2025-06-28T18:14:04","modified_gmt":"2025-06-28T16:14:04","slug":"dragi-balazs-paniti","status":"publish","type":"product","link":"https:\/\/uj.adatbank.ro\/lexikon\/termek\/dragi-balazs-paniti\/","title":{"rendered":"DR\u00c1GI Bal\u00e1zs, paniti"},"content":{"rendered":"<p>? \u2020\u00a0? : primipil\u00e1ris. \u2013 B\u00e1thory G\u00e1bort\u00f3l nyert primipil\u00e1ris levelet (1609. dec. 13.); D. Andr\u00e1s \u00e9s D. Mih\u00e1ly lustr\u00e1ltak (1614). <br \/><strong>Irod.:<\/strong> P\u00e1lmay<\/br><\/p>\n","protected":false},"excerpt":{"rendered":"<p>? \u2020\u00a0? : primipil\u00e1ris. \u2013 B\u00e1thory G\u00e1bort\u00f3l nyert primipil\u00e1ris levelet (1609. dec. 13.); D. Andr\u00e1s \u00e9s D. Mih\u00e1ly lustr\u00e1ltak (1614). Irod.: P\u00e1lmay<\/p>\n","protected":false},"featured_media":0,"comment_status":"open","ping_status":"closed","template":"","meta":[],"product_brand":[],"product_cat":[137],"product_tag":[],"class_list":{"0":"post-7074","1":"product","2":"type-product","3":"status-publish","5":"product_cat-maros-megyei-eletrajzi-lexikon","7":"first","8":"instock","9":"shipping-taxable","10":"product-type-simple"},"_links":{"self":[{"href":"https:\/\/uj.adatbank.ro\/lexikon\/wp-json\/wp\/v2\/product\/7074","targetHints":{"allow":["GET"]}}],"collection":[{"href":"https:\/\/uj.adatbank.ro\/lexikon\/wp-json\/wp\/v2\/product"}],"about":[{"href":"https:\/\/uj.adatbank.ro\/lexikon\/wp-json\/wp\/v2\/types\/product"}],"replies":[{"embeddable":true,"href":"https:\/\/uj.adatbank.ro\/lexikon\/wp-json\/wp\/v2\/comments?post=7074"}],"wp:attachment":[{"href":"https:\/\/uj.adatbank.ro\/lexikon\/wp-json\/wp\/v2\/media?parent=7074"}],"wp:term":[{"taxonomy":"product_brand","embeddable":true,"href":"https:\/\/uj.adatbank.ro\/lexikon\/wp-json\/wp\/v2\/product_brand?post=7074"},{"taxonomy":"product_cat","embeddable":true,"href":"https:\/\/uj.adatbank.ro\/lexikon\/wp-json\/wp\/v2\/product_cat?post=7074"},{"taxonomy":"product_tag","embeddable":true,"href":"https:\/\/uj.adatbank.ro\/lexikon\/wp-json\/wp\/v2\/product_tag?post=7074"}],"curies":[{"name":"wp","href":"https:\/\/api.w.org\/{rel}","templated":true}]}}