{"id":7083,"date":"2025-06-28T18:14:22","date_gmt":"2025-06-28T16:14:22","guid":{"rendered":"https:\/\/uj.adatbank.ro\/lexikon\/termek\/draia-eneas\/"},"modified":"2025-06-28T18:14:22","modified_gmt":"2025-06-28T16:14:22","slug":"draia-eneas","status":"publish","type":"product","link":"https:\/\/uj.adatbank.ro\/lexikon\/termek\/draia-eneas\/","title":{"rendered":"DRAIA Eneas"},"content":{"rendered":"<p>?\u00a0\u2020\u00a0Mv., 1914.: dr. jur., \u00fcgyv\u00e9d. \u2013 \u00dcgyv\u00e9dgyakorlatot folytatott el\u0151bb Abrudb\u00e1ny\u00e1n, ut\u00f3bb Mv.-en, egy ideig az \u00fcgyv\u00e9dvizsg\u00e1l\u00f3 bizotts\u00e1g tagja is volt. Telekv\u00e1s\u00e1rl\u00e1si aj\u00e1nlatott tett a k\u00e9s\u0151bbi Albina Bank sz\u00e9kh\u00e1za alatti telekre (1910). A Mv.-i Kaszin\u00f3 tagja volt. <strong>Cikke:<\/strong> a Jog-ban. <br \/><strong>Irod.:<\/strong> Bi\u00e1s Istv\u00e1n; Guly\u00e1s, Id\u0151t\u00e1r 2<\/br><\/p>\n","protected":false},"excerpt":{"rendered":"<p>?\u00a0\u2020\u00a0Mv., 1914.: dr. jur., \u00fcgyv\u00e9d. \u2013 \u00dcgyv\u00e9dgyakorlatot folytatott el\u0151bb Abrudb\u00e1ny\u00e1n, ut\u00f3bb Mv.-en, egy ideig az \u00fcgyv\u00e9dvizsg\u00e1l\u00f3 bizotts\u00e1g tagja is volt. Telekv\u00e1s\u00e1rl\u00e1si aj\u00e1nlatott tett a k\u00e9s\u0151bbi Albina Bank sz\u00e9kh\u00e1za alatti telekre (1910). A Mv.-i Kaszin\u00f3 tagja volt. Cikke: a Jog-ban. Irod.: Bi\u00e1s Istv\u00e1n; Guly\u00e1s, Id\u0151t\u00e1r 2<\/p>\n","protected":false},"featured_media":0,"comment_status":"open","ping_status":"closed","template":"","meta":[],"product_brand":[],"product_cat":[137],"product_tag":[],"class_list":{"0":"post-7083","1":"product","2":"type-product","3":"status-publish","5":"product_cat-maros-megyei-eletrajzi-lexikon","7":"first","8":"instock","9":"shipping-taxable","10":"product-type-simple"},"_links":{"self":[{"href":"https:\/\/uj.adatbank.ro\/lexikon\/wp-json\/wp\/v2\/product\/7083","targetHints":{"allow":["GET"]}}],"collection":[{"href":"https:\/\/uj.adatbank.ro\/lexikon\/wp-json\/wp\/v2\/product"}],"about":[{"href":"https:\/\/uj.adatbank.ro\/lexikon\/wp-json\/wp\/v2\/types\/product"}],"replies":[{"embeddable":true,"href":"https:\/\/uj.adatbank.ro\/lexikon\/wp-json\/wp\/v2\/comments?post=7083"}],"wp:attachment":[{"href":"https:\/\/uj.adatbank.ro\/lexikon\/wp-json\/wp\/v2\/media?parent=7083"}],"wp:term":[{"taxonomy":"product_brand","embeddable":true,"href":"https:\/\/uj.adatbank.ro\/lexikon\/wp-json\/wp\/v2\/product_brand?post=7083"},{"taxonomy":"product_cat","embeddable":true,"href":"https:\/\/uj.adatbank.ro\/lexikon\/wp-json\/wp\/v2\/product_cat?post=7083"},{"taxonomy":"product_tag","embeddable":true,"href":"https:\/\/uj.adatbank.ro\/lexikon\/wp-json\/wp\/v2\/product_tag?post=7083"}],"curies":[{"name":"wp","href":"https:\/\/api.w.org\/{rel}","templated":true}]}}