{"id":7084,"date":"2025-06-28T18:14:23","date_gmt":"2025-06-28T16:14:23","guid":{"rendered":"https:\/\/uj.adatbank.ro\/lexikon\/termek\/drakulya-laszlo-drekula-csalad\/"},"modified":"2025-06-28T18:14:23","modified_gmt":"2025-06-28T16:14:23","slug":"drakulya-laszlo-drekula-csalad","status":"publish","type":"product","link":"https:\/\/uj.adatbank.ro\/lexikon\/termek\/drakulya-laszlo-drekula-csalad\/","title":{"rendered":"DRAKULYA L\u00e1szl\u00f3, Drekula csal\u00e1d"},"content":{"rendered":"<p>? \u2020\u00a0? : erd\u00e9lyi nemes, mez\u0151b\u00e1ndi birtokos. \u2013 Kendi Ferenc \u00e9s Dob\u00f3 Istv\u00e1n erd\u00e9lyi vajd\u00e1k parancsot k\u00fcldtek a kolosmonostori conventhez, hogy Drakulya L\u00e1szl\u00f3t \u00e9s feles\u00e9g\u00e9t Ann\u00e1t, iktass\u00e1k be a Maros sz\u00e9ki B\u00e1nd helys\u00e9gben l\u00e9v\u0151 h\u00e1zba \u00e9s nemesi udvarba, melyet az emlitett Anna le\u00e1nya, Borb\u00e1la Kornis Mih\u00e1lyn\u00e9, nekiek \u00f6r\u00f6kbe adott. (Kelt 1554-ben). <br \/><strong>Irod.:<\/strong> Pesty 2014; SzOkl, 2<\/br><\/p>\n","protected":false},"excerpt":{"rendered":"<p>? \u2020\u00a0? : erd\u00e9lyi nemes, mez\u0151b\u00e1ndi birtokos. \u2013 Kendi Ferenc \u00e9s Dob\u00f3 Istv\u00e1n erd\u00e9lyi vajd\u00e1k parancsot k\u00fcldtek a kolosmonostori conventhez, hogy Drakulya L\u00e1szl\u00f3t \u00e9s feles\u00e9g\u00e9t Ann\u00e1t, iktass\u00e1k be a Maros sz\u00e9ki B\u00e1nd helys\u00e9gben l\u00e9v\u0151 h\u00e1zba \u00e9s nemesi udvarba, melyet az emlitett Anna le\u00e1nya, Borb\u00e1la Kornis Mih\u00e1lyn\u00e9, nekiek \u00f6r\u00f6kbe adott. (Kelt 1554-ben). Irod.: Pesty 2014; SzOkl, [&hellip;]<\/p>\n","protected":false},"featured_media":0,"comment_status":"open","ping_status":"closed","template":"","meta":[],"product_brand":[],"product_cat":[137],"product_tag":[],"class_list":{"0":"post-7084","1":"product","2":"type-product","3":"status-publish","5":"product_cat-maros-megyei-eletrajzi-lexikon","7":"first","8":"instock","9":"shipping-taxable","10":"product-type-simple"},"_links":{"self":[{"href":"https:\/\/uj.adatbank.ro\/lexikon\/wp-json\/wp\/v2\/product\/7084","targetHints":{"allow":["GET"]}}],"collection":[{"href":"https:\/\/uj.adatbank.ro\/lexikon\/wp-json\/wp\/v2\/product"}],"about":[{"href":"https:\/\/uj.adatbank.ro\/lexikon\/wp-json\/wp\/v2\/types\/product"}],"replies":[{"embeddable":true,"href":"https:\/\/uj.adatbank.ro\/lexikon\/wp-json\/wp\/v2\/comments?post=7084"}],"wp:attachment":[{"href":"https:\/\/uj.adatbank.ro\/lexikon\/wp-json\/wp\/v2\/media?parent=7084"}],"wp:term":[{"taxonomy":"product_brand","embeddable":true,"href":"https:\/\/uj.adatbank.ro\/lexikon\/wp-json\/wp\/v2\/product_brand?post=7084"},{"taxonomy":"product_cat","embeddable":true,"href":"https:\/\/uj.adatbank.ro\/lexikon\/wp-json\/wp\/v2\/product_cat?post=7084"},{"taxonomy":"product_tag","embeddable":true,"href":"https:\/\/uj.adatbank.ro\/lexikon\/wp-json\/wp\/v2\/product_tag?post=7084"}],"curies":[{"name":"wp","href":"https:\/\/api.w.org\/{rel}","templated":true}]}}