{"id":7086,"date":"2025-06-28T18:14:26","date_gmt":"2025-06-28T16:14:26","guid":{"rendered":"https:\/\/uj.adatbank.ro\/lexikon\/termek\/draus-daniel-moler\/"},"modified":"2025-06-28T18:14:26","modified_gmt":"2025-06-28T16:14:26","slug":"draus-daniel-moler","status":"publish","type":"product","link":"https:\/\/uj.adatbank.ro\/lexikon\/termek\/draus-daniel-moler\/","title":{"rendered":"DRAUS Daniel Moler"},"content":{"rendered":"<p>Segesv\u00e1r, ? \u2020\u00a0Szeben, (1591\u20131597). Az apja: Daniel Moler aber Draus, segesv\u00e1ri, feles\u00e9ge Agnetha Karlin. Szebenben ismert egy Daniel fest\u0151 (1597), aki az utols\u00f3 k\u00e9t \u00e9vt\u00edzedben a xv\u00ed. sz\u00e1zadban ott alkotott.). <br \/><strong>Irod.:<\/strong> Firea\u2013Pop<\/br><\/p>\n","protected":false},"excerpt":{"rendered":"<p>Segesv\u00e1r, ? \u2020\u00a0Szeben, (1591\u20131597). Az apja: Daniel Moler aber Draus, segesv\u00e1ri, feles\u00e9ge Agnetha Karlin. Szebenben ismert egy Daniel fest\u0151 (1597), aki az utols\u00f3 k\u00e9t \u00e9vt\u00edzedben a xv\u00ed. sz\u00e1zadban ott alkotott.). Irod.: Firea\u2013Pop<\/p>\n","protected":false},"featured_media":0,"comment_status":"open","ping_status":"closed","template":"","meta":[],"product_brand":[],"product_cat":[137],"product_tag":[],"class_list":{"0":"post-7086","1":"product","2":"type-product","3":"status-publish","5":"product_cat-maros-megyei-eletrajzi-lexikon","7":"first","8":"instock","9":"shipping-taxable","10":"product-type-simple"},"_links":{"self":[{"href":"https:\/\/uj.adatbank.ro\/lexikon\/wp-json\/wp\/v2\/product\/7086","targetHints":{"allow":["GET"]}}],"collection":[{"href":"https:\/\/uj.adatbank.ro\/lexikon\/wp-json\/wp\/v2\/product"}],"about":[{"href":"https:\/\/uj.adatbank.ro\/lexikon\/wp-json\/wp\/v2\/types\/product"}],"replies":[{"embeddable":true,"href":"https:\/\/uj.adatbank.ro\/lexikon\/wp-json\/wp\/v2\/comments?post=7086"}],"wp:attachment":[{"href":"https:\/\/uj.adatbank.ro\/lexikon\/wp-json\/wp\/v2\/media?parent=7086"}],"wp:term":[{"taxonomy":"product_brand","embeddable":true,"href":"https:\/\/uj.adatbank.ro\/lexikon\/wp-json\/wp\/v2\/product_brand?post=7086"},{"taxonomy":"product_cat","embeddable":true,"href":"https:\/\/uj.adatbank.ro\/lexikon\/wp-json\/wp\/v2\/product_cat?post=7086"},{"taxonomy":"product_tag","embeddable":true,"href":"https:\/\/uj.adatbank.ro\/lexikon\/wp-json\/wp\/v2\/product_tag?post=7086"}],"curies":[{"name":"wp","href":"https:\/\/api.w.org\/{rel}","templated":true}]}}