{"id":7087,"date":"2025-06-28T18:14:28","date_gmt":"2025-06-28T16:14:28","guid":{"rendered":"https:\/\/uj.adatbank.ro\/lexikon\/termek\/draut-johann-ferinand\/"},"modified":"2025-06-28T18:14:28","modified_gmt":"2025-06-28T16:14:28","slug":"draut-johann-ferinand","status":"publish","type":"product","link":"https:\/\/uj.adatbank.ro\/lexikon\/termek\/draut-johann-ferinand\/","title":{"rendered":"DRAUT Johann Ferinand"},"content":{"rendered":"<p>Segesv\u00e1r, 1800. dec. 24., \u2020 B\u00e9cs, 1835. dec. 15.: orvos. \u2013 A k\u00f6z\u00e9piskol\u00e1t Segesv\u00e1ron v\u00e9gezte, majd beiratkozot a pr\u00e1gai egyetemre, innen n\u00e9met egyetemekre ment, ahol r\u00e9szt vett a demag\u00f3giai mozgalomban, ez\u00e9rt amikor visszat\u00e9rt B\u00e9csbe lefogt\u00e1k \u00e9s h\u00e1romnegyed\u00e9vig fogs\u00e1gban tartott\u00e1k. Kiszabadul\u00e1sa ut\u00e1n Pr\u00e1g\u00e1ban folytatott orvosi tanulm\u00e1nyokat, majd B\u00e9csben nyert orvosi diplom\u00e1t (1829), seb\u00e9szoklevelet (1831). Mint gyakorl\u00f3 orvos B\u00e9csben telepedett le. Tagja volt a b\u00e9csi Orvosi Karnak \u00e9s a j\u00e9nai Mineralogiai T\u00e1rsas\u00e1gnak. \u2013 <strong>F. m.:<\/strong> Die Geschichte der Blattern\u00a0Imfung mit dem Impfstoffe der arabischen Pocke, chronologisch-synchronisch und ethnographisch dargestellt (Wien, 1829). <br \/><strong>Irod.:<\/strong> Gy\u0151ry; Szab\u00f3\u2013Sz\u00f6gi; Szinnyei; Szinnyei J-Sz. J.<\/br><\/p>\n","protected":false},"excerpt":{"rendered":"<p>Segesv\u00e1r, 1800. dec. 24., \u2020 B\u00e9cs, 1835. dec. 15.: orvos. \u2013 A k\u00f6z\u00e9piskol\u00e1t Segesv\u00e1ron v\u00e9gezte, majd beiratkozot a pr\u00e1gai egyetemre, innen n\u00e9met egyetemekre ment, ahol r\u00e9szt vett a demag\u00f3giai mozgalomban, ez\u00e9rt amikor visszat\u00e9rt B\u00e9csbe lefogt\u00e1k \u00e9s h\u00e1romnegyed\u00e9vig fogs\u00e1gban tartott\u00e1k. Kiszabadul\u00e1sa ut\u00e1n Pr\u00e1g\u00e1ban folytatott orvosi tanulm\u00e1nyokat, majd B\u00e9csben nyert orvosi diplom\u00e1t (1829), seb\u00e9szoklevelet (1831). Mint gyakorl\u00f3 [&hellip;]<\/p>\n","protected":false},"featured_media":0,"comment_status":"open","ping_status":"closed","template":"","meta":[],"product_brand":[],"product_cat":[137],"product_tag":[],"class_list":{"0":"post-7087","1":"product","2":"type-product","3":"status-publish","5":"product_cat-maros-megyei-eletrajzi-lexikon","7":"first","8":"instock","9":"shipping-taxable","10":"product-type-simple"},"_links":{"self":[{"href":"https:\/\/uj.adatbank.ro\/lexikon\/wp-json\/wp\/v2\/product\/7087","targetHints":{"allow":["GET"]}}],"collection":[{"href":"https:\/\/uj.adatbank.ro\/lexikon\/wp-json\/wp\/v2\/product"}],"about":[{"href":"https:\/\/uj.adatbank.ro\/lexikon\/wp-json\/wp\/v2\/types\/product"}],"replies":[{"embeddable":true,"href":"https:\/\/uj.adatbank.ro\/lexikon\/wp-json\/wp\/v2\/comments?post=7087"}],"wp:attachment":[{"href":"https:\/\/uj.adatbank.ro\/lexikon\/wp-json\/wp\/v2\/media?parent=7087"}],"wp:term":[{"taxonomy":"product_brand","embeddable":true,"href":"https:\/\/uj.adatbank.ro\/lexikon\/wp-json\/wp\/v2\/product_brand?post=7087"},{"taxonomy":"product_cat","embeddable":true,"href":"https:\/\/uj.adatbank.ro\/lexikon\/wp-json\/wp\/v2\/product_cat?post=7087"},{"taxonomy":"product_tag","embeddable":true,"href":"https:\/\/uj.adatbank.ro\/lexikon\/wp-json\/wp\/v2\/product_tag?post=7087"}],"curies":[{"name":"wp","href":"https:\/\/api.w.org\/{rel}","templated":true}]}}