{"id":7089,"date":"2025-06-28T18:14:32","date_gmt":"2025-06-28T16:14:32","guid":{"rendered":"https:\/\/uj.adatbank.ro\/lexikon\/termek\/drechhaller-georg-dehhaller-georg\/"},"modified":"2025-06-28T18:14:32","modified_gmt":"2025-06-28T16:14:32","slug":"drechhaller-georg-dehhaller-georg","status":"publish","type":"product","link":"https:\/\/uj.adatbank.ro\/lexikon\/termek\/drechhaller-georg-dehhaller-georg\/","title":{"rendered":"DRECHHALLER Georg, Dehhaller Georg"},"content":{"rendered":"<p>? \u2020 ? : h\u00e1zhelytulajdonos. \u2013 Segesv\u00e1ron a f\u00f6ldoszt\u00e1skor kisaj\u00e1t\u00edtott\u00e1k egyik 473 n\u00f6. nagys\u00e1g\u00fa bels\u0151s\u00e9g\u00e9t egy ort. templom \u00e9p\u00edt\u00e9se c\u00e9lj\u00e1b\u00f3l (1923). <br \/><strong>Irod.:<\/strong> Prozan<\/br><\/p>\n","protected":false},"excerpt":{"rendered":"<p>? \u2020 ? : h\u00e1zhelytulajdonos. \u2013 Segesv\u00e1ron a f\u00f6ldoszt\u00e1skor kisaj\u00e1t\u00edtott\u00e1k egyik 473 n\u00f6. nagys\u00e1g\u00fa bels\u0151s\u00e9g\u00e9t egy ort. templom \u00e9p\u00edt\u00e9se c\u00e9lj\u00e1b\u00f3l (1923). Irod.: Prozan<\/p>\n","protected":false},"featured_media":0,"comment_status":"open","ping_status":"closed","template":"","meta":[],"product_brand":[],"product_cat":[137],"product_tag":[],"class_list":{"0":"post-7089","1":"product","2":"type-product","3":"status-publish","5":"product_cat-maros-megyei-eletrajzi-lexikon","7":"first","8":"instock","9":"shipping-taxable","10":"product-type-simple"},"_links":{"self":[{"href":"https:\/\/uj.adatbank.ro\/lexikon\/wp-json\/wp\/v2\/product\/7089","targetHints":{"allow":["GET"]}}],"collection":[{"href":"https:\/\/uj.adatbank.ro\/lexikon\/wp-json\/wp\/v2\/product"}],"about":[{"href":"https:\/\/uj.adatbank.ro\/lexikon\/wp-json\/wp\/v2\/types\/product"}],"replies":[{"embeddable":true,"href":"https:\/\/uj.adatbank.ro\/lexikon\/wp-json\/wp\/v2\/comments?post=7089"}],"wp:attachment":[{"href":"https:\/\/uj.adatbank.ro\/lexikon\/wp-json\/wp\/v2\/media?parent=7089"}],"wp:term":[{"taxonomy":"product_brand","embeddable":true,"href":"https:\/\/uj.adatbank.ro\/lexikon\/wp-json\/wp\/v2\/product_brand?post=7089"},{"taxonomy":"product_cat","embeddable":true,"href":"https:\/\/uj.adatbank.ro\/lexikon\/wp-json\/wp\/v2\/product_cat?post=7089"},{"taxonomy":"product_tag","embeddable":true,"href":"https:\/\/uj.adatbank.ro\/lexikon\/wp-json\/wp\/v2\/product_tag?post=7089"}],"curies":[{"name":"wp","href":"https:\/\/api.w.org\/{rel}","templated":true}]}}