{"id":7091,"date":"2025-06-28T18:14:35","date_gmt":"2025-06-28T16:14:35","guid":{"rendered":"https:\/\/uj.adatbank.ro\/lexikon\/termek\/dredetianu-ioan-dredetian-ioan-dretean-ioan-drediteanu-ioan\/"},"modified":"2025-06-28T18:14:35","modified_gmt":"2025-06-28T16:14:35","slug":"dredetianu-ioan-dredetian-ioan-dretean-ioan-drediteanu-ioan","status":"publish","type":"product","link":"https:\/\/uj.adatbank.ro\/lexikon\/termek\/dredetianu-ioan-dredetian-ioan-dretean-ioan-drediteanu-ioan\/","title":{"rendered":"DREDE\u0162IANU, Ioan; Drede\u0163ian Ioan, Dre\u0163ean Ioan, Dredi\u0163eanu Ioan"},"content":{"rendered":"<p>Kisf\u00fclp\u00f6s, 1883. febr. 8., \u2020\u00a01958.: g\u00f6r. kat. pap. \u2013 A k\u00f6z\u00e9piskol\u00e1t \u00e9s a teol\u00f3gi\u00e1t Bal\u00e1zsfalv\u00e1n v\u00e9gezte, papp\u00e1 szentelt\u00e9k (1905). Egyh\u00e1zi m\u0171k\u00f6d\u00e9s\u00e9t Mez\u0151cs\u00e1v\u00e1son kezdte, azut\u00e1n Mez\u0151szokolon, ahol iskolaigazgat\u00f3 is volt \u00e9s szolg\u00e1lata ideje alatt \u00e9p\u00fclt fel az \u00faj k\u00e9ttantermes iskola \u00e9s tan\u00edt\u00f3i lak\u00e1s (1910\u201319). Mv.-en (1925\u201340), majd Ny\u00e1r\u00e1dt\u0151n (1940\u201344) m\u0171k\u00f6d\u00f6tt, esperes-pl\u00e9b\u00e1nos. Kiz\u00e1r\u00f3lag hivat\u00e1s\u00e1nak szentelte \u00e9let\u00e9t, a nev\u00e9hez f\u0171z\u0151dik a mv.-i a g\u00f6r. kat. nagy templom meg\u00e9p\u00edt\u00e9se (1936), mely a h\u00edvek k\u00f6zadakoz\u00e1sa, valamint \u00e1llami, v\u00e1rmegyei \u00e9s v\u00e1rosi seg\u00e9lyb\u0151l \u00e9p\u00fclt, Al. Nicolescu mitropolita szentelte fel (1936. szept. 8.). Ez a g\u00f6r. kat. templom az ortodoxok\u00e9 lett (1948\u2013). Egyh\u00e1zi irodalmi munk\u00e1ss\u00e1ggal foglalkozott, t\u00f6bb k\u00f6tetnyi pr\u00e9dik\u00e1ci\u00f3t \u00edrt. T\u00f6bb kultur\u00e1lis \u00e9s egyh\u00e1zi egyes\u00fclet vezet\u00e9s\u00e9ben vett r\u00e9szt. Az ASTRA mv.-i szakoszt\u00e1ly\u00e1nak vezet\u0151s\u00e9gi tagja. Tagja volt a Maros megyei Politikai Bizotts\u00e1gnak (1945. aug. 1.). <br \/><strong>Irod.:<\/strong> C. L. (2006. febr. 15.); Guly\u00e1s; Id\u0151t\u00e1r 4.; Mv. t\u00f6rt. 2.; Pusztai-Popovits J\u00f3zsef: Rom\u00e1n kult\u00far\u00e9let \u00c9szak-Erd\u00e9lyben (P\u00e9cs, 1942); Socolul de C\u00e2mpie; Sz\u00e9kelyf\u00f6ld \u00ed. k.; \u015eincan 2006; Todea 2013<\/br><\/p>\n","protected":false},"excerpt":{"rendered":"<p>Kisf\u00fclp\u00f6s, 1883. febr. 8., \u2020\u00a01958.: g\u00f6r. kat. pap. \u2013 A k\u00f6z\u00e9piskol\u00e1t \u00e9s a teol\u00f3gi\u00e1t Bal\u00e1zsfalv\u00e1n v\u00e9gezte, papp\u00e1 szentelt\u00e9k (1905). Egyh\u00e1zi m\u0171k\u00f6d\u00e9s\u00e9t Mez\u0151cs\u00e1v\u00e1son kezdte, azut\u00e1n Mez\u0151szokolon, ahol iskolaigazgat\u00f3 is volt \u00e9s szolg\u00e1lata ideje alatt \u00e9p\u00fclt fel az \u00faj k\u00e9ttantermes iskola \u00e9s tan\u00edt\u00f3i lak\u00e1s (1910\u201319). Mv.-en (1925\u201340), majd Ny\u00e1r\u00e1dt\u0151n (1940\u201344) m\u0171k\u00f6d\u00f6tt, esperes-pl\u00e9b\u00e1nos. Kiz\u00e1r\u00f3lag hivat\u00e1s\u00e1nak szentelte \u00e9let\u00e9t, a [&hellip;]<\/p>\n","protected":false},"featured_media":0,"comment_status":"open","ping_status":"closed","template":"","meta":[],"product_brand":[],"product_cat":[137],"product_tag":[],"class_list":{"0":"post-7091","1":"product","2":"type-product","3":"status-publish","5":"product_cat-maros-megyei-eletrajzi-lexikon","7":"first","8":"instock","9":"shipping-taxable","10":"product-type-simple"},"_links":{"self":[{"href":"https:\/\/uj.adatbank.ro\/lexikon\/wp-json\/wp\/v2\/product\/7091","targetHints":{"allow":["GET"]}}],"collection":[{"href":"https:\/\/uj.adatbank.ro\/lexikon\/wp-json\/wp\/v2\/product"}],"about":[{"href":"https:\/\/uj.adatbank.ro\/lexikon\/wp-json\/wp\/v2\/types\/product"}],"replies":[{"embeddable":true,"href":"https:\/\/uj.adatbank.ro\/lexikon\/wp-json\/wp\/v2\/comments?post=7091"}],"wp:attachment":[{"href":"https:\/\/uj.adatbank.ro\/lexikon\/wp-json\/wp\/v2\/media?parent=7091"}],"wp:term":[{"taxonomy":"product_brand","embeddable":true,"href":"https:\/\/uj.adatbank.ro\/lexikon\/wp-json\/wp\/v2\/product_brand?post=7091"},{"taxonomy":"product_cat","embeddable":true,"href":"https:\/\/uj.adatbank.ro\/lexikon\/wp-json\/wp\/v2\/product_cat?post=7091"},{"taxonomy":"product_tag","embeddable":true,"href":"https:\/\/uj.adatbank.ro\/lexikon\/wp-json\/wp\/v2\/product_tag?post=7091"}],"curies":[{"name":"wp","href":"https:\/\/api.w.org\/{rel}","templated":true}]}}