{"id":7092,"date":"2025-06-28T18:14:36","date_gmt":"2025-06-28T16:14:36","guid":{"rendered":"https:\/\/uj.adatbank.ro\/lexikon\/termek\/drexler-bela\/"},"modified":"2025-06-28T18:14:36","modified_gmt":"2025-06-28T16:14:36","slug":"drexler-bela","status":"publish","type":"product","link":"https:\/\/uj.adatbank.ro\/lexikon\/termek\/drexler-bela\/","title":{"rendered":"DREXLER B\u00e9la"},"content":{"rendered":"<p>1877., \u2020 Nagyteremi, 1937. j\u00fan., Mv., van eltemetve: dr., miniszteri tan\u00e1csos, bankigazgat\u00f3. \u2013 A F\u00f6ldm\u0171vel\u00e9si Miniszt\u00e9rium Erd\u00e9lyr\u00e9szi Kirendelts\u00e9ge v\u00e1s\u00e1rhelyi ir\u00e1ny\u00edt\u00f3ja (1913). Ig. tagja volt a kv.-i Ellenz\u00e9knek; a Hangya Sz\u00f6vetkezetek Sz\u00f6vets\u00e9g\u00e9nek eln\u00f6ke; az OMP int\u00e9z\u0151bizotts\u00e1g\u00e1nak tagja (1927, 1929). A Mv.-i Magyar Sz\u00cdnp\u00e1rtol\u00f3k Egyes\u00fclet\u00e9nek vezet\u0151s\u00e9gi tagja (1921). A szanat\u00f3riumot \u00e9p\u00edt\u0151 rt. f\u0151r\u00e9szv\u00e9nyese (1926). A Mv.-i Bank \u00e9s Takar\u00e9kp\u00e9nzt\u00e1r R. T. \u00e9s a Sz\u00e9kely gazdas\u00e1gi Sz\u00f6vetkezet igazgat\u00f3tan\u00e1cs\u00e1nak tagja. <br \/><strong>Irod.:<\/strong> Csekme; Guly\u00e1s, Id\u0151t\u00e1r 3; Koszta Istv\u00e1n: F\u00f6ldindul\u00e1s \u2013 1916 = P\u00e1l-Antal \u2013 Simon; Pan\u0103<\/br><\/p>\n","protected":false},"excerpt":{"rendered":"<p>1877., \u2020 Nagyteremi, 1937. j\u00fan., Mv., van eltemetve: dr., miniszteri tan\u00e1csos, bankigazgat\u00f3. \u2013 A F\u00f6ldm\u0171vel\u00e9si Miniszt\u00e9rium Erd\u00e9lyr\u00e9szi Kirendelts\u00e9ge v\u00e1s\u00e1rhelyi ir\u00e1ny\u00edt\u00f3ja (1913). Ig. tagja volt a kv.-i Ellenz\u00e9knek; a Hangya Sz\u00f6vetkezetek Sz\u00f6vets\u00e9g\u00e9nek eln\u00f6ke; az OMP int\u00e9z\u0151bizotts\u00e1g\u00e1nak tagja (1927, 1929). A Mv.-i Magyar Sz\u00cdnp\u00e1rtol\u00f3k Egyes\u00fclet\u00e9nek vezet\u0151s\u00e9gi tagja (1921). A szanat\u00f3riumot \u00e9p\u00edt\u0151 rt. f\u0151r\u00e9szv\u00e9nyese (1926). A Mv.-i Bank [&hellip;]<\/p>\n","protected":false},"featured_media":0,"comment_status":"open","ping_status":"closed","template":"","meta":[],"product_brand":[],"product_cat":[137],"product_tag":[],"class_list":{"0":"post-7092","1":"product","2":"type-product","3":"status-publish","5":"product_cat-maros-megyei-eletrajzi-lexikon","7":"first","8":"instock","9":"shipping-taxable","10":"product-type-simple"},"_links":{"self":[{"href":"https:\/\/uj.adatbank.ro\/lexikon\/wp-json\/wp\/v2\/product\/7092","targetHints":{"allow":["GET"]}}],"collection":[{"href":"https:\/\/uj.adatbank.ro\/lexikon\/wp-json\/wp\/v2\/product"}],"about":[{"href":"https:\/\/uj.adatbank.ro\/lexikon\/wp-json\/wp\/v2\/types\/product"}],"replies":[{"embeddable":true,"href":"https:\/\/uj.adatbank.ro\/lexikon\/wp-json\/wp\/v2\/comments?post=7092"}],"wp:attachment":[{"href":"https:\/\/uj.adatbank.ro\/lexikon\/wp-json\/wp\/v2\/media?parent=7092"}],"wp:term":[{"taxonomy":"product_brand","embeddable":true,"href":"https:\/\/uj.adatbank.ro\/lexikon\/wp-json\/wp\/v2\/product_brand?post=7092"},{"taxonomy":"product_cat","embeddable":true,"href":"https:\/\/uj.adatbank.ro\/lexikon\/wp-json\/wp\/v2\/product_cat?post=7092"},{"taxonomy":"product_tag","embeddable":true,"href":"https:\/\/uj.adatbank.ro\/lexikon\/wp-json\/wp\/v2\/product_tag?post=7092"}],"curies":[{"name":"wp","href":"https:\/\/api.w.org\/{rel}","templated":true}]}}