{"id":7093,"date":"2025-06-28T18:14:39","date_gmt":"2025-06-28T16:14:39","guid":{"rendered":"https:\/\/uj.adatbank.ro\/lexikon\/termek\/druckmann-jakab\/"},"modified":"2025-06-28T18:14:39","modified_gmt":"2025-06-28T16:14:39","slug":"druckmann-jakab","status":"publish","type":"product","link":"https:\/\/uj.adatbank.ro\/lexikon\/termek\/druckmann-jakab\/","title":{"rendered":"DRUCKMANN Jakab"},"content":{"rendered":"<p>Brodina, 1898., \u2020\u00a0Mv., 1941. j\u00fan. 17. : t\u00fczifakeresked\u0151. \u2013 K\u00f6z\u00e9piskolai tanulm\u00e1nyait elv\u00e9gezve Kv.-on 2 \u00e9vig az orvosi fakult\u00e1st hallgatta, majd mag\u00e1ntisztvisel\u0151 lett. El\u0151bb doh\u00e1nyt\u0151zsd\u00e9t majd t\u00fczifarakt\u00e1rt (1936\u2013) l\u00e9tes\u00edtett Mv.-en. <br \/><strong>Irod.:<\/strong> Mv.-i zsid\u00f3 temet\u0151 registere; Sz\u00e9kelyf\u00f6ld \u00ed. k.<\/br><\/p>\n","protected":false},"excerpt":{"rendered":"<p>Brodina, 1898., \u2020\u00a0Mv., 1941. j\u00fan. 17. : t\u00fczifakeresked\u0151. \u2013 K\u00f6z\u00e9piskolai tanulm\u00e1nyait elv\u00e9gezve Kv.-on 2 \u00e9vig az orvosi fakult\u00e1st hallgatta, majd mag\u00e1ntisztvisel\u0151 lett. El\u0151bb doh\u00e1nyt\u0151zsd\u00e9t majd t\u00fczifarakt\u00e1rt (1936\u2013) l\u00e9tes\u00edtett Mv.-en. Irod.: Mv.-i zsid\u00f3 temet\u0151 registere; Sz\u00e9kelyf\u00f6ld \u00ed. k.<\/p>\n","protected":false},"featured_media":0,"comment_status":"open","ping_status":"closed","template":"","meta":[],"product_brand":[],"product_cat":[137],"product_tag":[],"class_list":{"0":"post-7093","1":"product","2":"type-product","3":"status-publish","5":"product_cat-maros-megyei-eletrajzi-lexikon","7":"first","8":"instock","9":"shipping-taxable","10":"product-type-simple"},"_links":{"self":[{"href":"https:\/\/uj.adatbank.ro\/lexikon\/wp-json\/wp\/v2\/product\/7093","targetHints":{"allow":["GET"]}}],"collection":[{"href":"https:\/\/uj.adatbank.ro\/lexikon\/wp-json\/wp\/v2\/product"}],"about":[{"href":"https:\/\/uj.adatbank.ro\/lexikon\/wp-json\/wp\/v2\/types\/product"}],"replies":[{"embeddable":true,"href":"https:\/\/uj.adatbank.ro\/lexikon\/wp-json\/wp\/v2\/comments?post=7093"}],"wp:attachment":[{"href":"https:\/\/uj.adatbank.ro\/lexikon\/wp-json\/wp\/v2\/media?parent=7093"}],"wp:term":[{"taxonomy":"product_brand","embeddable":true,"href":"https:\/\/uj.adatbank.ro\/lexikon\/wp-json\/wp\/v2\/product_brand?post=7093"},{"taxonomy":"product_cat","embeddable":true,"href":"https:\/\/uj.adatbank.ro\/lexikon\/wp-json\/wp\/v2\/product_cat?post=7093"},{"taxonomy":"product_tag","embeddable":true,"href":"https:\/\/uj.adatbank.ro\/lexikon\/wp-json\/wp\/v2\/product_tag?post=7093"}],"curies":[{"name":"wp","href":"https:\/\/api.w.org\/{rel}","templated":true}]}}