{"id":7097,"date":"2025-06-28T18:14:48","date_gmt":"2025-06-28T16:14:48","guid":{"rendered":"https:\/\/uj.adatbank.ro\/lexikon\/termek\/ducan-ion-%c2%a7\/"},"modified":"2025-06-28T18:14:48","modified_gmt":"2025-06-28T16:14:48","slug":"ducan-ion-%c2%a7","status":"publish","type":"product","link":"https:\/\/uj.adatbank.ro\/lexikon\/termek\/ducan-ion-%c2%a7\/","title":{"rendered":"DUCAN Ion \u00a7"},"content":{"rendered":"<p>Suli\u0163a, 1931. j\u00fan. 13., \u2020 Dics\u0151szentm\u00e1rton, 2000. febr. 16.: testnevel\u0151-tan\u00e1r, edz\u0151. \u2013 Iskol\u00e1it sz\u00fcl\u0151faluj\u00e1ban kezdte, majd \u00e1rvah\u00e1zba ker\u00fclt. Brass\u00f3ban Testnevel\u0151 K\u00f6z\u00e9piskol\u00e1t v\u00e9gzett. Tornatan\u00e1rnak nevezt\u00e9k ki a Sovromtractor Szakk\u00f6z\u00e9piskol\u00e1ba Brass\u00f3ba, ahol egy \u00e9vet m\u0171k\u0151d\u00f6tt, azut\u00e1n Buk.-ben a Testnevel\u0151 F\u0151iskol\u00e1n tanult (1953\u201355), de f\u00e9lbeszak\u00edtotta, mert megn\u0151s\u00fclt. Visszat\u00e9rt Buk. -be, \u00e9s befejzte f\u0151iskolai tanulm\u00e1nyait (1959). D\u00edcs\u0151szentm\u00e1rtonba testnevel\u0151tan\u00e1r a K\u00e9miai Szakiskol\u00e1ban (1956\u201357). Egyetemistak\u00e9nt Buk.-ben bajnok gyeplabd\u00e1ban (1953), a Stiin\u0163a Sportklub keret\u00e9ben, ugyanezzel a csapattal nemzeti bajnoks\u00e1got nyertek (1954\u201356). A hazai gyeplabda v\u00e1logatott keret\u00e9nek tagja, 10 m\u00e9rk\u00f6z\u00e9sen vett r\u00e9szt Eur\u00f3pa k\u00fcl\u00f6nb\u00f6z\u0151 orsz\u00e1gaiban. Tagja volt m\u00e9g a Flamura Ro\u015fie, Dinamo csapat\u00e1nak \u00e9s Kv.-on a \u015etiin\u0163anak, Medgyesen is dolgozott, azt\u00e1n a d\u00edcs\u0151i K\u00e9miai L\u00edc. tan\u00e1ra lett, ahol 35 \u00e9vig, nyugd\u00edjaz\u00e1s\u00e1ig dolgozott (1993). R\u00f6plabda, k\u00e9zilabda, labdar\u00fag\u00f3, birkoz\u00f3 csapatokat szervezett, amelyekkel sz\u00e1mos bajnoks\u00e1got \u00e9s d\u00edjat nyert megyei \u00e9s nemzeti bajnoks\u00e1gokon. Saj\u00e1t maga is teniszezett, asztali teniszezett, gyeplabd\u00e1zott \u00e9s s\u00edzett. Sajt\u00f3tudos\u00edt\u00f3ja volt a Sportul, Steaua ro\u015fie lapoknak. R\u00e9szt vett a d\u00edcs\u0151i amat\u0151r sz\u00ednj\u00e1tsz\u00e1sban is. <br \/><strong>Irod.:<\/strong> Dasc\u0103li mure\u015feni 1.<\/br><\/p>\n","protected":false},"excerpt":{"rendered":"<p>Suli\u0163a, 1931. j\u00fan. 13., \u2020 Dics\u0151szentm\u00e1rton, 2000. febr. 16.: testnevel\u0151-tan\u00e1r, edz\u0151. \u2013 Iskol\u00e1it sz\u00fcl\u0151faluj\u00e1ban kezdte, majd \u00e1rvah\u00e1zba ker\u00fclt. Brass\u00f3ban Testnevel\u0151 K\u00f6z\u00e9piskol\u00e1t v\u00e9gzett. Tornatan\u00e1rnak nevezt\u00e9k ki a Sovromtractor Szakk\u00f6z\u00e9piskol\u00e1ba Brass\u00f3ba, ahol egy \u00e9vet m\u0171k\u0151d\u00f6tt, azut\u00e1n Buk.-ben a Testnevel\u0151 F\u0151iskol\u00e1n tanult (1953\u201355), de f\u00e9lbeszak\u00edtotta, mert megn\u0151s\u00fclt. Visszat\u00e9rt Buk. -be, \u00e9s befejzte f\u0151iskolai tanulm\u00e1nyait (1959). D\u00edcs\u0151szentm\u00e1rtonba testnevel\u0151tan\u00e1r a [&hellip;]<\/p>\n","protected":false},"featured_media":0,"comment_status":"open","ping_status":"closed","template":"","meta":[],"product_brand":[],"product_cat":[137],"product_tag":[],"class_list":{"0":"post-7097","1":"product","2":"type-product","3":"status-publish","5":"product_cat-maros-megyei-eletrajzi-lexikon","7":"first","8":"instock","9":"shipping-taxable","10":"product-type-simple"},"_links":{"self":[{"href":"https:\/\/uj.adatbank.ro\/lexikon\/wp-json\/wp\/v2\/product\/7097","targetHints":{"allow":["GET"]}}],"collection":[{"href":"https:\/\/uj.adatbank.ro\/lexikon\/wp-json\/wp\/v2\/product"}],"about":[{"href":"https:\/\/uj.adatbank.ro\/lexikon\/wp-json\/wp\/v2\/types\/product"}],"replies":[{"embeddable":true,"href":"https:\/\/uj.adatbank.ro\/lexikon\/wp-json\/wp\/v2\/comments?post=7097"}],"wp:attachment":[{"href":"https:\/\/uj.adatbank.ro\/lexikon\/wp-json\/wp\/v2\/media?parent=7097"}],"wp:term":[{"taxonomy":"product_brand","embeddable":true,"href":"https:\/\/uj.adatbank.ro\/lexikon\/wp-json\/wp\/v2\/product_brand?post=7097"},{"taxonomy":"product_cat","embeddable":true,"href":"https:\/\/uj.adatbank.ro\/lexikon\/wp-json\/wp\/v2\/product_cat?post=7097"},{"taxonomy":"product_tag","embeddable":true,"href":"https:\/\/uj.adatbank.ro\/lexikon\/wp-json\/wp\/v2\/product_tag?post=7097"}],"curies":[{"name":"wp","href":"https:\/\/api.w.org\/{rel}","templated":true}]}}