{"id":7099,"date":"2025-06-28T18:14:53","date_gmt":"2025-06-28T16:14:53","guid":{"rendered":"https:\/\/uj.adatbank.ro\/lexikon\/termek\/dudas-jozsef\/"},"modified":"2025-06-28T18:14:53","modified_gmt":"2025-06-28T16:14:53","slug":"dudas-jozsef","status":"publish","type":"product","link":"https:\/\/uj.adatbank.ro\/lexikon\/termek\/dudas-jozsef\/","title":{"rendered":"DUD\u00c1S J\u00f3zsef"},"content":{"rendered":"<p>Mv., 1912. szept. 22., \u2020 Bp., 1957. jan. 19.: politikus, m\u00e9rn\u00f6k, forradalm\u00e1r. \u2013 T\u00fcntet\u00e9s szervez\u00e9se miatt n\u00e9h\u00e1ny h\u00f3napot b\u00f6rt\u00f6nben t\u00f6lt\u00f6tt (1927). A buk.-i m\u0171egyetemen, k\u00e9s\u0151bb a bp. &#8211; i m\u0171egy. g\u00e9p\u00e9szm\u00e9rn\u00f6ki oszt\u00e1ly\u00e1ban tanult, de oklevelet nem szerzett. Rom\u00e1ni\u00e1ban illeg\u00e1lis kommunista tev\u00e9kenys\u00e9g miatt letar\u00adt\u00f3ztatt\u00e1k (1933\u2013), s 9, m\u00e1sodfokon 5, 5 \u00e9vi b\u00f6rt\u00f6nb\u00fcntet\u00e9sre \u00edt\u00e9lt\u00e9k (1933\u201339). A rom\u00e1n hat\u00f3s\u00e1gok elfogt\u00e1k, \u00f6sszevert\u00e9k \u00e9s cserefogolyk\u00e9nt kiadt\u00e1k Mo. -nak. Bp. -re k\u00f6lt\u00f6z\u00f6tt (1940), ahol telefonszerel\u0151 lett, s kapcso\u00adlatba l\u00e9pett a KMP-vel. R\u00e9szt vett az ellen\u00e1ll\u00e1si mozgalomban (1944\u2013); szept. &#8211; ben a fegy\u00adversz\u00fcneti t\u00e1rgyal\u00e1sokat el\u0151k\u00e9sz\u00edt\u0151 k\u00fcld\u00f6tts\u00e9g tagjak\u00e9nt, Atz\u00e9l Ede mellett, Moszkv\u00e1ban t\u00e1rgyalt, nov.- ben a M. Nemzeti Felkel\u00e9s Felszabad\u00edt\u00f3 Bizotts\u00e1ga egyik alap\u00edt\u00f3ja. Csepelen szervezte az ellen\u00e1ll\u00e1st (1945 ut\u00e1n). A II. vh. ut\u00e1n nem vett\u00e9k fel az MKP-ba. A F\u00fcggetlen Kisgazdap\u00e1rt fel\u00e9 orient\u00e1l\u00f3dott (1945). A bp.-i T\u00f6rv\u00e9nyhat\u00f3s\u00e1gi Bizotts\u00e1g tagja volt. A M. Testv\u00e9ri K\u00f6z\u00f6ss\u00e9g pere kapcs\u00e1n letart\u00f3z\u00adtatt\u00e1k (1946. dec.), intern\u00e1lt\u00e1k, ideiglenesen szabadon engedt\u00e9k (1948 tavasz\u00e1n), de \u00fajra intern\u00e1lt\u00e1k (1948. nov.); Kistarcs\u00e1n \u00e9s a recski k\u00e9nyszer\u00admunkat\u00e1borban is raboskodott. Kiadt\u00e1k Rom\u00e1ni\u00e1nak (1951), ahol nem tudt\u00e1k r\u00e1bizo\u00adny\u00edtani, hogy a II. vh. el\u0151tt rend\u0151rs\u00e9gi bes\u00fag\u00f3 lett volna, ez\u00e9rt visszaadt\u00e1k a m. hat\u00f3s\u00e1gok\u00adnak, kiszabadult (1954. m\u00e1j.-ban). Bp.-en g\u00e9p\u00e9szm\u00e9rn\u00f6k (1954\u2013), A Bel\u00fcgy\u00admin (1956. aug.), alaptalannak nyilv\u00e1n\u00edtotta 1948\u201354. \u00e9vi fogvatart\u00e1s\u00e1t. Az 1956-i forradalom idej\u00e9n \u00f6n\u00e1ll\u00f3 fegyveres csoportot szervezett, a forradalom egyik felkel\u0151parancsnoka, nagysiker\u0171 besz\u00e9det mondott a bp.-i Sz\u00e9na t\u00e9ren \u00f6sszegy\u0171lt t\u00f6megnek (1956. okt. 27 \u00e9s 28.). Az \u00e1ltala alap\u00edtott M. Nemzeti Forradalmi Bizottm\u00e1ny nev\u0171 politikai szervezet eln\u00f6ke volt (okt. 29-t\u0151l), elfoglalta a Szabad N\u00e9p sz\u00e9kh\u00e1z\u00e1t, s okt. 30. -nov. 3. k\u00f6z\u00f6tt M. F\u00fcg\u00adgetlens\u00e9g n\u00e9ven saj\u00e1t lapot adott ki, amely a korm\u00e1nnyal szemben mark\u00e1ns ellenz\u00e9ki hangot \u00fct\u00f6tt meg. Okt. 30-\u00e1n Nagy Imr\u00e9vel politikai egyeztet\u0151 t\u00e1rgyal\u00e1sokat folytatott az Orsz\u00e1gh\u00e1zban. nov. els\u0151 napjaiban k\u00fcl\u00f6n\u00adb\u00f6z\u0151 alaptalan h\u00edresztel\u00e9sek (a Nemzeti Bank kifoszt\u00e1sa, kommunista p\u00e1rtfunkcion\u00e1riusok megk\u00ednz\u00e1sa stb.) \u00e9s saj\u00e1t szem\u00e9ly\u00e9nek t\u00fal\u00e9rt\u00e9\u00adkel\u00e9se miatt egyre jobban elszigetel\u0151d\u00f6tt, nov. 3-\u00e1n csoportja is lev\u00e1ltotta. Nov. 4. ut\u00e1n a figyelmeztet\u00e9sek ellen\u00e9re sem hagyta el az or\u00adsz\u00e1got, tov\u00e1bbra is forradalmi vezet\u0151nek tar\u00adtotta mag\u00e1t, s megb\u00edzott az MSZMP vezet\u0151i\u00adben, akik nov. 21 -\u00e9n t\u00e1rgyal\u00e1sok \u00fcr\u00fcgy\u00e9vel a parlamentbe csalt\u00e1k, ahol a szovjetek letart\u00f3ztatt\u00e1k. Szov\u00adjet javaslatra ind\u00edtottak ellene elj\u00e1r\u00e1st. A Leg\u00adfels\u0151bb B\u00edr\u00f3s\u00e1g Katonai Koll. -a rendes elj\u00e1r\u00e1sban a fellebbez\u00e9s lehet\u0151s\u00e9ge n\u00e9lk\u00fcl hal\u00e1lra \u00edt\u00e9lte (1957. jan. 14.); kiv\u00e9gezt\u00e9k. \u00cdt\u00e9let\u00e9t semmisnek nyilv\u00e1n\u00edtott\u00e1k (1989). S\u00edrja a bp.-i \u00daj k\u00f6ztemet\u0151 301-es parcell\u00e1j\u00e1ban van. <br \/><strong>Irod.:<\/strong> Bak\u00f3 Zolt\u00e1n: A forradalom mv.-i sz\u00fclet\u00e9s\u0171 m\u00e1rt\u00edrja (V\u00e1s\u00e1rhelyi H\u00edrlap, 2008. jan. 18.); Encyc. Hung.; KKMT; M\u00c9L; R\u00daL; T\u00f3falvi Zolt\u00e1n: Erd\u00e9lyi m\u00e1rt\u00edrok Magyaro.-on \u2013 1956 (Kr\u00f3nika, 2006. nov. 10\u201312); T\u00f3falvi 5.; \u00daM\u00c9L<\/br><\/p>\n","protected":false},"excerpt":{"rendered":"<p>Mv., 1912. szept. 22., \u2020 Bp., 1957. jan. 19.: politikus, m\u00e9rn\u00f6k, forradalm\u00e1r. \u2013 T\u00fcntet\u00e9s szervez\u00e9se miatt n\u00e9h\u00e1ny h\u00f3napot b\u00f6rt\u00f6nben t\u00f6lt\u00f6tt (1927). A buk.-i m\u0171egyetemen, k\u00e9s\u0151bb a bp. &#8211; i m\u0171egy. g\u00e9p\u00e9szm\u00e9rn\u00f6ki oszt\u00e1ly\u00e1ban tanult, de oklevelet nem szerzett. Rom\u00e1ni\u00e1ban illeg\u00e1lis kommunista tev\u00e9kenys\u00e9g miatt letar\u00adt\u00f3ztatt\u00e1k (1933\u2013), s 9, m\u00e1sodfokon 5, 5 \u00e9vi b\u00f6rt\u00f6nb\u00fcntet\u00e9sre \u00edt\u00e9lt\u00e9k (1933\u201339). A rom\u00e1n [&hellip;]<\/p>\n","protected":false},"featured_media":0,"comment_status":"open","ping_status":"closed","template":"","meta":[],"product_brand":[],"product_cat":[137],"product_tag":[],"class_list":{"0":"post-7099","1":"product","2":"type-product","3":"status-publish","5":"product_cat-maros-megyei-eletrajzi-lexikon","7":"first","8":"instock","9":"shipping-taxable","10":"product-type-simple"},"_links":{"self":[{"href":"https:\/\/uj.adatbank.ro\/lexikon\/wp-json\/wp\/v2\/product\/7099","targetHints":{"allow":["GET"]}}],"collection":[{"href":"https:\/\/uj.adatbank.ro\/lexikon\/wp-json\/wp\/v2\/product"}],"about":[{"href":"https:\/\/uj.adatbank.ro\/lexikon\/wp-json\/wp\/v2\/types\/product"}],"replies":[{"embeddable":true,"href":"https:\/\/uj.adatbank.ro\/lexikon\/wp-json\/wp\/v2\/comments?post=7099"}],"wp:attachment":[{"href":"https:\/\/uj.adatbank.ro\/lexikon\/wp-json\/wp\/v2\/media?parent=7099"}],"wp:term":[{"taxonomy":"product_brand","embeddable":true,"href":"https:\/\/uj.adatbank.ro\/lexikon\/wp-json\/wp\/v2\/product_brand?post=7099"},{"taxonomy":"product_cat","embeddable":true,"href":"https:\/\/uj.adatbank.ro\/lexikon\/wp-json\/wp\/v2\/product_cat?post=7099"},{"taxonomy":"product_tag","embeddable":true,"href":"https:\/\/uj.adatbank.ro\/lexikon\/wp-json\/wp\/v2\/product_tag?post=7099"}],"curies":[{"name":"wp","href":"https:\/\/api.w.org\/{rel}","templated":true}]}}