{"id":7102,"date":"2025-06-28T18:14:58","date_gmt":"2025-06-28T16:14:58","guid":{"rendered":"https:\/\/uj.adatbank.ro\/lexikon\/termek\/dudutz-csalad\/"},"modified":"2025-06-28T18:14:58","modified_gmt":"2025-06-28T16:14:58","slug":"dudutz-csalad","status":"publish","type":"product","link":"https:\/\/uj.adatbank.ro\/lexikon\/termek\/dudutz-csalad\/","title":{"rendered":"DUDUTZ csal\u00e1d"},"content":{"rendered":"<p>keresked\u0151 csal\u00e1d. \u2013 Mv.-en (F\u0151t\u00e9r 54. sz.) h\u00e1za eredetileg Bucher csal\u00e1d tulajdon\u00e1ba volt, h\u00e1zass\u00e1gk\u00f6t\u00e9s r\u00e9v\u00e9n ker\u00fclt a gazdag Dudutz csal\u00e1d tulajdon\u00e1ba, ebben m\u0171k\u00f6d\u00f6tt a \u201eFekete Kutya\u201d vegyeskeresked\u00e9s \u00fczlete. <br \/><strong>Irod.:<\/strong> Keresztes Gyula: A f\u0151t\u00e9ri h\u00e1zakr\u00f3l (N\u00fa., 1991. m\u00e1rc. 22.)<\/br><\/p>\n","protected":false},"excerpt":{"rendered":"<p>keresked\u0151 csal\u00e1d. \u2013 Mv.-en (F\u0151t\u00e9r 54. sz.) h\u00e1za eredetileg Bucher csal\u00e1d tulajdon\u00e1ba volt, h\u00e1zass\u00e1gk\u00f6t\u00e9s r\u00e9v\u00e9n ker\u00fclt a gazdag Dudutz csal\u00e1d tulajdon\u00e1ba, ebben m\u0171k\u00f6d\u00f6tt a \u201eFekete Kutya\u201d vegyeskeresked\u00e9s \u00fczlete. Irod.: Keresztes Gyula: A f\u0151t\u00e9ri h\u00e1zakr\u00f3l (N\u00fa., 1991. m\u00e1rc. 22.)<\/p>\n","protected":false},"featured_media":0,"comment_status":"open","ping_status":"closed","template":"","meta":[],"product_brand":[],"product_cat":[137],"product_tag":[],"class_list":{"0":"post-7102","1":"product","2":"type-product","3":"status-publish","5":"product_cat-maros-megyei-eletrajzi-lexikon","7":"first","8":"instock","9":"shipping-taxable","10":"product-type-simple"},"_links":{"self":[{"href":"https:\/\/uj.adatbank.ro\/lexikon\/wp-json\/wp\/v2\/product\/7102","targetHints":{"allow":["GET"]}}],"collection":[{"href":"https:\/\/uj.adatbank.ro\/lexikon\/wp-json\/wp\/v2\/product"}],"about":[{"href":"https:\/\/uj.adatbank.ro\/lexikon\/wp-json\/wp\/v2\/types\/product"}],"replies":[{"embeddable":true,"href":"https:\/\/uj.adatbank.ro\/lexikon\/wp-json\/wp\/v2\/comments?post=7102"}],"wp:attachment":[{"href":"https:\/\/uj.adatbank.ro\/lexikon\/wp-json\/wp\/v2\/media?parent=7102"}],"wp:term":[{"taxonomy":"product_brand","embeddable":true,"href":"https:\/\/uj.adatbank.ro\/lexikon\/wp-json\/wp\/v2\/product_brand?post=7102"},{"taxonomy":"product_cat","embeddable":true,"href":"https:\/\/uj.adatbank.ro\/lexikon\/wp-json\/wp\/v2\/product_cat?post=7102"},{"taxonomy":"product_tag","embeddable":true,"href":"https:\/\/uj.adatbank.ro\/lexikon\/wp-json\/wp\/v2\/product_tag?post=7102"}],"curies":[{"name":"wp","href":"https:\/\/api.w.org\/{rel}","templated":true}]}}