{"id":7104,"date":"2025-06-28T18:15:02","date_gmt":"2025-06-28T16:15:02","guid":{"rendered":"https:\/\/uj.adatbank.ro\/lexikon\/termek\/dudutz-ferenc-2\/"},"modified":"2025-06-28T18:15:02","modified_gmt":"2025-06-28T16:15:02","slug":"dudutz-ferenc-2","status":"publish","type":"product","link":"https:\/\/uj.adatbank.ro\/lexikon\/termek\/dudutz-ferenc-2\/","title":{"rendered":"DUDUTZ Ferenc"},"content":{"rendered":"<p>1905.?, \u2020\u00a0Mv., 1932. nov. 28.: keresked\u0151. \u2013 Ferenc \u00e9s L\u00e1z\u00e1r \u00c1gnes fia. Testv\u00e9rei: J\u00falia dr. Marthy Ferencn\u00e9; \u00c1gnes dr. B\u00fckk\u00f6sy Gyul\u00e1n\u00e9; Ella S\u00e1ntha K\u00e1rolyn\u00e9; J\u00e1nos; Ir\u00e9n Mittelmann S\u00e1ndorn\u00e9; Gy\u00f6rgy. \u2013 Mv.-en a csal\u00e1di \u00fczletben volt keresked\u0151. A Klastrom u. 20 (Mihai Viteazul), ezt a Fekete kutya c. vegyeskeresked\u00e9s tulajdonosa \u00e9p\u00edttette. <br \/><strong>Irod.:<\/strong> Gy\u00e1szjelent\u0151; Mv.-i \u00f6rm\u00e9nyek<\/br><\/p>\n","protected":false},"excerpt":{"rendered":"<p>1905.?, \u2020\u00a0Mv., 1932. nov. 28.: keresked\u0151. \u2013 Ferenc \u00e9s L\u00e1z\u00e1r \u00c1gnes fia. Testv\u00e9rei: J\u00falia dr. Marthy Ferencn\u00e9; \u00c1gnes dr. B\u00fckk\u00f6sy Gyul\u00e1n\u00e9; Ella S\u00e1ntha K\u00e1rolyn\u00e9; J\u00e1nos; Ir\u00e9n Mittelmann S\u00e1ndorn\u00e9; Gy\u00f6rgy. \u2013 Mv.-en a csal\u00e1di \u00fczletben volt keresked\u0151. A Klastrom u. 20 (Mihai Viteazul), ezt a Fekete kutya c. vegyeskeresked\u00e9s tulajdonosa \u00e9p\u00edttette. Irod.: Gy\u00e1szjelent\u0151; Mv.-i \u00f6rm\u00e9nyek<\/p>\n","protected":false},"featured_media":0,"comment_status":"open","ping_status":"closed","template":"","meta":[],"product_brand":[],"product_cat":[137],"product_tag":[],"class_list":{"0":"post-7104","1":"product","2":"type-product","3":"status-publish","5":"product_cat-maros-megyei-eletrajzi-lexikon","7":"first","8":"instock","9":"shipping-taxable","10":"product-type-simple"},"_links":{"self":[{"href":"https:\/\/uj.adatbank.ro\/lexikon\/wp-json\/wp\/v2\/product\/7104","targetHints":{"allow":["GET"]}}],"collection":[{"href":"https:\/\/uj.adatbank.ro\/lexikon\/wp-json\/wp\/v2\/product"}],"about":[{"href":"https:\/\/uj.adatbank.ro\/lexikon\/wp-json\/wp\/v2\/types\/product"}],"replies":[{"embeddable":true,"href":"https:\/\/uj.adatbank.ro\/lexikon\/wp-json\/wp\/v2\/comments?post=7104"}],"wp:attachment":[{"href":"https:\/\/uj.adatbank.ro\/lexikon\/wp-json\/wp\/v2\/media?parent=7104"}],"wp:term":[{"taxonomy":"product_brand","embeddable":true,"href":"https:\/\/uj.adatbank.ro\/lexikon\/wp-json\/wp\/v2\/product_brand?post=7104"},{"taxonomy":"product_cat","embeddable":true,"href":"https:\/\/uj.adatbank.ro\/lexikon\/wp-json\/wp\/v2\/product_cat?post=7104"},{"taxonomy":"product_tag","embeddable":true,"href":"https:\/\/uj.adatbank.ro\/lexikon\/wp-json\/wp\/v2\/product_tag?post=7104"}],"curies":[{"name":"wp","href":"https:\/\/api.w.org\/{rel}","templated":true}]}}