{"id":7105,"date":"2025-06-28T18:15:04","date_gmt":"2025-06-28T16:15:04","guid":{"rendered":"https:\/\/uj.adatbank.ro\/lexikon\/termek\/dudutz-gabor\/"},"modified":"2025-06-28T18:15:04","modified_gmt":"2025-06-28T16:15:04","slug":"dudutz-gabor","status":"publish","type":"product","link":"https:\/\/uj.adatbank.ro\/lexikon\/termek\/dudutz-gabor\/","title":{"rendered":"DUDUTZ G\u00e1bor"},"content":{"rendered":"<p>1905.?, \u2020\u00a0: keresked\u0151. \u2013 Az \u00fczlete a Dudutz sarok a R\u00f3zs\u00e1k tere \u00e9s a Kossuth utca sarok\u00e9p\u00fclet\u00e9ben volt (1890\u20131892) a nagykeresked\u00e9se a Fekete Kuty\u00e1hoz n\u00e9ven. <br \/><strong>Irod.:<\/strong> Mv.-i \u00f6rm\u00e9nyek<\/br><\/p>\n","protected":false},"excerpt":{"rendered":"<p>1905.?, \u2020\u00a0: keresked\u0151. \u2013 Az \u00fczlete a Dudutz sarok a R\u00f3zs\u00e1k tere \u00e9s a Kossuth utca sarok\u00e9p\u00fclet\u00e9ben volt (1890\u20131892) a nagykeresked\u00e9se a Fekete Kuty\u00e1hoz n\u00e9ven. Irod.: Mv.-i \u00f6rm\u00e9nyek<\/p>\n","protected":false},"featured_media":0,"comment_status":"open","ping_status":"closed","template":"","meta":[],"product_brand":[],"product_cat":[137],"product_tag":[],"class_list":{"0":"post-7105","1":"product","2":"type-product","3":"status-publish","5":"product_cat-maros-megyei-eletrajzi-lexikon","7":"first","8":"instock","9":"shipping-taxable","10":"product-type-simple"},"_links":{"self":[{"href":"https:\/\/uj.adatbank.ro\/lexikon\/wp-json\/wp\/v2\/product\/7105","targetHints":{"allow":["GET"]}}],"collection":[{"href":"https:\/\/uj.adatbank.ro\/lexikon\/wp-json\/wp\/v2\/product"}],"about":[{"href":"https:\/\/uj.adatbank.ro\/lexikon\/wp-json\/wp\/v2\/types\/product"}],"replies":[{"embeddable":true,"href":"https:\/\/uj.adatbank.ro\/lexikon\/wp-json\/wp\/v2\/comments?post=7105"}],"wp:attachment":[{"href":"https:\/\/uj.adatbank.ro\/lexikon\/wp-json\/wp\/v2\/media?parent=7105"}],"wp:term":[{"taxonomy":"product_brand","embeddable":true,"href":"https:\/\/uj.adatbank.ro\/lexikon\/wp-json\/wp\/v2\/product_brand?post=7105"},{"taxonomy":"product_cat","embeddable":true,"href":"https:\/\/uj.adatbank.ro\/lexikon\/wp-json\/wp\/v2\/product_cat?post=7105"},{"taxonomy":"product_tag","embeddable":true,"href":"https:\/\/uj.adatbank.ro\/lexikon\/wp-json\/wp\/v2\/product_tag?post=7105"}],"curies":[{"name":"wp","href":"https:\/\/api.w.org\/{rel}","templated":true}]}}