{"id":7107,"date":"2025-06-28T18:15:10","date_gmt":"2025-06-28T16:15:10","guid":{"rendered":"https:\/\/uj.adatbank.ro\/lexikon\/termek\/dudutz-janos\/"},"modified":"2025-06-28T18:15:10","modified_gmt":"2025-06-28T16:15:10","slug":"dudutz-janos","status":"publish","type":"product","link":"https:\/\/uj.adatbank.ro\/lexikon\/termek\/dudutz-janos\/","title":{"rendered":"DUDUTZ J\u00e1nos"},"content":{"rendered":"<p>1826.?, \u2020\u00a0Mv., 1889. szept. 29.: keresked\u0151. \u2013Testv\u00e9rei: Anna Kondrai J\u00f3zsefn\u00e9; Rebeka Sz\u00e1mtart\u00f3 Antaln\u00e9; Zakari\u00e1s. Feles\u00e9ge: Izmael Anna (1838.? \u2013 Mv., 1917. nov. 8.). Gyermekeik: G\u00e1bor; J\u00e1nos, feles\u00e9ge Vir\u00e1gh Gizella; K\u00e1roly, feles\u00e9ge Csern\u00e1toni R\u00f3za; Antal, feles\u00e9ge: Dreg\u00e1n Rebeka; Istv\u00e1n; Ferenc, feles\u00e9ge L\u00e1z\u00e1r \u00c1gnes; Ger\u0151; Irma Pototzky P\u00e9tern\u00e9. \u2013 Mv.-en \u00f6rm\u00e9ny keresked\u0151. A R\u00f3zs\u00e1k tere 52. sz. alatt \u00e1ll a Kisk-k\u00f6zeli lak\u00f3h\u00e1za, a f\u00f6ldszintj\u00e9n a pap\u00edr- \u00e9s k\u00e9peslap keresked\u00e9s helye volt. <br \/><strong>Irod.:<\/strong> Gy\u00e1szjelent\u0151; Mv.-i \u00f6rm\u00e9nyek<\/br><\/p>\n","protected":false},"excerpt":{"rendered":"<p>1826.?, \u2020\u00a0Mv., 1889. szept. 29.: keresked\u0151. \u2013Testv\u00e9rei: Anna Kondrai J\u00f3zsefn\u00e9; Rebeka Sz\u00e1mtart\u00f3 Antaln\u00e9; Zakari\u00e1s. Feles\u00e9ge: Izmael Anna (1838.? \u2013 Mv., 1917. nov. 8.). Gyermekeik: G\u00e1bor; J\u00e1nos, feles\u00e9ge Vir\u00e1gh Gizella; K\u00e1roly, feles\u00e9ge Csern\u00e1toni R\u00f3za; Antal, feles\u00e9ge: Dreg\u00e1n Rebeka; Istv\u00e1n; Ferenc, feles\u00e9ge L\u00e1z\u00e1r \u00c1gnes; Ger\u0151; Irma Pototzky P\u00e9tern\u00e9. \u2013 Mv.-en \u00f6rm\u00e9ny keresked\u0151. A R\u00f3zs\u00e1k tere 52. sz. [&hellip;]<\/p>\n","protected":false},"featured_media":0,"comment_status":"open","ping_status":"closed","template":"","meta":[],"product_brand":[],"product_cat":[137],"product_tag":[],"class_list":{"0":"post-7107","1":"product","2":"type-product","3":"status-publish","5":"product_cat-maros-megyei-eletrajzi-lexikon","7":"first","8":"instock","9":"shipping-taxable","10":"product-type-simple"},"_links":{"self":[{"href":"https:\/\/uj.adatbank.ro\/lexikon\/wp-json\/wp\/v2\/product\/7107","targetHints":{"allow":["GET"]}}],"collection":[{"href":"https:\/\/uj.adatbank.ro\/lexikon\/wp-json\/wp\/v2\/product"}],"about":[{"href":"https:\/\/uj.adatbank.ro\/lexikon\/wp-json\/wp\/v2\/types\/product"}],"replies":[{"embeddable":true,"href":"https:\/\/uj.adatbank.ro\/lexikon\/wp-json\/wp\/v2\/comments?post=7107"}],"wp:attachment":[{"href":"https:\/\/uj.adatbank.ro\/lexikon\/wp-json\/wp\/v2\/media?parent=7107"}],"wp:term":[{"taxonomy":"product_brand","embeddable":true,"href":"https:\/\/uj.adatbank.ro\/lexikon\/wp-json\/wp\/v2\/product_brand?post=7107"},{"taxonomy":"product_cat","embeddable":true,"href":"https:\/\/uj.adatbank.ro\/lexikon\/wp-json\/wp\/v2\/product_cat?post=7107"},{"taxonomy":"product_tag","embeddable":true,"href":"https:\/\/uj.adatbank.ro\/lexikon\/wp-json\/wp\/v2\/product_tag?post=7107"}],"curies":[{"name":"wp","href":"https:\/\/api.w.org\/{rel}","templated":true}]}}