{"id":7109,"date":"2025-06-28T18:15:13","date_gmt":"2025-06-28T16:15:13","guid":{"rendered":"https:\/\/uj.adatbank.ro\/lexikon\/termek\/dudutz-zacharias\/"},"modified":"2025-06-28T18:15:13","modified_gmt":"2025-06-28T16:15:13","slug":"dudutz-zacharias","status":"publish","type":"product","link":"https:\/\/uj.adatbank.ro\/lexikon\/termek\/dudutz-zacharias\/","title":{"rendered":"DUDUTZ Zachari\u00e1s"},"content":{"rendered":"<p>1836., \u2020\u00a0Mv., 1889. dec. 6.: keresked\u0151. \u2013 Testv\u00e9re: Anna, Feles\u00e9ge: Dreg\u00e1n Anna. <br \/><strong>Irod.:<\/strong> Gy\u00e1szjelent\u0151<\/br><\/p>\n","protected":false},"excerpt":{"rendered":"<p>1836., \u2020\u00a0Mv., 1889. dec. 6.: keresked\u0151. \u2013 Testv\u00e9re: Anna, Feles\u00e9ge: Dreg\u00e1n Anna. Irod.: Gy\u00e1szjelent\u0151<\/p>\n","protected":false},"featured_media":0,"comment_status":"open","ping_status":"closed","template":"","meta":[],"product_brand":[],"product_cat":[137],"product_tag":[],"class_list":{"0":"post-7109","1":"product","2":"type-product","3":"status-publish","5":"product_cat-maros-megyei-eletrajzi-lexikon","7":"first","8":"instock","9":"shipping-taxable","10":"product-type-simple"},"_links":{"self":[{"href":"https:\/\/uj.adatbank.ro\/lexikon\/wp-json\/wp\/v2\/product\/7109","targetHints":{"allow":["GET"]}}],"collection":[{"href":"https:\/\/uj.adatbank.ro\/lexikon\/wp-json\/wp\/v2\/product"}],"about":[{"href":"https:\/\/uj.adatbank.ro\/lexikon\/wp-json\/wp\/v2\/types\/product"}],"replies":[{"embeddable":true,"href":"https:\/\/uj.adatbank.ro\/lexikon\/wp-json\/wp\/v2\/comments?post=7109"}],"wp:attachment":[{"href":"https:\/\/uj.adatbank.ro\/lexikon\/wp-json\/wp\/v2\/media?parent=7109"}],"wp:term":[{"taxonomy":"product_brand","embeddable":true,"href":"https:\/\/uj.adatbank.ro\/lexikon\/wp-json\/wp\/v2\/product_brand?post=7109"},{"taxonomy":"product_cat","embeddable":true,"href":"https:\/\/uj.adatbank.ro\/lexikon\/wp-json\/wp\/v2\/product_cat?post=7109"},{"taxonomy":"product_tag","embeddable":true,"href":"https:\/\/uj.adatbank.ro\/lexikon\/wp-json\/wp\/v2\/product_tag?post=7109"}],"curies":[{"name":"wp","href":"https:\/\/api.w.org\/{rel}","templated":true}]}}