{"id":7111,"date":"2025-06-28T18:15:16","date_gmt":"2025-06-28T16:15:16","guid":{"rendered":"https:\/\/uj.adatbank.ro\/lexikon\/termek\/duha-ferenc\/"},"modified":"2025-06-28T18:15:16","modified_gmt":"2025-06-28T16:15:16","slug":"duha-ferenc","status":"publish","type":"product","link":"https:\/\/uj.adatbank.ro\/lexikon\/termek\/duha-ferenc\/","title":{"rendered":"DUHA Ferenc"},"content":{"rendered":"<p>? \u2020 ? : f\u00f6ldbirtokos. \u2013 Csehtelk\u00e9n voltak birtokai, neve szerepel mindk\u00e9t n\u00e9psz\u00e1ml\u00e1l\u00e1skor el\u00e9g tetemes birtokkal (1895; 1911). <br \/><strong>Irod.:<\/strong> S\u0103rma\u015fu<\/br><\/p>\n","protected":false},"excerpt":{"rendered":"<p>? \u2020 ? : f\u00f6ldbirtokos. \u2013 Csehtelk\u00e9n voltak birtokai, neve szerepel mindk\u00e9t n\u00e9psz\u00e1ml\u00e1l\u00e1skor el\u00e9g tetemes birtokkal (1895; 1911). Irod.: S\u0103rma\u015fu<\/p>\n","protected":false},"featured_media":0,"comment_status":"open","ping_status":"closed","template":"","meta":[],"product_brand":[],"product_cat":[137],"product_tag":[],"class_list":{"0":"post-7111","1":"product","2":"type-product","3":"status-publish","5":"product_cat-maros-megyei-eletrajzi-lexikon","7":"first","8":"instock","9":"shipping-taxable","10":"product-type-simple"},"_links":{"self":[{"href":"https:\/\/uj.adatbank.ro\/lexikon\/wp-json\/wp\/v2\/product\/7111","targetHints":{"allow":["GET"]}}],"collection":[{"href":"https:\/\/uj.adatbank.ro\/lexikon\/wp-json\/wp\/v2\/product"}],"about":[{"href":"https:\/\/uj.adatbank.ro\/lexikon\/wp-json\/wp\/v2\/types\/product"}],"replies":[{"embeddable":true,"href":"https:\/\/uj.adatbank.ro\/lexikon\/wp-json\/wp\/v2\/comments?post=7111"}],"wp:attachment":[{"href":"https:\/\/uj.adatbank.ro\/lexikon\/wp-json\/wp\/v2\/media?parent=7111"}],"wp:term":[{"taxonomy":"product_brand","embeddable":true,"href":"https:\/\/uj.adatbank.ro\/lexikon\/wp-json\/wp\/v2\/product_brand?post=7111"},{"taxonomy":"product_cat","embeddable":true,"href":"https:\/\/uj.adatbank.ro\/lexikon\/wp-json\/wp\/v2\/product_cat?post=7111"},{"taxonomy":"product_tag","embeddable":true,"href":"https:\/\/uj.adatbank.ro\/lexikon\/wp-json\/wp\/v2\/product_tag?post=7111"}],"curies":[{"name":"wp","href":"https:\/\/api.w.org\/{rel}","templated":true}]}}