{"id":7113,"date":"2025-06-28T18:15:21","date_gmt":"2025-06-28T16:15:21","guid":{"rendered":"https:\/\/uj.adatbank.ro\/lexikon\/termek\/duha-kristof\/"},"modified":"2025-06-28T18:15:21","modified_gmt":"2025-06-28T16:15:21","slug":"duha-kristof","status":"publish","type":"product","link":"https:\/\/uj.adatbank.ro\/lexikon\/termek\/duha-kristof\/","title":{"rendered":"DUHA Krist\u00f3f"},"content":{"rendered":"<p>Mez\u0151r\u00fccs, 1903. m\u00e1rc. 8., \u2020\u00a0? : gy\u00f3gyszer\u00e9sz. \u2013 Gy\u00f3gyszer\u00e9sz oklevelet a kv.-i I. Ferdin\u00e1nd Kir. Egyetemen kapott (1933. j\u00fan. 30.). Gy\u00f3gyszer\u00e9sz volt Zalatn\u00e1n (1933\u2013), \u00e9s Baicu Kornelia gyermekek\u00e9nr megsz\u00fcletett Mel\u00e1nia (1936. m\u00e1rc. 17.), majd Mv.-en (1934), Mez\u0151r\u00fccsben (1934\u201335), Mizilben (1935\u201340) b\u00e9reltek patik\u00e1t. Marosh\u00e9v\u00edzen (1942\u201349) b\u00e9reltek, vettek patik\u00e1t \u00e9s \u00e1ltek n\u00e9gy gyermek\u00fckkel. <br \/><strong>Irod.:<\/strong> Nagy L.; P\u00e9ter H. M.; P\u00e9ter H. M. 2013<\/br><\/p>\n","protected":false},"excerpt":{"rendered":"<p>Mez\u0151r\u00fccs, 1903. m\u00e1rc. 8., \u2020\u00a0? : gy\u00f3gyszer\u00e9sz. \u2013 Gy\u00f3gyszer\u00e9sz oklevelet a kv.-i I. Ferdin\u00e1nd Kir. Egyetemen kapott (1933. j\u00fan. 30.). Gy\u00f3gyszer\u00e9sz volt Zalatn\u00e1n (1933\u2013), \u00e9s Baicu Kornelia gyermekek\u00e9nr megsz\u00fcletett Mel\u00e1nia (1936. m\u00e1rc. 17.), majd Mv.-en (1934), Mez\u0151r\u00fccsben (1934\u201335), Mizilben (1935\u201340) b\u00e9reltek patik\u00e1t. Marosh\u00e9v\u00edzen (1942\u201349) b\u00e9reltek, vettek patik\u00e1t \u00e9s \u00e1ltek n\u00e9gy gyermek\u00fckkel. Irod.: Nagy L.; P\u00e9ter [&hellip;]<\/p>\n","protected":false},"featured_media":0,"comment_status":"open","ping_status":"closed","template":"","meta":[],"product_brand":[],"product_cat":[137],"product_tag":[],"class_list":{"0":"post-7113","1":"product","2":"type-product","3":"status-publish","5":"product_cat-maros-megyei-eletrajzi-lexikon","7":"first","8":"instock","9":"shipping-taxable","10":"product-type-simple"},"_links":{"self":[{"href":"https:\/\/uj.adatbank.ro\/lexikon\/wp-json\/wp\/v2\/product\/7113","targetHints":{"allow":["GET"]}}],"collection":[{"href":"https:\/\/uj.adatbank.ro\/lexikon\/wp-json\/wp\/v2\/product"}],"about":[{"href":"https:\/\/uj.adatbank.ro\/lexikon\/wp-json\/wp\/v2\/types\/product"}],"replies":[{"embeddable":true,"href":"https:\/\/uj.adatbank.ro\/lexikon\/wp-json\/wp\/v2\/comments?post=7113"}],"wp:attachment":[{"href":"https:\/\/uj.adatbank.ro\/lexikon\/wp-json\/wp\/v2\/media?parent=7113"}],"wp:term":[{"taxonomy":"product_brand","embeddable":true,"href":"https:\/\/uj.adatbank.ro\/lexikon\/wp-json\/wp\/v2\/product_brand?post=7113"},{"taxonomy":"product_cat","embeddable":true,"href":"https:\/\/uj.adatbank.ro\/lexikon\/wp-json\/wp\/v2\/product_cat?post=7113"},{"taxonomy":"product_tag","embeddable":true,"href":"https:\/\/uj.adatbank.ro\/lexikon\/wp-json\/wp\/v2\/product_tag?post=7113"}],"curies":[{"name":"wp","href":"https:\/\/api.w.org\/{rel}","templated":true}]}}