{"id":7114,"date":"2025-06-28T18:15:22","date_gmt":"2025-06-28T16:15:22","guid":{"rendered":"https:\/\/uj.adatbank.ro\/lexikon\/termek\/duha-kristof-2\/"},"modified":"2025-06-28T18:15:22","modified_gmt":"2025-06-28T16:15:22","slug":"duha-kristof-2","status":"publish","type":"product","link":"https:\/\/uj.adatbank.ro\/lexikon\/termek\/duha-kristof-2\/","title":{"rendered":"DUHA Krist\u00f3f"},"content":{"rendered":"<p>Mizil, 1940. \u2020\u00a0Mv., 2003.: orvos. \u2013 Mv.-en v\u00e9gzett az orvosi karon (1962). Feles\u00e9g\u00e9vel egy\u00fctt k\u00f6rzeti illetve csal\u00e1d orvos Moldv\u00e1ban, D\u00e9d\u00e1n, Fels\u0151r\u00e9p\u00e1n. <br \/><strong>Irod.:<\/strong> Kiss-P. P<\/br><\/p>\n","protected":false},"excerpt":{"rendered":"<p>Mizil, 1940. \u2020\u00a0Mv., 2003.: orvos. \u2013 Mv.-en v\u00e9gzett az orvosi karon (1962). Feles\u00e9g\u00e9vel egy\u00fctt k\u00f6rzeti illetve csal\u00e1d orvos Moldv\u00e1ban, D\u00e9d\u00e1n, Fels\u0151r\u00e9p\u00e1n. Irod.: Kiss-P. P<\/p>\n","protected":false},"featured_media":0,"comment_status":"open","ping_status":"closed","template":"","meta":[],"product_brand":[],"product_cat":[137],"product_tag":[],"class_list":{"0":"post-7114","1":"product","2":"type-product","3":"status-publish","5":"product_cat-maros-megyei-eletrajzi-lexikon","7":"first","8":"instock","9":"shipping-taxable","10":"product-type-simple"},"_links":{"self":[{"href":"https:\/\/uj.adatbank.ro\/lexikon\/wp-json\/wp\/v2\/product\/7114","targetHints":{"allow":["GET"]}}],"collection":[{"href":"https:\/\/uj.adatbank.ro\/lexikon\/wp-json\/wp\/v2\/product"}],"about":[{"href":"https:\/\/uj.adatbank.ro\/lexikon\/wp-json\/wp\/v2\/types\/product"}],"replies":[{"embeddable":true,"href":"https:\/\/uj.adatbank.ro\/lexikon\/wp-json\/wp\/v2\/comments?post=7114"}],"wp:attachment":[{"href":"https:\/\/uj.adatbank.ro\/lexikon\/wp-json\/wp\/v2\/media?parent=7114"}],"wp:term":[{"taxonomy":"product_brand","embeddable":true,"href":"https:\/\/uj.adatbank.ro\/lexikon\/wp-json\/wp\/v2\/product_brand?post=7114"},{"taxonomy":"product_cat","embeddable":true,"href":"https:\/\/uj.adatbank.ro\/lexikon\/wp-json\/wp\/v2\/product_cat?post=7114"},{"taxonomy":"product_tag","embeddable":true,"href":"https:\/\/uj.adatbank.ro\/lexikon\/wp-json\/wp\/v2\/product_tag?post=7114"}],"curies":[{"name":"wp","href":"https:\/\/api.w.org\/{rel}","templated":true}]}}