{"id":7115,"date":"2025-06-28T18:15:23","date_gmt":"2025-06-28T16:15:23","guid":{"rendered":"https:\/\/uj.adatbank.ro\/lexikon\/termek\/duha-moga-maria-magdolna\/"},"modified":"2025-06-28T18:15:23","modified_gmt":"2025-06-28T16:15:23","slug":"duha-moga-maria-magdolna","status":"publish","type":"product","link":"https:\/\/uj.adatbank.ro\/lexikon\/termek\/duha-moga-maria-magdolna\/","title":{"rendered":"DUHA MOGA M\u00e1ria Magdolna"},"content":{"rendered":"<p>Zilah, 1937, \u2020\u00a0Mv., 2001: orvos. \u2013 F\u00e9rje: Duha Krist\u00f3f (Mizil, 1940 \u2013 2003). Az orvosi egyetemet Mv.-en v\u00e9gezt\u00e9k (1962). Moldv\u00e1ban kezdt\u00e9k az orvosi p\u00e1ly\u00e1t a f\u00e9rj\u00e9vel egy\u00fctt (1962\u20131964). D\u00e9da k\u00f6zs\u00e9gben, Fels\u0151r\u00e9p\u00e1n voltak k\u00f6rzeti orvosok, majd csal\u00e1dorvosok (1964-nyugd\u00edjaz\u00e1sukig). <br \/><strong>Irod.:<\/strong> Kiss-P.-P..<\/br><\/p>\n","protected":false},"excerpt":{"rendered":"<p>Zilah, 1937, \u2020\u00a0Mv., 2001: orvos. \u2013 F\u00e9rje: Duha Krist\u00f3f (Mizil, 1940 \u2013 2003). Az orvosi egyetemet Mv.-en v\u00e9gezt\u00e9k (1962). Moldv\u00e1ban kezdt\u00e9k az orvosi p\u00e1ly\u00e1t a f\u00e9rj\u00e9vel egy\u00fctt (1962\u20131964). D\u00e9da k\u00f6zs\u00e9gben, Fels\u0151r\u00e9p\u00e1n voltak k\u00f6rzeti orvosok, majd csal\u00e1dorvosok (1964-nyugd\u00edjaz\u00e1sukig). Irod.: Kiss-P.-P..<\/p>\n","protected":false},"featured_media":0,"comment_status":"open","ping_status":"closed","template":"","meta":[],"product_brand":[],"product_cat":[137],"product_tag":[],"class_list":{"0":"post-7115","1":"product","2":"type-product","3":"status-publish","5":"product_cat-maros-megyei-eletrajzi-lexikon","7":"first","8":"instock","9":"shipping-taxable","10":"product-type-simple"},"_links":{"self":[{"href":"https:\/\/uj.adatbank.ro\/lexikon\/wp-json\/wp\/v2\/product\/7115","targetHints":{"allow":["GET"]}}],"collection":[{"href":"https:\/\/uj.adatbank.ro\/lexikon\/wp-json\/wp\/v2\/product"}],"about":[{"href":"https:\/\/uj.adatbank.ro\/lexikon\/wp-json\/wp\/v2\/types\/product"}],"replies":[{"embeddable":true,"href":"https:\/\/uj.adatbank.ro\/lexikon\/wp-json\/wp\/v2\/comments?post=7115"}],"wp:attachment":[{"href":"https:\/\/uj.adatbank.ro\/lexikon\/wp-json\/wp\/v2\/media?parent=7115"}],"wp:term":[{"taxonomy":"product_brand","embeddable":true,"href":"https:\/\/uj.adatbank.ro\/lexikon\/wp-json\/wp\/v2\/product_brand?post=7115"},{"taxonomy":"product_cat","embeddable":true,"href":"https:\/\/uj.adatbank.ro\/lexikon\/wp-json\/wp\/v2\/product_cat?post=7115"},{"taxonomy":"product_tag","embeddable":true,"href":"https:\/\/uj.adatbank.ro\/lexikon\/wp-json\/wp\/v2\/product_tag?post=7115"}],"curies":[{"name":"wp","href":"https:\/\/api.w.org\/{rel}","templated":true}]}}