{"id":7121,"date":"2025-06-28T18:15:34","date_gmt":"2025-06-28T16:15:34","guid":{"rendered":"https:\/\/uj.adatbank.ro\/lexikon\/termek\/duka-janos\/"},"modified":"2025-06-28T18:15:34","modified_gmt":"2025-06-28T16:15:34","slug":"duka-janos","status":"publish","type":"product","link":"https:\/\/uj.adatbank.ro\/lexikon\/termek\/duka-janos\/","title":{"rendered":"DUKA J\u00e1nos"},"content":{"rendered":"<p>Mv., 1915. nov. 12., \u2020\u00a0Horod, 1944. m\u00e1j. 4.: \u0151rvezet\u0151. \u2013 Anyja L\u0151rinczi R\u00f3za. \u2013 A 27\/III. z\u00e1szl\u00f3aljban \u0151rvezet\u0151. \u2013 Horodon \u00e9rte a has- \u00e9s mell-l\u00f6v\u00e9s. <br \/><strong>Irod.:<\/strong> Berekm\u00e9ri 2015<\/br><\/p>\n","protected":false},"excerpt":{"rendered":"<p>Mv., 1915. nov. 12., \u2020\u00a0Horod, 1944. m\u00e1j. 4.: \u0151rvezet\u0151. \u2013 Anyja L\u0151rinczi R\u00f3za. \u2013 A 27\/III. z\u00e1szl\u00f3aljban \u0151rvezet\u0151. \u2013 Horodon \u00e9rte a has- \u00e9s mell-l\u00f6v\u00e9s. Irod.: Berekm\u00e9ri 2015<\/p>\n","protected":false},"featured_media":0,"comment_status":"open","ping_status":"closed","template":"","meta":[],"product_brand":[],"product_cat":[137],"product_tag":[],"class_list":{"0":"post-7121","1":"product","2":"type-product","3":"status-publish","5":"product_cat-maros-megyei-eletrajzi-lexikon","7":"first","8":"instock","9":"shipping-taxable","10":"product-type-simple"},"_links":{"self":[{"href":"https:\/\/uj.adatbank.ro\/lexikon\/wp-json\/wp\/v2\/product\/7121","targetHints":{"allow":["GET"]}}],"collection":[{"href":"https:\/\/uj.adatbank.ro\/lexikon\/wp-json\/wp\/v2\/product"}],"about":[{"href":"https:\/\/uj.adatbank.ro\/lexikon\/wp-json\/wp\/v2\/types\/product"}],"replies":[{"embeddable":true,"href":"https:\/\/uj.adatbank.ro\/lexikon\/wp-json\/wp\/v2\/comments?post=7121"}],"wp:attachment":[{"href":"https:\/\/uj.adatbank.ro\/lexikon\/wp-json\/wp\/v2\/media?parent=7121"}],"wp:term":[{"taxonomy":"product_brand","embeddable":true,"href":"https:\/\/uj.adatbank.ro\/lexikon\/wp-json\/wp\/v2\/product_brand?post=7121"},{"taxonomy":"product_cat","embeddable":true,"href":"https:\/\/uj.adatbank.ro\/lexikon\/wp-json\/wp\/v2\/product_cat?post=7121"},{"taxonomy":"product_tag","embeddable":true,"href":"https:\/\/uj.adatbank.ro\/lexikon\/wp-json\/wp\/v2\/product_tag?post=7121"}],"curies":[{"name":"wp","href":"https:\/\/api.w.org\/{rel}","templated":true}]}}