{"id":7122,"date":"2025-06-28T18:15:36","date_gmt":"2025-06-28T16:15:36","guid":{"rendered":"https:\/\/uj.adatbank.ro\/lexikon\/termek\/dukasz-anna-%c2%a7-vighne\/"},"modified":"2025-06-28T18:15:36","modified_gmt":"2025-06-28T16:15:36","slug":"dukasz-anna-%c2%a7-vighne","status":"publish","type":"product","link":"https:\/\/uj.adatbank.ro\/lexikon\/termek\/dukasz-anna-%c2%a7-vighne\/","title":{"rendered":"DUK\u00c1SZ Anna; \u00a7 Vighn\u00e9"},"content":{"rendered":"<p>Nagyv\u00e1rad, 1925. m\u00e1rc. 30. (Nagyk\u00e1roly, 1924. m\u00e1j. 7. \u2013 ) MSz\u00ednL szerint: , \u2020 Debrecen , 2000. j\u00fan. 12.: sz\u00edn\u00e9szn\u0151, sz\u00ednh\u00e1zigazgat\u00f3. \u2013 Sz\u00edn\u00e9szi p\u00e1ly\u00e1j\u00e1t (16 \u00e9vesen) Munk\u00e1cson, Ungv\u00e1rott, Beregsz\u00e1szon \u00e9s Huszton kezdte, majd Szatm\u00e1ron j\u00e1tszott (1944\u2013). Aradra szerz\u0151d\u00f6tt (1946), majd m\u00e9g az \u00e9vben Nagyv\u00e1radra (1946), ott tanulta meg a mesters\u00e9get olyan sz\u00edn\u00e9szekt\u0151l, mint Szab\u00f3 Ern\u0151, Simon Zsuzsa, M\u00e1nyai Lajos, Hal\u00e1sz G\u00e9za stb. A nagyv\u00e1radi Szigligeti Sz\u00ednh\u00e1zban j\u00e1tszott 16 \u00e9vet (1946\u201361), \u00f6t h\u00f3napig vezette is a k\u00e9ttagozatos sz\u00ednh\u00e1zat. Mv.-re szerz\u0151d\u00f6tt\u00a0(1961\u201368), a rom\u00e1n tagozaton is szerepelt. A Sepsiszentgy\u00f6rgyi \u00c1llami M. Sz\u00ednh\u00e1z igazgat\u00f3ja (1968\u201378); az USA-ba emigr\u00e1lt (1978); majd Mo.-on \u00e9lt (1996\u2013). Mind pr\u00f3zai, mind zen\u00e9s darabokban eml\u00e9kezetes alak\u00edt\u00e1sai voltak \u00e9s t\u00e1rsulatvezet\u0151k\u00e9nt ig\u00e9nyes j\u00e1t\u00e9krendeket \u00e1ll\u00edtott \u00f6ssze. \u00c9rdemes m\u0171v\u00e9sz (1955), az Aug. 23. \u00e9rdemrend V. fokozat\u00e1t nyerte (1964. aug.). \u2013 <strong>F. sz.:<\/strong> Delia (Priestley: Botr\u00e1nyos kapcsolat); Bori (Komzsik Istv\u00e1n: A f\u00fcl); Efimova (Csehov: Platonov szerelmei); Gizi G\u00e9z\u00e1n\u00e9 (\u00d6rk\u00e9ny Istv\u00e1n: T\u00f3t\u00e9k); T\u00f3th Fl\u00f3ra (Br\u00f3dy S.: A tan\u00edt\u00f3n\u0151); Sylvia (K\u00e1lm\u00e1n I.: A cs\u00e1rd\u00e1skir\u00e1lyn\u0151); Olympia (Moln\u00e1r F.: Olympia); Alexandra del Lago (T. Williams: Az ifj\u00fas\u00e1g \u00e9des madara); Kir\u00e1lyn\u00e9 (Scribe\u2013M\u00e9sz\u00f6ly D. \u2013 F\u00e9nyes Sz.: Sakk-matt); Feles\u00e9g (N\u00e9meth L.: Papucsh\u0151s); Orczy Istv\u00e1nn\u00e9 (Illy\u00e9s Gy.: K\u00fcl\u00f6nc); Mv.-en: Maria (W. Shakespeare: A dou\u0103sprezecea noapte); Solange (Jean Cocteau: Ma\u015fina de scris), Luna veseliei-spectacol de variet\u0103\u0163i, Beatrice (Arthur Miller: Vedere de pe pod), Revista veseliei-spectacol de variet\u0103\u0163i, Ilona (Maria F\u00f6ldes: Accidentul), Cine poate r\u00e2de-spectacol de variet\u0103\u0163i (1968); Rendez\u0151: Barbu Filaret: Ana Lugojana, a N\u00e9pi Egy\u00fcttes, a Filharm\u00f3nia \u00e9s az \u00c1llami Sz\u00ednh\u00e1z bem\u00fatat\u00f3ja (1965. \u00e1pr. 2.). <br \/><strong>Irod.:<\/strong> Aranykorszak; B\u00e9rces; EMKK; Fodor Zeno; Id\u0151t\u00e1r 4.; Katona Szab\u00f3 Istv\u00e1n: Az \u00daj \u00c9let lexikona, 49. (\u00daj \u00c9let, 13. sz., 1972); KKACs; MSZL; MSz\u00ednL; [Nekrol\u00f3g] (N\u00fa., 2000. j\u00fan. 14.); Szekerny\u00e9s L\u00e1szl\u00f3: H\u00e1rmas szerepk\u00f6r (\u00daj \u00c9let, 117, sz., 1970.)<\/br><\/p>\n","protected":false},"excerpt":{"rendered":"<p>Nagyv\u00e1rad, 1925. m\u00e1rc. 30. (Nagyk\u00e1roly, 1924. m\u00e1j. 7. \u2013 ) MSz\u00ednL szerint: , \u2020 Debrecen , 2000. j\u00fan. 12.: sz\u00edn\u00e9szn\u0151, sz\u00ednh\u00e1zigazgat\u00f3. \u2013 Sz\u00edn\u00e9szi p\u00e1ly\u00e1j\u00e1t (16 \u00e9vesen) Munk\u00e1cson, Ungv\u00e1rott, Beregsz\u00e1szon \u00e9s Huszton kezdte, majd Szatm\u00e1ron j\u00e1tszott (1944\u2013). Aradra szerz\u0151d\u00f6tt (1946), majd m\u00e9g az \u00e9vben Nagyv\u00e1radra (1946), ott tanulta meg a mesters\u00e9get olyan sz\u00edn\u00e9szekt\u0151l, mint Szab\u00f3 Ern\u0151, [&hellip;]<\/p>\n","protected":false},"featured_media":0,"comment_status":"open","ping_status":"closed","template":"","meta":[],"product_brand":[],"product_cat":[137],"product_tag":[],"class_list":{"0":"post-7122","1":"product","2":"type-product","3":"status-publish","5":"product_cat-maros-megyei-eletrajzi-lexikon","7":"first","8":"instock","9":"shipping-taxable","10":"product-type-simple"},"_links":{"self":[{"href":"https:\/\/uj.adatbank.ro\/lexikon\/wp-json\/wp\/v2\/product\/7122","targetHints":{"allow":["GET"]}}],"collection":[{"href":"https:\/\/uj.adatbank.ro\/lexikon\/wp-json\/wp\/v2\/product"}],"about":[{"href":"https:\/\/uj.adatbank.ro\/lexikon\/wp-json\/wp\/v2\/types\/product"}],"replies":[{"embeddable":true,"href":"https:\/\/uj.adatbank.ro\/lexikon\/wp-json\/wp\/v2\/comments?post=7122"}],"wp:attachment":[{"href":"https:\/\/uj.adatbank.ro\/lexikon\/wp-json\/wp\/v2\/media?parent=7122"}],"wp:term":[{"taxonomy":"product_brand","embeddable":true,"href":"https:\/\/uj.adatbank.ro\/lexikon\/wp-json\/wp\/v2\/product_brand?post=7122"},{"taxonomy":"product_cat","embeddable":true,"href":"https:\/\/uj.adatbank.ro\/lexikon\/wp-json\/wp\/v2\/product_cat?post=7122"},{"taxonomy":"product_tag","embeddable":true,"href":"https:\/\/uj.adatbank.ro\/lexikon\/wp-json\/wp\/v2\/product_tag?post=7122"}],"curies":[{"name":"wp","href":"https:\/\/api.w.org\/{rel}","templated":true}]}}