{"id":7124,"date":"2025-06-28T18:15:41","date_gmt":"2025-06-28T16:15:41","guid":{"rendered":"https:\/\/uj.adatbank.ro\/lexikon\/termek\/dulau-emil\/"},"modified":"2025-06-28T18:15:41","modified_gmt":"2025-06-28T16:15:41","slug":"dulau-emil","status":"publish","type":"product","link":"https:\/\/uj.adatbank.ro\/lexikon\/termek\/dulau-emil\/","title":{"rendered":"DUL\u0102U Emil"},"content":{"rendered":"<p>Fels\u0151f\u00fcle, 1939. szept. 11., \u2020 Mv., 1990.?\u00a0: orvos. \u2013 A k\u00f6z\u00e9piskol\u00e1t Kv.-on v\u00e9gezte (1956), az orvosi egyetemet szint\u00e9n ott (1962). Mint k\u00f6rorvos dolgozott Szentm\u00e1t\u00e9ban \u00e9s Makfalv\u00e1n. Gyakornok Mv.-en az OGYI neurol\u00f3giai katedr\u00e1j\u00e1n (1967\u2013), egyetemi tan\u00e1rseg\u00e9d (1969\u201390), ideggy\u00f3gy\u00e1sz szakorvos (1969\u2013), f\u0151orvos (1990\u2013). Tanulm\u00e1nyai t\u00f6bb hazai \u00e9s k\u00fclf\u00f6ldi foly\u00f3iratban szerepelnek. \u2013 <strong>F. m.:<\/strong> <strong>t\u00e1rssz.:<\/strong> Semiologie neurologic\u0103 (Tg., 1979); Ideggy\u00f3gy\u00e1szati alapismeretek (Mv., 1985); Neuropatii periferice (s. a.); Metode moderne de neuro-fiziologie clinic\u0103 (s. a.); Neurologie (1993). <br \/><strong>Irod.:<\/strong> Todea\u2013F\u00fcl\u00f6p\u2013Avram<\/br><\/p>\n","protected":false},"excerpt":{"rendered":"<p>Fels\u0151f\u00fcle, 1939. szept. 11., \u2020 Mv., 1990.?\u00a0: orvos. \u2013 A k\u00f6z\u00e9piskol\u00e1t Kv.-on v\u00e9gezte (1956), az orvosi egyetemet szint\u00e9n ott (1962). Mint k\u00f6rorvos dolgozott Szentm\u00e1t\u00e9ban \u00e9s Makfalv\u00e1n. Gyakornok Mv.-en az OGYI neurol\u00f3giai katedr\u00e1j\u00e1n (1967\u2013), egyetemi tan\u00e1rseg\u00e9d (1969\u201390), ideggy\u00f3gy\u00e1sz szakorvos (1969\u2013), f\u0151orvos (1990\u2013). Tanulm\u00e1nyai t\u00f6bb hazai \u00e9s k\u00fclf\u00f6ldi foly\u00f3iratban szerepelnek. \u2013 F. m.: t\u00e1rssz.: Semiologie neurologic\u0103 (Tg., [&hellip;]<\/p>\n","protected":false},"featured_media":0,"comment_status":"open","ping_status":"closed","template":"","meta":[],"product_brand":[],"product_cat":[137],"product_tag":[],"class_list":{"0":"post-7124","1":"product","2":"type-product","3":"status-publish","5":"product_cat-maros-megyei-eletrajzi-lexikon","7":"first","8":"instock","9":"shipping-taxable","10":"product-type-simple"},"_links":{"self":[{"href":"https:\/\/uj.adatbank.ro\/lexikon\/wp-json\/wp\/v2\/product\/7124","targetHints":{"allow":["GET"]}}],"collection":[{"href":"https:\/\/uj.adatbank.ro\/lexikon\/wp-json\/wp\/v2\/product"}],"about":[{"href":"https:\/\/uj.adatbank.ro\/lexikon\/wp-json\/wp\/v2\/types\/product"}],"replies":[{"embeddable":true,"href":"https:\/\/uj.adatbank.ro\/lexikon\/wp-json\/wp\/v2\/comments?post=7124"}],"wp:attachment":[{"href":"https:\/\/uj.adatbank.ro\/lexikon\/wp-json\/wp\/v2\/media?parent=7124"}],"wp:term":[{"taxonomy":"product_brand","embeddable":true,"href":"https:\/\/uj.adatbank.ro\/lexikon\/wp-json\/wp\/v2\/product_brand?post=7124"},{"taxonomy":"product_cat","embeddable":true,"href":"https:\/\/uj.adatbank.ro\/lexikon\/wp-json\/wp\/v2\/product_cat?post=7124"},{"taxonomy":"product_tag","embeddable":true,"href":"https:\/\/uj.adatbank.ro\/lexikon\/wp-json\/wp\/v2\/product_tag?post=7124"}],"curies":[{"name":"wp","href":"https:\/\/api.w.org\/{rel}","templated":true}]}}