{"id":7128,"date":"2025-06-28T18:15:47","date_gmt":"2025-06-28T16:15:47","guid":{"rendered":"https:\/\/uj.adatbank.ro\/lexikon\/termek\/duldner-marton\/"},"modified":"2025-06-28T18:15:47","modified_gmt":"2025-06-28T16:15:47","slug":"duldner-marton","status":"publish","type":"product","link":"https:\/\/uj.adatbank.ro\/lexikon\/termek\/duldner-marton\/","title":{"rendered":"DULDNER M\u00e1rton"},"content":{"rendered":"<p>Segesv\u00e1r, 1825. szept. 18., \u2020\u00a0? : ev. lelk\u00e9sz. \u2013 A gimn. -ot Segesv\u00e1ron, a teol\u00f3gi\u00e1t Lipcs\u00e9ben v\u00e9gezte (1849). A segesv\u00e1ri iskol\u00e1ban tan\u00edtott (1850\u2013), majd r\u00f6vid ideig gr. Bethlen G\u00e1bor csal\u00e1dj\u00e1n\u00e1l nevel\u0151, azut\u00e1n Volk\u00e1nyban (1859\u2013), majd R\u00e1dos-on lelk\u00e9sz (1872\u201396). <strong>Cikkei:<\/strong> bp-i. Ev. Wochenbl. Schul u. Kirchenbote. \u2013 <strong>F. m.:<\/strong> <strong>t\u00e1rssz.:<\/strong> fi\u00e1val: Aus der Vergangenheit und Gegenwart der s\u00e4chsischen Gemeinde Radeln (Sch\u00e4ssburg, 1882). <br \/><strong>Irod.:<\/strong> Szinnyei; Szab\u00f3\u2013Sz\u00f6gi<\/br><\/p>\n","protected":false},"excerpt":{"rendered":"<p>Segesv\u00e1r, 1825. szept. 18., \u2020\u00a0? : ev. lelk\u00e9sz. \u2013 A gimn. -ot Segesv\u00e1ron, a teol\u00f3gi\u00e1t Lipcs\u00e9ben v\u00e9gezte (1849). A segesv\u00e1ri iskol\u00e1ban tan\u00edtott (1850\u2013), majd r\u00f6vid ideig gr. Bethlen G\u00e1bor csal\u00e1dj\u00e1n\u00e1l nevel\u0151, azut\u00e1n Volk\u00e1nyban (1859\u2013), majd R\u00e1dos-on lelk\u00e9sz (1872\u201396). Cikkei: bp-i. Ev. Wochenbl. Schul u. Kirchenbote. \u2013 F. m.: t\u00e1rssz.: fi\u00e1val: Aus der Vergangenheit und Gegenwart [&hellip;]<\/p>\n","protected":false},"featured_media":0,"comment_status":"open","ping_status":"closed","template":"","meta":[],"product_brand":[],"product_cat":[137],"product_tag":[],"class_list":{"0":"post-7128","1":"product","2":"type-product","3":"status-publish","5":"product_cat-maros-megyei-eletrajzi-lexikon","7":"first","8":"instock","9":"shipping-taxable","10":"product-type-simple"},"_links":{"self":[{"href":"https:\/\/uj.adatbank.ro\/lexikon\/wp-json\/wp\/v2\/product\/7128","targetHints":{"allow":["GET"]}}],"collection":[{"href":"https:\/\/uj.adatbank.ro\/lexikon\/wp-json\/wp\/v2\/product"}],"about":[{"href":"https:\/\/uj.adatbank.ro\/lexikon\/wp-json\/wp\/v2\/types\/product"}],"replies":[{"embeddable":true,"href":"https:\/\/uj.adatbank.ro\/lexikon\/wp-json\/wp\/v2\/comments?post=7128"}],"wp:attachment":[{"href":"https:\/\/uj.adatbank.ro\/lexikon\/wp-json\/wp\/v2\/media?parent=7128"}],"wp:term":[{"taxonomy":"product_brand","embeddable":true,"href":"https:\/\/uj.adatbank.ro\/lexikon\/wp-json\/wp\/v2\/product_brand?post=7128"},{"taxonomy":"product_cat","embeddable":true,"href":"https:\/\/uj.adatbank.ro\/lexikon\/wp-json\/wp\/v2\/product_cat?post=7128"},{"taxonomy":"product_tag","embeddable":true,"href":"https:\/\/uj.adatbank.ro\/lexikon\/wp-json\/wp\/v2\/product_tag?post=7128"}],"curies":[{"name":"wp","href":"https:\/\/api.w.org\/{rel}","templated":true}]}}