{"id":7129,"date":"2025-06-28T18:15:52","date_gmt":"2025-06-28T16:15:52","guid":{"rendered":"https:\/\/uj.adatbank.ro\/lexikon\/termek\/dulicsek-ferenc\/"},"modified":"2025-06-28T18:15:52","modified_gmt":"2025-06-28T16:15:52","slug":"dulicsek-ferenc","status":"publish","type":"product","link":"https:\/\/uj.adatbank.ro\/lexikon\/termek\/dulicsek-ferenc\/","title":{"rendered":"DULICSEK Ferenc"},"content":{"rendered":"<p>? \u2020\u00a0? : borb\u00e9ly. \u2013 Borb\u00e9ly mester volt. Mint labdar\u00fag\u00f3, a sz\u00e9kelyudvarhelyi Futball Club sz\u00edneiben kezdte sportp\u00e1lyafut\u00e1s\u00e1t. A MSE tagja volt (1924\u2013), majd a MSE t\u00f6rpecsapat\u00e1nak int\u00e9z\u0151je, azut\u00e1n j\u00e1t\u00e9kvezet\u0151 volt. <br \/><strong>Irod.:<\/strong> Pluh\u00e1r<\/br><\/p>\n","protected":false},"excerpt":{"rendered":"<p>? \u2020\u00a0? : borb\u00e9ly. \u2013 Borb\u00e9ly mester volt. Mint labdar\u00fag\u00f3, a sz\u00e9kelyudvarhelyi Futball Club sz\u00edneiben kezdte sportp\u00e1lyafut\u00e1s\u00e1t. A MSE tagja volt (1924\u2013), majd a MSE t\u00f6rpecsapat\u00e1nak int\u00e9z\u0151je, azut\u00e1n j\u00e1t\u00e9kvezet\u0151 volt. Irod.: Pluh\u00e1r<\/p>\n","protected":false},"featured_media":0,"comment_status":"open","ping_status":"closed","template":"","meta":[],"product_brand":[],"product_cat":[137],"product_tag":[],"class_list":{"0":"post-7129","1":"product","2":"type-product","3":"status-publish","5":"product_cat-maros-megyei-eletrajzi-lexikon","7":"first","8":"instock","9":"shipping-taxable","10":"product-type-simple"},"_links":{"self":[{"href":"https:\/\/uj.adatbank.ro\/lexikon\/wp-json\/wp\/v2\/product\/7129","targetHints":{"allow":["GET"]}}],"collection":[{"href":"https:\/\/uj.adatbank.ro\/lexikon\/wp-json\/wp\/v2\/product"}],"about":[{"href":"https:\/\/uj.adatbank.ro\/lexikon\/wp-json\/wp\/v2\/types\/product"}],"replies":[{"embeddable":true,"href":"https:\/\/uj.adatbank.ro\/lexikon\/wp-json\/wp\/v2\/comments?post=7129"}],"wp:attachment":[{"href":"https:\/\/uj.adatbank.ro\/lexikon\/wp-json\/wp\/v2\/media?parent=7129"}],"wp:term":[{"taxonomy":"product_brand","embeddable":true,"href":"https:\/\/uj.adatbank.ro\/lexikon\/wp-json\/wp\/v2\/product_brand?post=7129"},{"taxonomy":"product_cat","embeddable":true,"href":"https:\/\/uj.adatbank.ro\/lexikon\/wp-json\/wp\/v2\/product_cat?post=7129"},{"taxonomy":"product_tag","embeddable":true,"href":"https:\/\/uj.adatbank.ro\/lexikon\/wp-json\/wp\/v2\/product_tag?post=7129"}],"curies":[{"name":"wp","href":"https:\/\/api.w.org\/{rel}","templated":true}]}}