{"id":7130,"date":"2025-06-28T18:15:53","date_gmt":"2025-06-28T16:15:53","guid":{"rendered":"https:\/\/uj.adatbank.ro\/lexikon\/termek\/duma-florea\/"},"modified":"2025-06-28T18:15:53","modified_gmt":"2025-06-28T16:15:53","slug":"duma-florea","status":"publish","type":"product","link":"https:\/\/uj.adatbank.ro\/lexikon\/termek\/duma-florea\/","title":{"rendered":"DUMA Florea"},"content":{"rendered":"<p>? \u2020\u00a0? : polg\u00e1rmester. \u2013 Erd\u0151szak\u00e1l polg\u00e1rmestere (1852- ). Az \u0151 idej\u00e9ben ny\u00fajtottak be egy petici\u00f3t (13 tehet\u0151s gazda al\u00e1\u00edr\u00e1s\u00e1val) az osztr. -m. korm\u00e1nyhoz, amelyben visszak\u00f6vetelt\u00e9k az ort. egyh\u00e1z l\u00f6v\u00e9ri erdeit, amelyeket a nemes csal\u00e1dok eltulajdon\u00edtottak (1852. j\u00fal. 15.). <br \/><strong>Irod.:<\/strong> S\u0103calu de P\u0103dure<\/br><\/p>\n","protected":false},"excerpt":{"rendered":"<p>? \u2020\u00a0? : polg\u00e1rmester. \u2013 Erd\u0151szak\u00e1l polg\u00e1rmestere (1852- ). Az \u0151 idej\u00e9ben ny\u00fajtottak be egy petici\u00f3t (13 tehet\u0151s gazda al\u00e1\u00edr\u00e1s\u00e1val) az osztr. -m. korm\u00e1nyhoz, amelyben visszak\u00f6vetelt\u00e9k az ort. egyh\u00e1z l\u00f6v\u00e9ri erdeit, amelyeket a nemes csal\u00e1dok eltulajdon\u00edtottak (1852. j\u00fal. 15.). Irod.: S\u0103calu de P\u0103dure<\/p>\n","protected":false},"featured_media":0,"comment_status":"open","ping_status":"closed","template":"","meta":[],"product_brand":[],"product_cat":[137],"product_tag":[],"class_list":{"0":"post-7130","1":"product","2":"type-product","3":"status-publish","5":"product_cat-maros-megyei-eletrajzi-lexikon","7":"first","8":"instock","9":"shipping-taxable","10":"product-type-simple"},"_links":{"self":[{"href":"https:\/\/uj.adatbank.ro\/lexikon\/wp-json\/wp\/v2\/product\/7130","targetHints":{"allow":["GET"]}}],"collection":[{"href":"https:\/\/uj.adatbank.ro\/lexikon\/wp-json\/wp\/v2\/product"}],"about":[{"href":"https:\/\/uj.adatbank.ro\/lexikon\/wp-json\/wp\/v2\/types\/product"}],"replies":[{"embeddable":true,"href":"https:\/\/uj.adatbank.ro\/lexikon\/wp-json\/wp\/v2\/comments?post=7130"}],"wp:attachment":[{"href":"https:\/\/uj.adatbank.ro\/lexikon\/wp-json\/wp\/v2\/media?parent=7130"}],"wp:term":[{"taxonomy":"product_brand","embeddable":true,"href":"https:\/\/uj.adatbank.ro\/lexikon\/wp-json\/wp\/v2\/product_brand?post=7130"},{"taxonomy":"product_cat","embeddable":true,"href":"https:\/\/uj.adatbank.ro\/lexikon\/wp-json\/wp\/v2\/product_cat?post=7130"},{"taxonomy":"product_tag","embeddable":true,"href":"https:\/\/uj.adatbank.ro\/lexikon\/wp-json\/wp\/v2\/product_tag?post=7130"}],"curies":[{"name":"wp","href":"https:\/\/api.w.org\/{rel}","templated":true}]}}