{"id":7132,"date":"2025-06-28T18:15:56","date_gmt":"2025-06-28T16:15:56","guid":{"rendered":"https:\/\/uj.adatbank.ro\/lexikon\/termek\/duma-gheorghe-duma-george\/"},"modified":"2025-06-28T18:15:56","modified_gmt":"2025-06-28T16:15:56","slug":"duma-gheorghe-duma-george","status":"publish","type":"product","link":"https:\/\/uj.adatbank.ro\/lexikon\/termek\/duma-gheorghe-duma-george\/","title":{"rendered":"DUMA Gheorghe, Duma George"},"content":{"rendered":"<p>? \u2020 1910.: f\u00f6ldbirtokos, polg\u00e1rmester, tan\u00edt\u00f3. \u2013 Erd\u0151szak\u00e1l leggazdagabb lak\u00f3ja \u00e9s polg\u00e1rmestere (1898\u20131910). Gimn. -ot is v\u00e9gzett, ez\u00e9rt a falu p\u00e9nzt\u00e1rosa \u00e9s tan\u00edt\u00f3ja is volt hal\u00e1l\u00e1ig. A vihar led\u00f6nt\u00f6tte a templomtornyot, k\u00e9nytelen volt \u00fajat \u00e9p\u00edttetni (1900). <br \/><strong>Irod.:<\/strong> Reghin, Protopopiat; S\u0103calu de P\u0103dure<\/br><\/p>\n","protected":false},"excerpt":{"rendered":"<p>? \u2020 1910.: f\u00f6ldbirtokos, polg\u00e1rmester, tan\u00edt\u00f3. \u2013 Erd\u0151szak\u00e1l leggazdagabb lak\u00f3ja \u00e9s polg\u00e1rmestere (1898\u20131910). Gimn. -ot is v\u00e9gzett, ez\u00e9rt a falu p\u00e9nzt\u00e1rosa \u00e9s tan\u00edt\u00f3ja is volt hal\u00e1l\u00e1ig. A vihar led\u00f6nt\u00f6tte a templomtornyot, k\u00e9nytelen volt \u00fajat \u00e9p\u00edttetni (1900). Irod.: Reghin, Protopopiat; S\u0103calu de P\u0103dure<\/p>\n","protected":false},"featured_media":0,"comment_status":"open","ping_status":"closed","template":"","meta":[],"product_brand":[],"product_cat":[137],"product_tag":[],"class_list":{"0":"post-7132","1":"product","2":"type-product","3":"status-publish","5":"product_cat-maros-megyei-eletrajzi-lexikon","7":"first","8":"instock","9":"shipping-taxable","10":"product-type-simple"},"_links":{"self":[{"href":"https:\/\/uj.adatbank.ro\/lexikon\/wp-json\/wp\/v2\/product\/7132","targetHints":{"allow":["GET"]}}],"collection":[{"href":"https:\/\/uj.adatbank.ro\/lexikon\/wp-json\/wp\/v2\/product"}],"about":[{"href":"https:\/\/uj.adatbank.ro\/lexikon\/wp-json\/wp\/v2\/types\/product"}],"replies":[{"embeddable":true,"href":"https:\/\/uj.adatbank.ro\/lexikon\/wp-json\/wp\/v2\/comments?post=7132"}],"wp:attachment":[{"href":"https:\/\/uj.adatbank.ro\/lexikon\/wp-json\/wp\/v2\/media?parent=7132"}],"wp:term":[{"taxonomy":"product_brand","embeddable":true,"href":"https:\/\/uj.adatbank.ro\/lexikon\/wp-json\/wp\/v2\/product_brand?post=7132"},{"taxonomy":"product_cat","embeddable":true,"href":"https:\/\/uj.adatbank.ro\/lexikon\/wp-json\/wp\/v2\/product_cat?post=7132"},{"taxonomy":"product_tag","embeddable":true,"href":"https:\/\/uj.adatbank.ro\/lexikon\/wp-json\/wp\/v2\/product_tag?post=7132"}],"curies":[{"name":"wp","href":"https:\/\/api.w.org\/{rel}","templated":true}]}}