{"id":7142,"date":"2025-06-28T18:16:16","date_gmt":"2025-06-28T16:16:16","guid":{"rendered":"https:\/\/uj.adatbank.ro\/lexikon\/termek\/dumbrava-teodor-de-orsova\/"},"modified":"2025-06-28T18:16:16","modified_gmt":"2025-06-28T16:16:16","slug":"dumbrava-teodor-de-orsova","status":"publish","type":"product","link":"https:\/\/uj.adatbank.ro\/lexikon\/termek\/dumbrava-teodor-de-orsova\/","title":{"rendered":"DUMBRAVA Teodor de Or\u015fova"},"content":{"rendered":"<p>G\u00f6rg\u00e9nyorsova, 1842. jan. 24., \u2020\u00a0Ol\u00e1hszentgy\u00f6rgy, 1872. j\u00fal. 18.: tan\u00e1r. \u2013 Apja lelk\u00e9sz Regl\u00e1n. B\u00e9csben az egyetem B\u00f6lcs\u00e9szti \u00e9s Filozofiai Kar\u00e1n v\u00e9gzett (1863\u201366) mint a Nasz\u00f3di Hat\u00e1r\u0151r-alap\u00edtv\u00e1ny \u00f6szt\u00f6nd\u00edjasa. Hazat\u00e9rve tan\u00e1r lett Nasz\u00f3don. <br \/><strong>Irod.:<\/strong> Tanco, Teodor: Virtus Romana Rediviva; Sigmirean; Szab\u00f3\u2013Simon\u2013Sz\u00f6gi<\/br><\/p>\n","protected":false},"excerpt":{"rendered":"<p>G\u00f6rg\u00e9nyorsova, 1842. jan. 24., \u2020\u00a0Ol\u00e1hszentgy\u00f6rgy, 1872. j\u00fal. 18.: tan\u00e1r. \u2013 Apja lelk\u00e9sz Regl\u00e1n. B\u00e9csben az egyetem B\u00f6lcs\u00e9szti \u00e9s Filozofiai Kar\u00e1n v\u00e9gzett (1863\u201366) mint a Nasz\u00f3di Hat\u00e1r\u0151r-alap\u00edtv\u00e1ny \u00f6szt\u00f6nd\u00edjasa. Hazat\u00e9rve tan\u00e1r lett Nasz\u00f3don. Irod.: Tanco, Teodor: Virtus Romana Rediviva; Sigmirean; Szab\u00f3\u2013Simon\u2013Sz\u00f6gi<\/p>\n","protected":false},"featured_media":0,"comment_status":"open","ping_status":"closed","template":"","meta":[],"product_brand":[],"product_cat":[137],"product_tag":[],"class_list":{"0":"post-7142","1":"product","2":"type-product","3":"status-publish","5":"product_cat-maros-megyei-eletrajzi-lexikon","7":"first","8":"instock","9":"shipping-taxable","10":"product-type-simple"},"_links":{"self":[{"href":"https:\/\/uj.adatbank.ro\/lexikon\/wp-json\/wp\/v2\/product\/7142","targetHints":{"allow":["GET"]}}],"collection":[{"href":"https:\/\/uj.adatbank.ro\/lexikon\/wp-json\/wp\/v2\/product"}],"about":[{"href":"https:\/\/uj.adatbank.ro\/lexikon\/wp-json\/wp\/v2\/types\/product"}],"replies":[{"embeddable":true,"href":"https:\/\/uj.adatbank.ro\/lexikon\/wp-json\/wp\/v2\/comments?post=7142"}],"wp:attachment":[{"href":"https:\/\/uj.adatbank.ro\/lexikon\/wp-json\/wp\/v2\/media?parent=7142"}],"wp:term":[{"taxonomy":"product_brand","embeddable":true,"href":"https:\/\/uj.adatbank.ro\/lexikon\/wp-json\/wp\/v2\/product_brand?post=7142"},{"taxonomy":"product_cat","embeddable":true,"href":"https:\/\/uj.adatbank.ro\/lexikon\/wp-json\/wp\/v2\/product_cat?post=7142"},{"taxonomy":"product_tag","embeddable":true,"href":"https:\/\/uj.adatbank.ro\/lexikon\/wp-json\/wp\/v2\/product_tag?post=7142"}],"curies":[{"name":"wp","href":"https:\/\/api.w.org\/{rel}","templated":true}]}}