{"id":7144,"date":"2025-06-28T18:16:19","date_gmt":"2025-06-28T16:16:19","guid":{"rendered":"https:\/\/uj.adatbank.ro\/lexikon\/termek\/dumbrava-vasile-dumbrava-laszlo\/"},"modified":"2025-06-28T18:16:19","modified_gmt":"2025-06-28T16:16:19","slug":"dumbrava-vasile-dumbrava-laszlo","status":"publish","type":"product","link":"https:\/\/uj.adatbank.ro\/lexikon\/termek\/dumbrava-vasile-dumbrava-laszlo\/","title":{"rendered":"DUMBRAV\u0102, Vasile, Dumbrava L\u00e1szl\u00f3"},"content":{"rendered":"<p>Sz\u00e1szr\u00e9gen, 1859. j\u00fal. 11., \u2020 Bel\u00e9nyes, 1911. j\u00fan. 6.: tan\u00e1r, k\u00f6z\u00edr\u00f3. \u2013 Az elemi iskol\u00e1t sz\u00fcl\u0151v\u00e1ros\u00e1ban, a l\u00edc. -ot Bel\u00e9nyesen, a teol\u00f3gi\u00e1t Nagyv\u00e1radon \u00e9s Esztergomban, a term\u00e9szetrajz szakot a kv.-i egyetemen v\u00e9gezte (1881\u201384). A bel\u00e9nyesi g\u00f6r. kat. gimn.-ban tan\u00edtott 23 \u00e9vet rom\u00e1n nyelvet, term\u00e9szetrajzot, f\u00f6ldrajzot \u00e9s testnevel\u00e9st (1884\u2013), igazgat\u00f3 (1907\u2013); tiszteletbeli f\u0151esperes; a Samuil Vulcan Olvas\u00f3 T\u00e1rsas\u00e1g vezet\u0151je (1887., 1903., 1906\u201308). K\u00f6z\u00f6lt a Familia-ban \u00e9s a bel\u00e9nyesi gimn. \u00c9vk\u00f6nyv\u00e9ben; Bel\u00e9nyes v\u00e1rosi tan\u00e1cs\u00e1nak tagja; \u00f6r\u00f6kos tagja: az Astranak, a rom\u00e1n sz\u00ednh\u00e1zi alap megteremt\u00e9s\u00e9\u00e9rt l\u00e9trehozott t\u00e1rsas\u00e1gnak, a Term\u00e9szetud. T\u00e1rsas\u00e1gnak, az erd\u00e9lyi sportmozgalom lelkes t\u00e1mogat\u00f3ja. Mint p\u00fcsp\u00f6ks\u00e9gi biztos foglalkozott az elemi iskol\u00e1k helyzet\u00e9vel Bihar megy\u00e9ben, sok g\u00f6r. kat iskol\u00e1t megl\u00e1togatott (1904). \u2013 <strong>F. m.:<\/strong> M\u0103surarea puterii la gimnastic\u0103 (1893); Ortografia rom\u00e2n\u0103 \u00een actuala sa stare de dezvoltare (Beiu\u015f, 1897); Istoria gimnasticii \u00een gimnaziul greco-catolic din Beiu\u015f (1902); Beiu\u015f ori Beins (Beiu\u015f, 1910); <strong>ford.:<\/strong> Szter\u00e9nyi Hug\u00f3: Istoria natural\u0103 vol. 1\u20132. (Bp., 1900\u20131903). <br \/><strong>Irod.:<\/strong> Albu, Nicolae: Dr. Zaharie Pop erou \u015fi martir al neamului (Blaj, 1943); Predescu; Regh. cult. 2.; Sigmirean; Todea 2013<\/br><\/p>\n","protected":false},"excerpt":{"rendered":"<p>Sz\u00e1szr\u00e9gen, 1859. j\u00fal. 11., \u2020 Bel\u00e9nyes, 1911. j\u00fan. 6.: tan\u00e1r, k\u00f6z\u00edr\u00f3. \u2013 Az elemi iskol\u00e1t sz\u00fcl\u0151v\u00e1ros\u00e1ban, a l\u00edc. -ot Bel\u00e9nyesen, a teol\u00f3gi\u00e1t Nagyv\u00e1radon \u00e9s Esztergomban, a term\u00e9szetrajz szakot a kv.-i egyetemen v\u00e9gezte (1881\u201384). A bel\u00e9nyesi g\u00f6r. kat. gimn.-ban tan\u00edtott 23 \u00e9vet rom\u00e1n nyelvet, term\u00e9szetrajzot, f\u00f6ldrajzot \u00e9s testnevel\u00e9st (1884\u2013), igazgat\u00f3 (1907\u2013); tiszteletbeli f\u0151esperes; a Samuil Vulcan [&hellip;]<\/p>\n","protected":false},"featured_media":0,"comment_status":"open","ping_status":"closed","template":"","meta":[],"product_brand":[],"product_cat":[137],"product_tag":[],"class_list":{"0":"post-7144","1":"product","2":"type-product","3":"status-publish","5":"product_cat-maros-megyei-eletrajzi-lexikon","7":"first","8":"instock","9":"shipping-taxable","10":"product-type-simple"},"_links":{"self":[{"href":"https:\/\/uj.adatbank.ro\/lexikon\/wp-json\/wp\/v2\/product\/7144","targetHints":{"allow":["GET"]}}],"collection":[{"href":"https:\/\/uj.adatbank.ro\/lexikon\/wp-json\/wp\/v2\/product"}],"about":[{"href":"https:\/\/uj.adatbank.ro\/lexikon\/wp-json\/wp\/v2\/types\/product"}],"replies":[{"embeddable":true,"href":"https:\/\/uj.adatbank.ro\/lexikon\/wp-json\/wp\/v2\/comments?post=7144"}],"wp:attachment":[{"href":"https:\/\/uj.adatbank.ro\/lexikon\/wp-json\/wp\/v2\/media?parent=7144"}],"wp:term":[{"taxonomy":"product_brand","embeddable":true,"href":"https:\/\/uj.adatbank.ro\/lexikon\/wp-json\/wp\/v2\/product_brand?post=7144"},{"taxonomy":"product_cat","embeddable":true,"href":"https:\/\/uj.adatbank.ro\/lexikon\/wp-json\/wp\/v2\/product_cat?post=7144"},{"taxonomy":"product_tag","embeddable":true,"href":"https:\/\/uj.adatbank.ro\/lexikon\/wp-json\/wp\/v2\/product_tag?post=7144"}],"curies":[{"name":"wp","href":"https:\/\/api.w.org\/{rel}","templated":true}]}}