{"id":7148,"date":"2025-06-28T18:16:26","date_gmt":"2025-06-28T16:16:26","guid":{"rendered":"https:\/\/uj.adatbank.ro\/lexikon\/termek\/dumitriu-gheorghe-g\/"},"modified":"2025-06-28T18:16:26","modified_gmt":"2025-06-28T16:16:26","slug":"dumitriu-gheorghe-g","status":"publish","type":"product","link":"https:\/\/uj.adatbank.ro\/lexikon\/termek\/dumitriu-gheorghe-g\/","title":{"rendered":"DUMITRIU Gheorghe G"},"content":{"rendered":"<p>? \u2020\u00a0? : t\u00f6rv\u00e9nysz\u00e9ki eln\u00f6k. \u2013 A mv.-i v\u00e1rosi t\u00f6rv\u00e9nysz\u00e9k eln\u00f6ke volt. Az id\u0151k\u00f6zi int\u00e9z\u0151bizotts\u00e1g eln\u00f6ke (1938), polg\u00e1rmester. <br \/><strong>Irod.:<\/strong> Id\u0151t\u00e1r 3<\/br><\/p>\n","protected":false},"excerpt":{"rendered":"<p>? \u2020\u00a0? : t\u00f6rv\u00e9nysz\u00e9ki eln\u00f6k. \u2013 A mv.-i v\u00e1rosi t\u00f6rv\u00e9nysz\u00e9k eln\u00f6ke volt. Az id\u0151k\u00f6zi int\u00e9z\u0151bizotts\u00e1g eln\u00f6ke (1938), polg\u00e1rmester. Irod.: Id\u0151t\u00e1r 3<\/p>\n","protected":false},"featured_media":0,"comment_status":"open","ping_status":"closed","template":"","meta":[],"product_brand":[],"product_cat":[137],"product_tag":[],"class_list":{"0":"post-7148","1":"product","2":"type-product","3":"status-publish","5":"product_cat-maros-megyei-eletrajzi-lexikon","7":"first","8":"instock","9":"shipping-taxable","10":"product-type-simple"},"_links":{"self":[{"href":"https:\/\/uj.adatbank.ro\/lexikon\/wp-json\/wp\/v2\/product\/7148","targetHints":{"allow":["GET"]}}],"collection":[{"href":"https:\/\/uj.adatbank.ro\/lexikon\/wp-json\/wp\/v2\/product"}],"about":[{"href":"https:\/\/uj.adatbank.ro\/lexikon\/wp-json\/wp\/v2\/types\/product"}],"replies":[{"embeddable":true,"href":"https:\/\/uj.adatbank.ro\/lexikon\/wp-json\/wp\/v2\/comments?post=7148"}],"wp:attachment":[{"href":"https:\/\/uj.adatbank.ro\/lexikon\/wp-json\/wp\/v2\/media?parent=7148"}],"wp:term":[{"taxonomy":"product_brand","embeddable":true,"href":"https:\/\/uj.adatbank.ro\/lexikon\/wp-json\/wp\/v2\/product_brand?post=7148"},{"taxonomy":"product_cat","embeddable":true,"href":"https:\/\/uj.adatbank.ro\/lexikon\/wp-json\/wp\/v2\/product_cat?post=7148"},{"taxonomy":"product_tag","embeddable":true,"href":"https:\/\/uj.adatbank.ro\/lexikon\/wp-json\/wp\/v2\/product_tag?post=7148"}],"curies":[{"name":"wp","href":"https:\/\/api.w.org\/{rel}","templated":true}]}}