{"id":7150,"date":"2025-06-28T18:16:30","date_gmt":"2025-06-28T16:16:30","guid":{"rendered":"https:\/\/uj.adatbank.ro\/lexikon\/termek\/dumitru-gusztav-szaxafonos-guszti\/"},"modified":"2025-06-28T18:16:30","modified_gmt":"2025-06-28T16:16:30","slug":"dumitru-gusztav-szaxafonos-guszti","status":"publish","type":"product","link":"https:\/\/uj.adatbank.ro\/lexikon\/termek\/dumitru-gusztav-szaxafonos-guszti\/","title":{"rendered":"DUMITRU Guszt\u00e1v, Szaxafonos Guszti"},"content":{"rendered":"<p>1945.? \u2020 Mv., 1997. m\u00e1j. 2.: zen\u00e9sz, szaxofonos. \u2013 Mv.-en muzsik\u00e1lt a Vikendtelepen, a Somostet\u0151n, a Cementlapokn\u00e1l, a Maros vend\u00e9gl\u0151ben. <br \/><strong>Irod.:<\/strong> Bak\u00f3: Az \u00f6r\u00f6k vad\u00e1szmez\u0151k\u00f6n muzsik\u00e1l (N\u00fa., 1997. m\u00e1j. 7.); [Nekrol\u00f3g] (N\u00fa., 1997. m\u00e1j. 3.)<\/br><\/p>\n","protected":false},"excerpt":{"rendered":"<p>1945.? \u2020 Mv., 1997. m\u00e1j. 2.: zen\u00e9sz, szaxofonos. \u2013 Mv.-en muzsik\u00e1lt a Vikendtelepen, a Somostet\u0151n, a Cementlapokn\u00e1l, a Maros vend\u00e9gl\u0151ben. Irod.: Bak\u00f3: Az \u00f6r\u00f6k vad\u00e1szmez\u0151k\u00f6n muzsik\u00e1l (N\u00fa., 1997. m\u00e1j. 7.); [Nekrol\u00f3g] (N\u00fa., 1997. m\u00e1j. 3.)<\/p>\n","protected":false},"featured_media":0,"comment_status":"open","ping_status":"closed","template":"","meta":[],"product_brand":[],"product_cat":[137],"product_tag":[],"class_list":{"0":"post-7150","1":"product","2":"type-product","3":"status-publish","5":"product_cat-maros-megyei-eletrajzi-lexikon","7":"first","8":"instock","9":"shipping-taxable","10":"product-type-simple"},"_links":{"self":[{"href":"https:\/\/uj.adatbank.ro\/lexikon\/wp-json\/wp\/v2\/product\/7150","targetHints":{"allow":["GET"]}}],"collection":[{"href":"https:\/\/uj.adatbank.ro\/lexikon\/wp-json\/wp\/v2\/product"}],"about":[{"href":"https:\/\/uj.adatbank.ro\/lexikon\/wp-json\/wp\/v2\/types\/product"}],"replies":[{"embeddable":true,"href":"https:\/\/uj.adatbank.ro\/lexikon\/wp-json\/wp\/v2\/comments?post=7150"}],"wp:attachment":[{"href":"https:\/\/uj.adatbank.ro\/lexikon\/wp-json\/wp\/v2\/media?parent=7150"}],"wp:term":[{"taxonomy":"product_brand","embeddable":true,"href":"https:\/\/uj.adatbank.ro\/lexikon\/wp-json\/wp\/v2\/product_brand?post=7150"},{"taxonomy":"product_cat","embeddable":true,"href":"https:\/\/uj.adatbank.ro\/lexikon\/wp-json\/wp\/v2\/product_cat?post=7150"},{"taxonomy":"product_tag","embeddable":true,"href":"https:\/\/uj.adatbank.ro\/lexikon\/wp-json\/wp\/v2\/product_tag?post=7150"}],"curies":[{"name":"wp","href":"https:\/\/api.w.org\/{rel}","templated":true}]}}