{"id":7153,"date":"2025-06-28T18:16:38","date_gmt":"2025-06-28T16:16:38","guid":{"rendered":"https:\/\/uj.adatbank.ro\/lexikon\/termek\/dunca-atanasie-dunca-athanasie\/"},"modified":"2025-06-28T18:16:38","modified_gmt":"2025-06-28T16:16:38","slug":"dunca-atanasie-dunca-athanasie","status":"publish","type":"product","link":"https:\/\/uj.adatbank.ro\/lexikon\/termek\/dunca-atanasie-dunca-athanasie\/","title":{"rendered":"DUNCA Atanasie, Dunca, Athanasie"},"content":{"rendered":"<p>1823., \u2020 1872. j\u00fal. 18.: g\u00f6r. kat. pap. \u2013 Teol\u00f3gi\u00e1t v\u00e9gzett (1848), papp\u00e1 szentelt\u00e9k (1852). Lemeni p\u00fcsp\u00f6k Orsov\u00e1ra nevezte ki. Ez a csal\u00e1d adta ennek a falunak lelk\u00e9szeket (19. sz. els\u0151 fel\u00e9ben). <br \/><strong>Irod.:<\/strong> Dobozi<\/br><\/p>\n","protected":false},"excerpt":{"rendered":"<p>1823., \u2020 1872. j\u00fal. 18.: g\u00f6r. kat. pap. \u2013 Teol\u00f3gi\u00e1t v\u00e9gzett (1848), papp\u00e1 szentelt\u00e9k (1852). Lemeni p\u00fcsp\u00f6k Orsov\u00e1ra nevezte ki. Ez a csal\u00e1d adta ennek a falunak lelk\u00e9szeket (19. sz. els\u0151 fel\u00e9ben). Irod.: Dobozi<\/p>\n","protected":false},"featured_media":0,"comment_status":"open","ping_status":"closed","template":"","meta":[],"product_brand":[],"product_cat":[137],"product_tag":[],"class_list":{"0":"post-7153","1":"product","2":"type-product","3":"status-publish","5":"product_cat-maros-megyei-eletrajzi-lexikon","7":"first","8":"instock","9":"shipping-taxable","10":"product-type-simple"},"_links":{"self":[{"href":"https:\/\/uj.adatbank.ro\/lexikon\/wp-json\/wp\/v2\/product\/7153","targetHints":{"allow":["GET"]}}],"collection":[{"href":"https:\/\/uj.adatbank.ro\/lexikon\/wp-json\/wp\/v2\/product"}],"about":[{"href":"https:\/\/uj.adatbank.ro\/lexikon\/wp-json\/wp\/v2\/types\/product"}],"replies":[{"embeddable":true,"href":"https:\/\/uj.adatbank.ro\/lexikon\/wp-json\/wp\/v2\/comments?post=7153"}],"wp:attachment":[{"href":"https:\/\/uj.adatbank.ro\/lexikon\/wp-json\/wp\/v2\/media?parent=7153"}],"wp:term":[{"taxonomy":"product_brand","embeddable":true,"href":"https:\/\/uj.adatbank.ro\/lexikon\/wp-json\/wp\/v2\/product_brand?post=7153"},{"taxonomy":"product_cat","embeddable":true,"href":"https:\/\/uj.adatbank.ro\/lexikon\/wp-json\/wp\/v2\/product_cat?post=7153"},{"taxonomy":"product_tag","embeddable":true,"href":"https:\/\/uj.adatbank.ro\/lexikon\/wp-json\/wp\/v2\/product_tag?post=7153"}],"curies":[{"name":"wp","href":"https:\/\/api.w.org\/{rel}","templated":true}]}}