{"id":7155,"date":"2025-06-28T18:16:42","date_gmt":"2025-06-28T16:16:42","guid":{"rendered":"https:\/\/uj.adatbank.ro\/lexikon\/termek\/dunca-ioan\/"},"modified":"2025-06-28T18:16:42","modified_gmt":"2025-06-28T16:16:42","slug":"dunca-ioan","status":"publish","type":"product","link":"https:\/\/uj.adatbank.ro\/lexikon\/termek\/dunca-ioan\/","title":{"rendered":"DUNCA Ioan"},"content":{"rendered":"<p>? \u2020 ?: g\u00f6r. kat. pap. \u2013 G\u00f6rg\u00e9nyorsov\u00e1ban szolg\u00e1lt (1825\u201337-ben is). Ez a csal\u00e1d adta \u00e9vtizedeken kereszt\u00fcl a falu g\u00f6r. kat. papjait: Iacobot (1829\u2013), Athanasiet (1852\u2013). <br \/><strong>Irod.:<\/strong> Dobozi<\/br><\/p>\n","protected":false},"excerpt":{"rendered":"<p>? \u2020 ?: g\u00f6r. kat. pap. \u2013 G\u00f6rg\u00e9nyorsov\u00e1ban szolg\u00e1lt (1825\u201337-ben is). Ez a csal\u00e1d adta \u00e9vtizedeken kereszt\u00fcl a falu g\u00f6r. kat. papjait: Iacobot (1829\u2013), Athanasiet (1852\u2013). Irod.: Dobozi<\/p>\n","protected":false},"featured_media":0,"comment_status":"open","ping_status":"closed","template":"","meta":[],"product_brand":[],"product_cat":[137],"product_tag":[],"class_list":{"0":"post-7155","1":"product","2":"type-product","3":"status-publish","5":"product_cat-maros-megyei-eletrajzi-lexikon","7":"first","8":"instock","9":"shipping-taxable","10":"product-type-simple"},"_links":{"self":[{"href":"https:\/\/uj.adatbank.ro\/lexikon\/wp-json\/wp\/v2\/product\/7155","targetHints":{"allow":["GET"]}}],"collection":[{"href":"https:\/\/uj.adatbank.ro\/lexikon\/wp-json\/wp\/v2\/product"}],"about":[{"href":"https:\/\/uj.adatbank.ro\/lexikon\/wp-json\/wp\/v2\/types\/product"}],"replies":[{"embeddable":true,"href":"https:\/\/uj.adatbank.ro\/lexikon\/wp-json\/wp\/v2\/comments?post=7155"}],"wp:attachment":[{"href":"https:\/\/uj.adatbank.ro\/lexikon\/wp-json\/wp\/v2\/media?parent=7155"}],"wp:term":[{"taxonomy":"product_brand","embeddable":true,"href":"https:\/\/uj.adatbank.ro\/lexikon\/wp-json\/wp\/v2\/product_brand?post=7155"},{"taxonomy":"product_cat","embeddable":true,"href":"https:\/\/uj.adatbank.ro\/lexikon\/wp-json\/wp\/v2\/product_cat?post=7155"},{"taxonomy":"product_tag","embeddable":true,"href":"https:\/\/uj.adatbank.ro\/lexikon\/wp-json\/wp\/v2\/product_tag?post=7155"}],"curies":[{"name":"wp","href":"https:\/\/api.w.org\/{rel}","templated":true}]}}