{"id":7158,"date":"2025-06-28T18:16:47","date_gmt":"2025-06-28T16:16:47","guid":{"rendered":"https:\/\/uj.adatbank.ro\/lexikon\/termek\/dupon-maurice-bourbon\/"},"modified":"2025-06-28T18:16:47","modified_gmt":"2025-06-28T16:16:47","slug":"dupon-maurice-bourbon","status":"publish","type":"product","link":"https:\/\/uj.adatbank.ro\/lexikon\/termek\/dupon-maurice-bourbon\/","title":{"rendered":"DUPON Maurice, Bourbon"},"content":{"rendered":"<p>? \u2020 Mv., 1861: v\u00edv\u00f3mester, franciatan\u00e1r. \u2013 Neve k\u00fcl\u00f6nb\u00f6z\u0151k\u00e9ppen tal\u00e1lhat\u00f3 az okm\u00e1nyokban \u00e9s a Teleki T\u00e9ka olvas\u00f3napl\u00f3j\u00e1ban. \u00datlevel\u00e9ben Bourbonk\u00e9nt szerepelt. \u00c1ll\u00edt\u00e1sa szerint XVI. Lajos fia volt, aki megmenek\u00fclt a Temple b\u00f6rt\u00f6n\u00e9b\u0151l, Erd\u00e9lybe jutott \u00e9s Mv.-en telepedett le. Mv.-en n\u0151s\u00fclt, egy m. nemes l\u00e1nyt vett feles\u00e9g\u00fcl (1813). V\u00edv\u00f3mester \u00e9s francia nyelvtan\u00e1r volt Mv.-en. \u2013 Irod. : Zsigmond Irma: A Teleki T\u00e9ka m\u00falt sz\u00e1zadi olvas\u00f3napl\u00f3i = Mv. t\u00f6rt\u00e9net\u00e9b\u0151l<\/br><\/p>\n","protected":false},"excerpt":{"rendered":"<p>? \u2020 Mv., 1861: v\u00edv\u00f3mester, franciatan\u00e1r. \u2013 Neve k\u00fcl\u00f6nb\u00f6z\u0151k\u00e9ppen tal\u00e1lhat\u00f3 az okm\u00e1nyokban \u00e9s a Teleki T\u00e9ka olvas\u00f3napl\u00f3j\u00e1ban. \u00datlevel\u00e9ben Bourbonk\u00e9nt szerepelt. \u00c1ll\u00edt\u00e1sa szerint XVI. Lajos fia volt, aki megmenek\u00fclt a Temple b\u00f6rt\u00f6n\u00e9b\u0151l, Erd\u00e9lybe jutott \u00e9s Mv.-en telepedett le. Mv.-en n\u0151s\u00fclt, egy m. nemes l\u00e1nyt vett feles\u00e9g\u00fcl (1813). V\u00edv\u00f3mester \u00e9s francia nyelvtan\u00e1r volt Mv.-en. \u2013 Irod. : [&hellip;]<\/p>\n","protected":false},"featured_media":0,"comment_status":"open","ping_status":"closed","template":"","meta":[],"product_brand":[],"product_cat":[137],"product_tag":[],"class_list":{"0":"post-7158","1":"product","2":"type-product","3":"status-publish","5":"product_cat-maros-megyei-eletrajzi-lexikon","7":"first","8":"instock","9":"shipping-taxable","10":"product-type-simple"},"_links":{"self":[{"href":"https:\/\/uj.adatbank.ro\/lexikon\/wp-json\/wp\/v2\/product\/7158","targetHints":{"allow":["GET"]}}],"collection":[{"href":"https:\/\/uj.adatbank.ro\/lexikon\/wp-json\/wp\/v2\/product"}],"about":[{"href":"https:\/\/uj.adatbank.ro\/lexikon\/wp-json\/wp\/v2\/types\/product"}],"replies":[{"embeddable":true,"href":"https:\/\/uj.adatbank.ro\/lexikon\/wp-json\/wp\/v2\/comments?post=7158"}],"wp:attachment":[{"href":"https:\/\/uj.adatbank.ro\/lexikon\/wp-json\/wp\/v2\/media?parent=7158"}],"wp:term":[{"taxonomy":"product_brand","embeddable":true,"href":"https:\/\/uj.adatbank.ro\/lexikon\/wp-json\/wp\/v2\/product_brand?post=7158"},{"taxonomy":"product_cat","embeddable":true,"href":"https:\/\/uj.adatbank.ro\/lexikon\/wp-json\/wp\/v2\/product_cat?post=7158"},{"taxonomy":"product_tag","embeddable":true,"href":"https:\/\/uj.adatbank.ro\/lexikon\/wp-json\/wp\/v2\/product_tag?post=7158"}],"curies":[{"name":"wp","href":"https:\/\/api.w.org\/{rel}","templated":true}]}}