{"id":7160,"date":"2025-06-28T18:16:50","date_gmt":"2025-06-28T16:16:50","guid":{"rendered":"https:\/\/uj.adatbank.ro\/lexikon\/termek\/dupuis\/"},"modified":"2025-06-28T18:16:50","modified_gmt":"2025-06-28T16:16:50","slug":"dupuis","status":"publish","type":"product","link":"https:\/\/uj.adatbank.ro\/lexikon\/termek\/dupuis\/","title":{"rendered":"DUPUIS"},"content":{"rendered":"<p>? \u2020\u00a0? : \u00fczletember. \u2013 Napoleon buk\u00e1sa \u00e9s Elba sziget\u00e9re val\u00f3 sz\u00e1m\u0171zet\u00e9se ut\u00e1n vez\u00e9rkara jelent\u0151s r\u00e9sze elhagyta Franciao. -ot. Mv.-re \u00e9rkezett Br. Langlois orvos, Houchard m\u00e9rn\u00f6k \u00e9s Dupuis \u00fczletember (1820. k.). A francia eszm\u00e9k\u00e9rt mindig lelkesed\u0151 v\u00e1s\u00e1rhelyiek Mez\u0151szabad hat\u00e1r\u00e1ban fogadt\u00e1k \u0151ket, onnan Bodor P\u00e9ter \u00f6r\u00f6kmozg\u00f3 masin\u00e1ja vontatta be a v\u00e1rosba kocsijukat, \u00f3r\u00e1nk\u00e9nt 6 km sebess\u00e9ggel. Dupuis Ny\u00e1r\u00e1dszered\u00e1ban lett keresked\u0151, majd visszaj\u00f6tt Mv.-re \u00e9s a v\u00e1ros legt\u00f6bb ad\u00f3t fizet\u0151 polg\u00e1ra lett, els\u0151 virilist\u00e1ja. <br \/><strong>Irod.:<\/strong> Sipos<\/br><\/p>\n","protected":false},"excerpt":{"rendered":"<p>? \u2020\u00a0? : \u00fczletember. \u2013 Napoleon buk\u00e1sa \u00e9s Elba sziget\u00e9re val\u00f3 sz\u00e1m\u0171zet\u00e9se ut\u00e1n vez\u00e9rkara jelent\u0151s r\u00e9sze elhagyta Franciao. -ot. Mv.-re \u00e9rkezett Br. Langlois orvos, Houchard m\u00e9rn\u00f6k \u00e9s Dupuis \u00fczletember (1820. k.). A francia eszm\u00e9k\u00e9rt mindig lelkesed\u0151 v\u00e1s\u00e1rhelyiek Mez\u0151szabad hat\u00e1r\u00e1ban fogadt\u00e1k \u0151ket, onnan Bodor P\u00e9ter \u00f6r\u00f6kmozg\u00f3 masin\u00e1ja vontatta be a v\u00e1rosba kocsijukat, \u00f3r\u00e1nk\u00e9nt 6 km sebess\u00e9ggel. [&hellip;]<\/p>\n","protected":false},"featured_media":0,"comment_status":"open","ping_status":"closed","template":"","meta":[],"product_brand":[],"product_cat":[137],"product_tag":[],"class_list":{"0":"post-7160","1":"product","2":"type-product","3":"status-publish","5":"product_cat-maros-megyei-eletrajzi-lexikon","7":"first","8":"instock","9":"shipping-taxable","10":"product-type-simple"},"_links":{"self":[{"href":"https:\/\/uj.adatbank.ro\/lexikon\/wp-json\/wp\/v2\/product\/7160","targetHints":{"allow":["GET"]}}],"collection":[{"href":"https:\/\/uj.adatbank.ro\/lexikon\/wp-json\/wp\/v2\/product"}],"about":[{"href":"https:\/\/uj.adatbank.ro\/lexikon\/wp-json\/wp\/v2\/types\/product"}],"replies":[{"embeddable":true,"href":"https:\/\/uj.adatbank.ro\/lexikon\/wp-json\/wp\/v2\/comments?post=7160"}],"wp:attachment":[{"href":"https:\/\/uj.adatbank.ro\/lexikon\/wp-json\/wp\/v2\/media?parent=7160"}],"wp:term":[{"taxonomy":"product_brand","embeddable":true,"href":"https:\/\/uj.adatbank.ro\/lexikon\/wp-json\/wp\/v2\/product_brand?post=7160"},{"taxonomy":"product_cat","embeddable":true,"href":"https:\/\/uj.adatbank.ro\/lexikon\/wp-json\/wp\/v2\/product_cat?post=7160"},{"taxonomy":"product_tag","embeddable":true,"href":"https:\/\/uj.adatbank.ro\/lexikon\/wp-json\/wp\/v2\/product_tag?post=7160"}],"curies":[{"name":"wp","href":"https:\/\/api.w.org\/{rel}","templated":true}]}}