{"id":7161,"date":"2025-06-28T18:16:52","date_gmt":"2025-06-28T16:16:52","guid":{"rendered":"https:\/\/uj.adatbank.ro\/lexikon\/termek\/durr-damasus\/"},"modified":"2025-06-28T18:16:52","modified_gmt":"2025-06-28T16:16:52","slug":"durr-damasus","status":"publish","type":"product","link":"https:\/\/uj.adatbank.ro\/lexikon\/termek\/durr-damasus\/","title":{"rendered":"D\u00dcRR Damasus"},"content":{"rendered":"<p>Marosfelfalu, 1535, \u2020 Kisapold ?: \u00edr\u00f3, teol\u00f3gus. <br \/><strong>Irod.:<\/strong> LSS<\/br><\/p>\n","protected":false},"excerpt":{"rendered":"<p>Marosfelfalu, 1535, \u2020 Kisapold ?: \u00edr\u00f3, teol\u00f3gus. Irod.: LSS<\/p>\n","protected":false},"featured_media":0,"comment_status":"open","ping_status":"closed","template":"","meta":[],"product_brand":[],"product_cat":[137],"product_tag":[],"class_list":{"0":"post-7161","1":"product","2":"type-product","3":"status-publish","5":"product_cat-maros-megyei-eletrajzi-lexikon","7":"first","8":"instock","9":"shipping-taxable","10":"product-type-simple"},"_links":{"self":[{"href":"https:\/\/uj.adatbank.ro\/lexikon\/wp-json\/wp\/v2\/product\/7161","targetHints":{"allow":["GET"]}}],"collection":[{"href":"https:\/\/uj.adatbank.ro\/lexikon\/wp-json\/wp\/v2\/product"}],"about":[{"href":"https:\/\/uj.adatbank.ro\/lexikon\/wp-json\/wp\/v2\/types\/product"}],"replies":[{"embeddable":true,"href":"https:\/\/uj.adatbank.ro\/lexikon\/wp-json\/wp\/v2\/comments?post=7161"}],"wp:attachment":[{"href":"https:\/\/uj.adatbank.ro\/lexikon\/wp-json\/wp\/v2\/media?parent=7161"}],"wp:term":[{"taxonomy":"product_brand","embeddable":true,"href":"https:\/\/uj.adatbank.ro\/lexikon\/wp-json\/wp\/v2\/product_brand?post=7161"},{"taxonomy":"product_cat","embeddable":true,"href":"https:\/\/uj.adatbank.ro\/lexikon\/wp-json\/wp\/v2\/product_cat?post=7161"},{"taxonomy":"product_tag","embeddable":true,"href":"https:\/\/uj.adatbank.ro\/lexikon\/wp-json\/wp\/v2\/product_tag?post=7161"}],"curies":[{"name":"wp","href":"https:\/\/api.w.org\/{rel}","templated":true}]}}