{"id":7169,"date":"2025-06-28T18:17:12","date_gmt":"2025-06-28T16:17:12","guid":{"rendered":"https:\/\/uj.adatbank.ro\/lexikon\/termek\/dvorszki-janos\/"},"modified":"2025-06-28T18:17:12","modified_gmt":"2025-06-28T16:17:12","slug":"dvorszki-janos","status":"publish","type":"product","link":"https:\/\/uj.adatbank.ro\/lexikon\/termek\/dvorszki-janos\/","title":{"rendered":"DVORSZKI J\u00e1nos"},"content":{"rendered":"<p>Barsf\u00fcss, 1921. dec. 22., \u2020\u00a0G\u00f6rg\u00e9nyadorj\u00e1n, 1944. szept. 21.: honv\u00e9d. \u2013 Anyja Micsik Anna. \u2013 Honv\u00e9d a 27\/II. gyalog t\u00e1bori p\u00f3tz\u00e1szl\u00f3aljban. G\u00f6rg\u00e9nyadorj\u00e1nban aknatal\u00e1lat \u00e9rte. <br \/><strong>Irod.:<\/strong> Berekm\u00e9ri 2015<\/br><\/p>\n","protected":false},"excerpt":{"rendered":"<p>Barsf\u00fcss, 1921. dec. 22., \u2020\u00a0G\u00f6rg\u00e9nyadorj\u00e1n, 1944. szept. 21.: honv\u00e9d. \u2013 Anyja Micsik Anna. \u2013 Honv\u00e9d a 27\/II. gyalog t\u00e1bori p\u00f3tz\u00e1szl\u00f3aljban. G\u00f6rg\u00e9nyadorj\u00e1nban aknatal\u00e1lat \u00e9rte. Irod.: Berekm\u00e9ri 2015<\/p>\n","protected":false},"featured_media":0,"comment_status":"open","ping_status":"closed","template":"","meta":[],"product_brand":[],"product_cat":[137],"product_tag":[],"class_list":{"0":"post-7169","1":"product","2":"type-product","3":"status-publish","5":"product_cat-maros-megyei-eletrajzi-lexikon","7":"first","8":"instock","9":"shipping-taxable","10":"product-type-simple"},"_links":{"self":[{"href":"https:\/\/uj.adatbank.ro\/lexikon\/wp-json\/wp\/v2\/product\/7169","targetHints":{"allow":["GET"]}}],"collection":[{"href":"https:\/\/uj.adatbank.ro\/lexikon\/wp-json\/wp\/v2\/product"}],"about":[{"href":"https:\/\/uj.adatbank.ro\/lexikon\/wp-json\/wp\/v2\/types\/product"}],"replies":[{"embeddable":true,"href":"https:\/\/uj.adatbank.ro\/lexikon\/wp-json\/wp\/v2\/comments?post=7169"}],"wp:attachment":[{"href":"https:\/\/uj.adatbank.ro\/lexikon\/wp-json\/wp\/v2\/media?parent=7169"}],"wp:term":[{"taxonomy":"product_brand","embeddable":true,"href":"https:\/\/uj.adatbank.ro\/lexikon\/wp-json\/wp\/v2\/product_brand?post=7169"},{"taxonomy":"product_cat","embeddable":true,"href":"https:\/\/uj.adatbank.ro\/lexikon\/wp-json\/wp\/v2\/product_cat?post=7169"},{"taxonomy":"product_tag","embeddable":true,"href":"https:\/\/uj.adatbank.ro\/lexikon\/wp-json\/wp\/v2\/product_tag?post=7169"}],"curies":[{"name":"wp","href":"https:\/\/api.w.org\/{rel}","templated":true}]}}